{"id":21579,"date":"2020-05-12T10:33:03","date_gmt":"2020-05-12T09:33:03","guid":{"rendered":"https:\/\/loslobospremium.com\/product\/picual-2l\/"},"modified":"2023-03-27T16:33:49","modified_gmt":"2023-03-27T15:33:49","slug":"picual","status":"publish","type":"product","link":"https:\/\/loslobospremium.com\/fr\/produit\/picual\/","title":{"rendered":"Picual 2L"},"content":{"rendered":"<p>Nous vous pr\u00e9sentons notre huile d&#8217;olive vierge extra Picual, soigneusement \u00e9labor\u00e9e \u00e0 partir de la <strong>saison en cours<\/strong> pour vous offrir la meilleure qualit\u00e9 et la saveur la plus authentique. Notre bouteille de 2 litres est remplie d&#8217;une huile d&#8217;olive riche, <strong>fruit\u00e9e et robuste<\/strong>, refl\u00e9tant le terroir unique et les m\u00e9thodes de production traditionnelles qui font de l&#8217;huile d&#8217;olive Picual EVOO <strong>l&#8217;une des huiles les plus recherch\u00e9es au monde<\/strong>.<\/p>\n<p>D\u00e9couvrez d\u00e8s aujourd&#8217;hui la qualit\u00e9 et la saveur exceptionnelles de notre huile d&#8217;olive vierge extra Picual et \u00e9levez vos cr\u00e9ations culinaires \u00e0 de nouveaux sommets.<\/p>\n","protected":false},"excerpt":{"rendered":"<p>Notre Picual EVOO pr\u00e9sente des notes intenses d&#8217;<strong>herbe fra\u00eechement coup\u00e9e<\/strong>, de tomate et d&#8217;artichaut, avec une <strong>finale l\u00e9g\u00e8rement am\u00e8re et poivr\u00e9e<\/strong> qui ravira votre palais. Parfaite pour cuisiner, arroser et terminer vos plats pr\u00e9f\u00e9r\u00e9s, notre huile d&#8217;olive Picual est un ingr\u00e9dient essentiel dans votre cuisine. De plus, il regorge de graisses monoinsatur\u00e9es et d&#8217;antioxydants bons pour le c\u0153ur, ce qui en fait un compl\u00e9ment sain et savoureux \u00e0 votre r\u00e9gime alimentaire.<\/p>\n","protected":false},"featured_media":21375,"comment_status":"closed","ping_status":"closed","template":"","meta":[],"product_cat":[268,241],"product_tag":[249,274,272],"class_list":{"0":"post-21579","1":"product","2":"type-product","3":"status-publish","4":"has-post-thumbnail","6":"product_cat-cuisson-des-evoo","7":"product_cat-evoo-pour-vinaigrettes","8":"product_tag-amer","9":"product_tag-habillage","10":"product_tag-la-cuisine","12":"first","13":"outofstock","14":"shipping-taxable","15":"purchasable","16":"product-type-simple"},"yoast_head":"<!-- This site is optimized with the Yoast SEO plugin v21.7 - https:\/\/yoast.com\/wordpress\/plugins\/seo\/ -->\n<title>Picual 2L - Los Lobos<\/title>\n<meta name=\"description\" content=\"D\u00e9couvrez d\u00e8s aujourd&#039;hui la qualit\u00e9 et la saveur exceptionnelles de notre huile d&#039;olive vierge extra Picual et \u00e9levez vos cr\u00e9ations culinaires \u00e0 de nouveaux sommets.\" \/>\n<meta name=\"robots\" content=\"index, follow, max-snippet:-1, max-image-preview:large, max-video-preview:-1\" \/>\n<link rel=\"canonical\" href=\"https:\/\/loslobospremium.com\/fr\/produit\/picual\/\" \/>\n<meta property=\"og:locale\" content=\"fr_FR\" \/>\n<meta property=\"og:type\" content=\"article\" \/>\n<meta property=\"og:title\" content=\"Picual 2L - Los Lobos\" \/>\n<meta property=\"og:description\" content=\"D\u00e9couvrez d\u00e8s aujourd&#039;hui la qualit\u00e9 et la saveur exceptionnelles de notre huile d&#039;olive vierge extra Picual et \u00e9levez vos cr\u00e9ations culinaires \u00e0 de nouveaux sommets.\" \/>\n<meta property=\"og:url\" content=\"https:\/\/loslobospremium.com\/fr\/produit\/picual\/\" \/>\n<meta property=\"og:site_name\" content=\"Los Lobos\" \/>\n<meta property=\"article:modified_time\" content=\"2023-03-27T15:33:49+00:00\" \/>\n<meta property=\"og:image\" content=\"https:\/\/loslobospremium.com\/wp-content\/uploads\/2020\/05\/los-losbos-extra-virgin-olive-oil-2L.jpg\" \/>\n\t<meta property=\"og:image:width\" content=\"1920\" \/>\n\t<meta property=\"og:image:height\" content=\"1920\" \/>\n\t<meta property=\"og:image:type\" content=\"image\/jpeg\" \/>\n<meta name=\"twitter:card\" content=\"summary_large_image\" \/>\n<meta name=\"twitter:label1\" content=\"Dur\u00e9e de lecture estim\u00e9e\" \/>\n\t<meta name=\"twitter:data1\" content=\"1 minute\" \/>\n<script type=\"application\/ld+json\" class=\"yoast-schema-graph\">{\"@context\":\"https:\/\/schema.org\",\"@graph\":[{\"@type\":\"WebPage\",\"@id\":\"https:\/\/loslobospremium.com\/fr\/produit\/picual\/\",\"url\":\"https:\/\/loslobospremium.com\/fr\/produit\/picual\/\",\"name\":\"Picual 2L - Los Lobos\",\"isPartOf\":{\"@id\":\"https:\/\/loslobospremium.com\/fr\/#website\"},\"datePublished\":\"2020-05-12T09:33:03+00:00\",\"dateModified\":\"2023-03-27T15:33:49+00:00\",\"description\":\"D\u00e9couvrez d\u00e8s aujourd'hui la qualit\u00e9 et la saveur exceptionnelles de notre huile d'olive vierge extra Picual et \u00e9levez vos cr\u00e9ations culinaires \u00e0 de nouveaux sommets.\",\"breadcrumb\":{\"@id\":\"https:\/\/loslobospremium.com\/fr\/produit\/picual\/#breadcrumb\"},\"inLanguage\":\"fr-FR\",\"potentialAction\":[{\"@type\":\"ReadAction\",\"target\":[\"https:\/\/loslobospremium.com\/fr\/produit\/picual\/\"]}]},{\"@type\":\"BreadcrumbList\",\"@id\":\"https:\/\/loslobospremium.com\/fr\/produit\/picual\/#breadcrumb\",\"itemListElement\":[{\"@type\":\"ListItem\",\"position\":1,\"name\":\"Home\",\"item\":\"https:\/\/loslobospremium.com\/fr\/\"},{\"@type\":\"ListItem\",\"position\":2,\"name\":\"Boutique\",\"item\":\"https:\/\/loslobospremium.com\/boutique\/\"},{\"@type\":\"ListItem\",\"position\":3,\"name\":\"Picual 2L\"}]},{\"@type\":\"WebSite\",\"@id\":\"https:\/\/loslobospremium.com\/fr\/#website\",\"url\":\"https:\/\/loslobospremium.com\/fr\/\",\"name\":\"Los Lobos\",\"description\":\"Premium Quality Olive Oil\",\"publisher\":{\"@id\":\"https:\/\/loslobospremium.com\/fr\/#organization\"},\"potentialAction\":[{\"@type\":\"SearchAction\",\"target\":{\"@type\":\"EntryPoint\",\"urlTemplate\":\"https:\/\/loslobospremium.com\/fr\/?s={search_term_string}\"},\"query-input\":\"required name=search_term_string\"}],\"inLanguage\":\"fr-FR\"},{\"@type\":\"Organization\",\"@id\":\"https:\/\/loslobospremium.com\/fr\/#organization\",\"name\":\"Los Lobos Premium Olive Oil\",\"url\":\"https:\/\/loslobospremium.com\/fr\/\",\"logo\":{\"@type\":\"ImageObject\",\"inLanguage\":\"fr-FR\",\"@id\":\"https:\/\/loslobospremium.com\/fr\/#\/schema\/logo\/image\/\",\"url\":\"https:\/\/loslobospremium.com\/wp-content\/uploads\/2022\/11\/cropped-cropped-cropped-LOGO_LOS_LOBOS_V6-removebg-preview-1-e1667772859488.png\",\"contentUrl\":\"https:\/\/loslobospremium.com\/wp-content\/uploads\/2022\/11\/cropped-cropped-cropped-LOGO_LOS_LOBOS_V6-removebg-preview-1-e1667772859488.png\",\"width\":200,\"height\":159,\"caption\":\"Los Lobos Premium Olive Oil\"},\"image\":{\"@id\":\"https:\/\/loslobospremium.com\/fr\/#\/schema\/logo\/image\/\"}}]}<\/script>\n<!-- \/ Yoast SEO plugin. -->","yoast_head_json":{"title":"Picual 2L - Los Lobos","description":"D\u00e9couvrez d\u00e8s aujourd'hui la qualit\u00e9 et la saveur exceptionnelles de notre huile d'olive vierge extra Picual et \u00e9levez vos cr\u00e9ations culinaires \u00e0 de nouveaux sommets.","robots":{"index":"index","follow":"follow","max-snippet":"max-snippet:-1","max-image-preview":"max-image-preview:large","max-video-preview":"max-video-preview:-1"},"canonical":"https:\/\/loslobospremium.com\/fr\/produit\/picual\/","og_locale":"fr_FR","og_type":"article","og_title":"Picual 2L - Los Lobos","og_description":"D\u00e9couvrez d\u00e8s aujourd'hui la qualit\u00e9 et la saveur exceptionnelles de notre huile d'olive vierge extra Picual et \u00e9levez vos cr\u00e9ations culinaires \u00e0 de nouveaux sommets.","og_url":"https:\/\/loslobospremium.com\/fr\/produit\/picual\/","og_site_name":"Los Lobos","article_modified_time":"2023-03-27T15:33:49+00:00","og_image":[{"width":1920,"height":1920,"url":"https:\/\/loslobospremium.com\/wp-content\/uploads\/2020\/05\/los-losbos-extra-virgin-olive-oil-2L.jpg","type":"image\/jpeg"}],"twitter_card":"summary_large_image","twitter_misc":{"Dur\u00e9e de lecture estim\u00e9e":"1 minute"},"schema":{"@context":"https:\/\/schema.org","@graph":[{"@type":"WebPage","@id":"https:\/\/loslobospremium.com\/fr\/produit\/picual\/","url":"https:\/\/loslobospremium.com\/fr\/produit\/picual\/","name":"Picual 2L - Los Lobos","isPartOf":{"@id":"https:\/\/loslobospremium.com\/fr\/#website"},"datePublished":"2020-05-12T09:33:03+00:00","dateModified":"2023-03-27T15:33:49+00:00","description":"D\u00e9couvrez d\u00e8s aujourd'hui la qualit\u00e9 et la saveur exceptionnelles de notre huile d'olive vierge extra Picual et \u00e9levez vos cr\u00e9ations culinaires \u00e0 de nouveaux sommets.","breadcrumb":{"@id":"https:\/\/loslobospremium.com\/fr\/produit\/picual\/#breadcrumb"},"inLanguage":"fr-FR","potentialAction":[{"@type":"ReadAction","target":["https:\/\/loslobospremium.com\/fr\/produit\/picual\/"]}]},{"@type":"BreadcrumbList","@id":"https:\/\/loslobospremium.com\/fr\/produit\/picual\/#breadcrumb","itemListElement":[{"@type":"ListItem","position":1,"name":"Home","item":"https:\/\/loslobospremium.com\/fr\/"},{"@type":"ListItem","position":2,"name":"Boutique","item":"https:\/\/loslobospremium.com\/boutique\/"},{"@type":"ListItem","position":3,"name":"Picual 2L"}]},{"@type":"WebSite","@id":"https:\/\/loslobospremium.com\/fr\/#website","url":"https:\/\/loslobospremium.com\/fr\/","name":"Los Lobos","description":"Premium Quality Olive Oil","publisher":{"@id":"https:\/\/loslobospremium.com\/fr\/#organization"},"potentialAction":[{"@type":"SearchAction","target":{"@type":"EntryPoint","urlTemplate":"https:\/\/loslobospremium.com\/fr\/?s={search_term_string}"},"query-input":"required name=search_term_string"}],"inLanguage":"fr-FR"},{"@type":"Organization","@id":"https:\/\/loslobospremium.com\/fr\/#organization","name":"Los Lobos Premium Olive Oil","url":"https:\/\/loslobospremium.com\/fr\/","logo":{"@type":"ImageObject","inLanguage":"fr-FR","@id":"https:\/\/loslobospremium.com\/fr\/#\/schema\/logo\/image\/","url":"https:\/\/loslobospremium.com\/wp-content\/uploads\/2022\/11\/cropped-cropped-cropped-LOGO_LOS_LOBOS_V6-removebg-preview-1-e1667772859488.png","contentUrl":"https:\/\/loslobospremium.com\/wp-content\/uploads\/2022\/11\/cropped-cropped-cropped-LOGO_LOS_LOBOS_V6-removebg-preview-1-e1667772859488.png","width":200,"height":159,"caption":"Los Lobos Premium Olive Oil"},"image":{"@id":"https:\/\/loslobospremium.com\/fr\/#\/schema\/logo\/image\/"}}]}},"_links":{"self":[{"href":"https:\/\/loslobospremium.com\/fr\/wp-json\/wp\/v2\/product\/21579","targetHints":{"allow":["GET"]}}],"collection":[{"href":"https:\/\/loslobospremium.com\/fr\/wp-json\/wp\/v2\/product"}],"about":[{"href":"https:\/\/loslobospremium.com\/fr\/wp-json\/wp\/v2\/types\/product"}],"replies":[{"embeddable":true,"href":"https:\/\/loslobospremium.com\/fr\/wp-json\/wp\/v2\/comments?post=21579"}],"wp:featuredmedia":[{"embeddable":true,"href":"https:\/\/loslobospremium.com\/fr\/wp-json\/wp\/v2\/media\/21375"}],"wp:attachment":[{"href":"https:\/\/loslobospremium.com\/fr\/wp-json\/wp\/v2\/media?parent=21579"}],"wp:term":[{"taxonomy":"product_cat","embeddable":true,"href":"https:\/\/loslobospremium.com\/fr\/wp-json\/wp\/v2\/product_cat?post=21579"},{"taxonomy":"product_tag","embeddable":true,"href":"https:\/\/loslobospremium.com\/fr\/wp-json\/wp\/v2\/product_tag?post=21579"}],"curies":[{"name":"wp","href":"https:\/\/api.w.org\/{rel}","templated":true}]}}