{"id":21575,"date":"2020-05-12T12:03:40","date_gmt":"2020-05-12T11:03:40","guid":{"rendered":"https:\/\/loslobospremium.com\/product\/pack-premium\/"},"modified":"2025-12-25T05:34:54","modified_gmt":"2025-12-25T04:34:54","slug":"pack-premium","status":"publish","type":"product","link":"https:\/\/loslobospremium.com\/fr\/produit\/pack-premium\/","title":{"rendered":"PACK PREMIUM"},"content":{"rendered":"<p>La vari\u00e9t\u00e9 <strong>arbequina<\/strong> apporte un profil de saveur <strong>doux<\/strong> et <strong>d\u00e9licat<\/strong>, avec des notes de pomme et d&#8217;amande. La vari\u00e9t\u00e9 <strong>picual<\/strong> est connue pour sa <strong>saveur<\/strong> robuste et <strong>intense<\/strong>, avec des notes de tomate, d&#8217;artichaut et d&#8217;herbe fra\u00eechement coup\u00e9e. La vari\u00e9t\u00e9 <strong>coupage<\/strong> est un <strong>m\u00e9lange<\/strong> soigneusement \u00e9quilibr\u00e9 <strong>d&#8217;arbequina et de picual<\/strong>, ce qui donne un profil aromatique harmonieux d&#8217;intensit\u00e9 moyenne, avec un \u00e9quilibre agr\u00e9able entre l&#8217;amertume et le piquant.<\/p>\n<p>Notre pack d&#8217;huile d&#8217;olive est parfait pour les palais exigeants, id\u00e9al pour les <strong>salades<\/strong>, les plats de <strong>p\u00e2tes<\/strong>, les <strong>l\u00e9gumes<\/strong> grill\u00e9s, les <strong>marinades<\/strong>, ou simplement avec du sel dans votre <strong>pain frais<\/strong>. D\u00e9couvrez d\u00e8s aujourd&#8217;hui les riches saveurs et ar\u00f4mes de notre pack d&#8217;huile d&#8217;olive de qualit\u00e9 sup\u00e9rieure et \u00e9levez vos cr\u00e9ations culinaires \u00e0 de nouveaux sommets.<\/p>\n","protected":false},"excerpt":{"rendered":"<p>Nous vous pr\u00e9sentons notre <strong>pack d&#8217;huile d&#8217;olive exquise<\/strong>, qui comprend trois vari\u00e9t\u00e9s distinctes : <strong>arbequina, picual<\/strong> et <strong>coupage<\/strong>.  <\/p>\n<p>Chaque bouteille (8,45 oz) contient de l&#8217;huile d&#8217;olive extra vierge de <strong>premi\u00e8re<\/strong> qualit\u00e9, press\u00e9e \u00e0 froid, soigneusement \u00e9labor\u00e9e pour <strong>pr\u00e9server<\/strong> les saveurs et les ar\u00f4mes riches et fruit\u00e9s des olives.<\/p>\n","protected":false},"featured_media":21355,"comment_status":"open","ping_status":"closed","template":"","meta":[],"product_cat":[230,232],"product_tag":[],"class_list":{"0":"post-21575","1":"product","2":"type-product","3":"status-publish","4":"has-post-thumbnail","6":"product_cat-recolte-precoce","7":"product_cat-top-evoos-fr","9":"first","10":"outofstock","11":"sale","12":"shipping-taxable","13":"purchasable","14":"product-type-simple"},"yoast_head":"<!-- This site is optimized with the Yoast SEO plugin v21.7 - https:\/\/yoast.com\/wordpress\/plugins\/seo\/ -->\n<title>PACK PREMIUM - Los Lobos<\/title>\n<meta name=\"description\" content=\"Pack compos\u00e9 de 3 vari\u00e9t\u00e9s premium d&#039;EVOO : picual, arbequina et coupage. Un paquet de premi\u00e8re qualit\u00e9 issu de la premi\u00e8re r\u00e9colte, parfait pour savourer vos repas !\" \/>\n<meta name=\"robots\" content=\"index, follow, max-snippet:-1, max-image-preview:large, max-video-preview:-1\" \/>\n<link rel=\"canonical\" href=\"https:\/\/loslobospremium.com\/fr\/produit\/pack-premium\/\" \/>\n<meta property=\"og:locale\" content=\"fr_FR\" \/>\n<meta property=\"og:type\" content=\"article\" \/>\n<meta property=\"og:title\" content=\"PACK PREMIUM - Los Lobos\" \/>\n<meta property=\"og:description\" content=\"Pack compos\u00e9 de 3 vari\u00e9t\u00e9s premium d&#039;EVOO : picual, arbequina et coupage. Un paquet de premi\u00e8re qualit\u00e9 issu de la premi\u00e8re r\u00e9colte, parfait pour savourer vos repas !\" \/>\n<meta property=\"og:url\" content=\"https:\/\/loslobospremium.com\/fr\/produit\/pack-premium\/\" \/>\n<meta property=\"og:site_name\" content=\"Los Lobos\" \/>\n<meta property=\"article:modified_time\" content=\"2025-12-25T04:34:54+00:00\" \/>\n<meta property=\"og:image\" content=\"https:\/\/loslobospremium.com\/wp-content\/uploads\/2020\/05\/PREMIUM-PACK-LOS-LOBOS.png\" \/>\n\t<meta property=\"og:image:width\" content=\"1920\" \/>\n\t<meta property=\"og:image:height\" content=\"1080\" \/>\n\t<meta property=\"og:image:type\" content=\"image\/png\" \/>\n<meta name=\"twitter:card\" content=\"summary_large_image\" \/>\n<meta name=\"twitter:label1\" content=\"Dur\u00e9e de lecture estim\u00e9e\" \/>\n\t<meta name=\"twitter:data1\" content=\"1 minute\" \/>\n<script type=\"application\/ld+json\" class=\"yoast-schema-graph\">{\"@context\":\"https:\/\/schema.org\",\"@graph\":[{\"@type\":\"WebPage\",\"@id\":\"https:\/\/loslobospremium.com\/fr\/produit\/pack-premium\/\",\"url\":\"https:\/\/loslobospremium.com\/fr\/produit\/pack-premium\/\",\"name\":\"PACK PREMIUM - Los Lobos\",\"isPartOf\":{\"@id\":\"https:\/\/loslobospremium.com\/fr\/#website\"},\"datePublished\":\"2020-05-12T11:03:40+00:00\",\"dateModified\":\"2025-12-25T04:34:54+00:00\",\"description\":\"Pack compos\u00e9 de 3 vari\u00e9t\u00e9s premium d'EVOO : picual, arbequina et coupage. Un paquet de premi\u00e8re qualit\u00e9 issu de la premi\u00e8re r\u00e9colte, parfait pour savourer vos repas !\",\"breadcrumb\":{\"@id\":\"https:\/\/loslobospremium.com\/fr\/produit\/pack-premium\/#breadcrumb\"},\"inLanguage\":\"fr-FR\",\"potentialAction\":[{\"@type\":\"ReadAction\",\"target\":[\"https:\/\/loslobospremium.com\/fr\/produit\/pack-premium\/\"]}]},{\"@type\":\"BreadcrumbList\",\"@id\":\"https:\/\/loslobospremium.com\/fr\/produit\/pack-premium\/#breadcrumb\",\"itemListElement\":[{\"@type\":\"ListItem\",\"position\":1,\"name\":\"Home\",\"item\":\"https:\/\/loslobospremium.com\/fr\/\"},{\"@type\":\"ListItem\",\"position\":2,\"name\":\"Boutique\",\"item\":\"https:\/\/loslobospremium.com\/boutique\/\"},{\"@type\":\"ListItem\",\"position\":3,\"name\":\"PACK PREMIUM\"}]},{\"@type\":\"WebSite\",\"@id\":\"https:\/\/loslobospremium.com\/fr\/#website\",\"url\":\"https:\/\/loslobospremium.com\/fr\/\",\"name\":\"Los Lobos\",\"description\":\"Premium Quality Olive Oil\",\"publisher\":{\"@id\":\"https:\/\/loslobospremium.com\/fr\/#organization\"},\"potentialAction\":[{\"@type\":\"SearchAction\",\"target\":{\"@type\":\"EntryPoint\",\"urlTemplate\":\"https:\/\/loslobospremium.com\/fr\/?s={search_term_string}\"},\"query-input\":\"required name=search_term_string\"}],\"inLanguage\":\"fr-FR\"},{\"@type\":\"Organization\",\"@id\":\"https:\/\/loslobospremium.com\/fr\/#organization\",\"name\":\"Los Lobos Premium Olive Oil\",\"url\":\"https:\/\/loslobospremium.com\/fr\/\",\"logo\":{\"@type\":\"ImageObject\",\"inLanguage\":\"fr-FR\",\"@id\":\"https:\/\/loslobospremium.com\/fr\/#\/schema\/logo\/image\/\",\"url\":\"https:\/\/loslobospremium.com\/wp-content\/uploads\/2022\/11\/cropped-cropped-cropped-LOGO_LOS_LOBOS_V6-removebg-preview-1-e1667772859488.png\",\"contentUrl\":\"https:\/\/loslobospremium.com\/wp-content\/uploads\/2022\/11\/cropped-cropped-cropped-LOGO_LOS_LOBOS_V6-removebg-preview-1-e1667772859488.png\",\"width\":200,\"height\":159,\"caption\":\"Los Lobos Premium Olive Oil\"},\"image\":{\"@id\":\"https:\/\/loslobospremium.com\/fr\/#\/schema\/logo\/image\/\"}}]}<\/script>\n<!-- \/ Yoast SEO plugin. -->","yoast_head_json":{"title":"PACK PREMIUM - Los Lobos","description":"Pack compos\u00e9 de 3 vari\u00e9t\u00e9s premium d'EVOO : picual, arbequina et coupage. Un paquet de premi\u00e8re qualit\u00e9 issu de la premi\u00e8re r\u00e9colte, parfait pour savourer vos repas !","robots":{"index":"index","follow":"follow","max-snippet":"max-snippet:-1","max-image-preview":"max-image-preview:large","max-video-preview":"max-video-preview:-1"},"canonical":"https:\/\/loslobospremium.com\/fr\/produit\/pack-premium\/","og_locale":"fr_FR","og_type":"article","og_title":"PACK PREMIUM - Los Lobos","og_description":"Pack compos\u00e9 de 3 vari\u00e9t\u00e9s premium d'EVOO : picual, arbequina et coupage. Un paquet de premi\u00e8re qualit\u00e9 issu de la premi\u00e8re r\u00e9colte, parfait pour savourer vos repas !","og_url":"https:\/\/loslobospremium.com\/fr\/produit\/pack-premium\/","og_site_name":"Los Lobos","article_modified_time":"2025-12-25T04:34:54+00:00","og_image":[{"width":1920,"height":1080,"url":"https:\/\/loslobospremium.com\/wp-content\/uploads\/2020\/05\/PREMIUM-PACK-LOS-LOBOS.png","type":"image\/png"}],"twitter_card":"summary_large_image","twitter_misc":{"Dur\u00e9e de lecture estim\u00e9e":"1 minute"},"schema":{"@context":"https:\/\/schema.org","@graph":[{"@type":"WebPage","@id":"https:\/\/loslobospremium.com\/fr\/produit\/pack-premium\/","url":"https:\/\/loslobospremium.com\/fr\/produit\/pack-premium\/","name":"PACK PREMIUM - Los Lobos","isPartOf":{"@id":"https:\/\/loslobospremium.com\/fr\/#website"},"datePublished":"2020-05-12T11:03:40+00:00","dateModified":"2025-12-25T04:34:54+00:00","description":"Pack compos\u00e9 de 3 vari\u00e9t\u00e9s premium d'EVOO : picual, arbequina et coupage. Un paquet de premi\u00e8re qualit\u00e9 issu de la premi\u00e8re r\u00e9colte, parfait pour savourer vos repas !","breadcrumb":{"@id":"https:\/\/loslobospremium.com\/fr\/produit\/pack-premium\/#breadcrumb"},"inLanguage":"fr-FR","potentialAction":[{"@type":"ReadAction","target":["https:\/\/loslobospremium.com\/fr\/produit\/pack-premium\/"]}]},{"@type":"BreadcrumbList","@id":"https:\/\/loslobospremium.com\/fr\/produit\/pack-premium\/#breadcrumb","itemListElement":[{"@type":"ListItem","position":1,"name":"Home","item":"https:\/\/loslobospremium.com\/fr\/"},{"@type":"ListItem","position":2,"name":"Boutique","item":"https:\/\/loslobospremium.com\/boutique\/"},{"@type":"ListItem","position":3,"name":"PACK PREMIUM"}]},{"@type":"WebSite","@id":"https:\/\/loslobospremium.com\/fr\/#website","url":"https:\/\/loslobospremium.com\/fr\/","name":"Los Lobos","description":"Premium Quality Olive Oil","publisher":{"@id":"https:\/\/loslobospremium.com\/fr\/#organization"},"potentialAction":[{"@type":"SearchAction","target":{"@type":"EntryPoint","urlTemplate":"https:\/\/loslobospremium.com\/fr\/?s={search_term_string}"},"query-input":"required name=search_term_string"}],"inLanguage":"fr-FR"},{"@type":"Organization","@id":"https:\/\/loslobospremium.com\/fr\/#organization","name":"Los Lobos Premium Olive Oil","url":"https:\/\/loslobospremium.com\/fr\/","logo":{"@type":"ImageObject","inLanguage":"fr-FR","@id":"https:\/\/loslobospremium.com\/fr\/#\/schema\/logo\/image\/","url":"https:\/\/loslobospremium.com\/wp-content\/uploads\/2022\/11\/cropped-cropped-cropped-LOGO_LOS_LOBOS_V6-removebg-preview-1-e1667772859488.png","contentUrl":"https:\/\/loslobospremium.com\/wp-content\/uploads\/2022\/11\/cropped-cropped-cropped-LOGO_LOS_LOBOS_V6-removebg-preview-1-e1667772859488.png","width":200,"height":159,"caption":"Los Lobos Premium Olive Oil"},"image":{"@id":"https:\/\/loslobospremium.com\/fr\/#\/schema\/logo\/image\/"}}]}},"_links":{"self":[{"href":"https:\/\/loslobospremium.com\/fr\/wp-json\/wp\/v2\/product\/21575","targetHints":{"allow":["GET"]}}],"collection":[{"href":"https:\/\/loslobospremium.com\/fr\/wp-json\/wp\/v2\/product"}],"about":[{"href":"https:\/\/loslobospremium.com\/fr\/wp-json\/wp\/v2\/types\/product"}],"replies":[{"embeddable":true,"href":"https:\/\/loslobospremium.com\/fr\/wp-json\/wp\/v2\/comments?post=21575"}],"wp:featuredmedia":[{"embeddable":true,"href":"https:\/\/loslobospremium.com\/fr\/wp-json\/wp\/v2\/media\/21355"}],"wp:attachment":[{"href":"https:\/\/loslobospremium.com\/fr\/wp-json\/wp\/v2\/media?parent=21575"}],"wp:term":[{"taxonomy":"product_cat","embeddable":true,"href":"https:\/\/loslobospremium.com\/fr\/wp-json\/wp\/v2\/product_cat?post=21575"},{"taxonomy":"product_tag","embeddable":true,"href":"https:\/\/loslobospremium.com\/fr\/wp-json\/wp\/v2\/product_tag?post=21575"}],"curies":[{"name":"wp","href":"https:\/\/api.w.org\/{rel}","templated":true}]}}