{"id":21572,"date":"2020-05-12T12:21:00","date_gmt":"2020-05-12T11:21:00","guid":{"rendered":"https:\/\/loslobospremium.com\/product\/picual-1870\/"},"modified":"2025-12-25T05:34:33","modified_gmt":"2025-12-25T04:34:33","slug":"picual-1870","status":"publish","type":"product","link":"https:\/\/loslobospremium.com\/fr\/produit\/picual-1870\/","title":{"rendered":"Picual 1870"},"content":{"rendered":"<p>Notre Picual EVOO pr\u00e9sente des notes intenses d&#8217;<strong>herbe fra\u00eechement coup\u00e9e<\/strong>, de tomate et d&#8217;artichaut, avec une <strong>finale l\u00e9g\u00e8rement am\u00e8re et poivr\u00e9e<\/strong> qui ravira votre palais. Parfaite pour tremper, arroser et terminer vos plats pr\u00e9f\u00e9r\u00e9s, notre huile d&#8217;olive Picual est un ingr\u00e9dient essentiel pour toute cuisine <strong>gastronomique<\/strong>. De plus, il regorge de graisses monoinsatur\u00e9es et d&#8217;antioxydants bons pour le c\u0153ur, ce qui en fait un compl\u00e9ment sain et savoureux \u00e0 votre r\u00e9gime alimentaire.<\/p>\n","protected":false},"excerpt":{"rendered":"<p>Nous vous pr\u00e9sentons notre exquise <strong>huile d&#8217;olive vierge extra Picual<\/strong>, soigneusement \u00e9labor\u00e9e \u00e0 partir de la <strong>premi\u00e8re r\u00e9colte de la saison<\/strong> afin de vous offrir une exp\u00e9rience <strong>gustative<\/strong> de la plus haute qualit\u00e9 et de la plus grande <strong>authenticit\u00e9<\/strong>. Notre bouteille de 500 ml est remplie d&#8217;une huile d&#8217;olive riche, fruit\u00e9e et robuste, refl\u00e9tant le <em>terroir<\/em> unique et les m\u00e9thodes de production traditionnelles qui font de l&#8217;huile d&#8217;olive Picual EVOO <strong>l&#8217;une des huiles les plus recherch\u00e9es au monde<\/strong>.<\/p>\n<p>D\u00e9couvrez d\u00e8s aujourd&#8217;hui la <strong>qualit\u00e9 et la saveur exceptionnelles<\/strong> de notre huile d&#8217;olive vierge extra Picual et \u00e9levez vos cr\u00e9ations culinaires \u00e0 de nouveaux sommets.<\/p>\n","protected":false},"featured_media":21308,"comment_status":"open","ping_status":"closed","template":"","meta":[],"product_cat":[230,232],"product_tag":[246,247],"class_list":{"0":"post-21572","1":"product","2":"type-product","3":"status-publish","4":"has-post-thumbnail","6":"product_cat-recolte-precoce","7":"product_cat-top-evoos-fr","8":"product_tag-picual-fr","9":"product_tag-recolte-precoce","11":"first","12":"outofstock","13":"shipping-taxable","14":"purchasable","15":"product-type-simple"},"yoast_head":"<!-- This site is optimized with the Yoast SEO plugin v21.7 - https:\/\/yoast.com\/wordpress\/plugins\/seo\/ -->\n<title>Picual 1870 - Los Lobos<\/title>\n<meta name=\"description\" content=\"L&#039;huile d&#039;olive vierge extra Picual, soigneusement \u00e9labor\u00e9e \u00e0 partir de la premi\u00e8re r\u00e9colte de la saison, vous offre la meilleure qualit\u00e9 et la saveur la plus authentique.\" \/>\n<meta name=\"robots\" content=\"index, follow, max-snippet:-1, max-image-preview:large, max-video-preview:-1\" \/>\n<link rel=\"canonical\" href=\"https:\/\/loslobospremium.com\/fr\/produit\/picual-1870\/\" \/>\n<meta property=\"og:locale\" content=\"fr_FR\" \/>\n<meta property=\"og:type\" content=\"article\" \/>\n<meta property=\"og:title\" content=\"Picual 1870 - Los Lobos\" \/>\n<meta property=\"og:description\" content=\"L&#039;huile d&#039;olive vierge extra Picual, soigneusement \u00e9labor\u00e9e \u00e0 partir de la premi\u00e8re r\u00e9colte de la saison, vous offre la meilleure qualit\u00e9 et la saveur la plus authentique.\" \/>\n<meta property=\"og:url\" content=\"https:\/\/loslobospremium.com\/fr\/produit\/picual-1870\/\" \/>\n<meta property=\"og:site_name\" content=\"Los Lobos\" \/>\n<meta property=\"article:modified_time\" content=\"2025-12-25T04:34:33+00:00\" \/>\n<meta property=\"og:image\" content=\"https:\/\/loslobospremium.com\/wp-content\/uploads\/2020\/05\/PICUAL-1870-LOS-LOBOS.jpg\" \/>\n\t<meta property=\"og:image:width\" content=\"1920\" \/>\n\t<meta property=\"og:image:height\" content=\"1920\" \/>\n\t<meta property=\"og:image:type\" content=\"image\/jpeg\" \/>\n<meta name=\"twitter:card\" content=\"summary_large_image\" \/>\n<script type=\"application\/ld+json\" class=\"yoast-schema-graph\">{\"@context\":\"https:\/\/schema.org\",\"@graph\":[{\"@type\":\"WebPage\",\"@id\":\"https:\/\/loslobospremium.com\/fr\/produit\/picual-1870\/\",\"url\":\"https:\/\/loslobospremium.com\/fr\/produit\/picual-1870\/\",\"name\":\"Picual 1870 - Los Lobos\",\"isPartOf\":{\"@id\":\"https:\/\/loslobospremium.com\/fr\/#website\"},\"datePublished\":\"2020-05-12T11:21:00+00:00\",\"dateModified\":\"2025-12-25T04:34:33+00:00\",\"description\":\"L'huile d'olive vierge extra Picual, soigneusement \u00e9labor\u00e9e \u00e0 partir de la premi\u00e8re r\u00e9colte de la saison, vous offre la meilleure qualit\u00e9 et la saveur la plus authentique.\",\"breadcrumb\":{\"@id\":\"https:\/\/loslobospremium.com\/fr\/produit\/picual-1870\/#breadcrumb\"},\"inLanguage\":\"fr-FR\",\"potentialAction\":[{\"@type\":\"ReadAction\",\"target\":[\"https:\/\/loslobospremium.com\/fr\/produit\/picual-1870\/\"]}]},{\"@type\":\"BreadcrumbList\",\"@id\":\"https:\/\/loslobospremium.com\/fr\/produit\/picual-1870\/#breadcrumb\",\"itemListElement\":[{\"@type\":\"ListItem\",\"position\":1,\"name\":\"Home\",\"item\":\"https:\/\/loslobospremium.com\/fr\/\"},{\"@type\":\"ListItem\",\"position\":2,\"name\":\"Boutique\",\"item\":\"https:\/\/loslobospremium.com\/boutique\/\"},{\"@type\":\"ListItem\",\"position\":3,\"name\":\"Picual 1870\"}]},{\"@type\":\"WebSite\",\"@id\":\"https:\/\/loslobospremium.com\/fr\/#website\",\"url\":\"https:\/\/loslobospremium.com\/fr\/\",\"name\":\"Los Lobos\",\"description\":\"Premium Quality Olive Oil\",\"publisher\":{\"@id\":\"https:\/\/loslobospremium.com\/fr\/#organization\"},\"potentialAction\":[{\"@type\":\"SearchAction\",\"target\":{\"@type\":\"EntryPoint\",\"urlTemplate\":\"https:\/\/loslobospremium.com\/fr\/?s={search_term_string}\"},\"query-input\":\"required name=search_term_string\"}],\"inLanguage\":\"fr-FR\"},{\"@type\":\"Organization\",\"@id\":\"https:\/\/loslobospremium.com\/fr\/#organization\",\"name\":\"Los Lobos Premium Olive Oil\",\"url\":\"https:\/\/loslobospremium.com\/fr\/\",\"logo\":{\"@type\":\"ImageObject\",\"inLanguage\":\"fr-FR\",\"@id\":\"https:\/\/loslobospremium.com\/fr\/#\/schema\/logo\/image\/\",\"url\":\"https:\/\/loslobospremium.com\/wp-content\/uploads\/2022\/11\/cropped-cropped-cropped-LOGO_LOS_LOBOS_V6-removebg-preview-1-e1667772859488.png\",\"contentUrl\":\"https:\/\/loslobospremium.com\/wp-content\/uploads\/2022\/11\/cropped-cropped-cropped-LOGO_LOS_LOBOS_V6-removebg-preview-1-e1667772859488.png\",\"width\":200,\"height\":159,\"caption\":\"Los Lobos Premium Olive Oil\"},\"image\":{\"@id\":\"https:\/\/loslobospremium.com\/fr\/#\/schema\/logo\/image\/\"}}]}<\/script>\n<!-- \/ Yoast SEO plugin. -->","yoast_head_json":{"title":"Picual 1870 - Los Lobos","description":"L'huile d'olive vierge extra Picual, soigneusement \u00e9labor\u00e9e \u00e0 partir de la premi\u00e8re r\u00e9colte de la saison, vous offre la meilleure qualit\u00e9 et la saveur la plus authentique.","robots":{"index":"index","follow":"follow","max-snippet":"max-snippet:-1","max-image-preview":"max-image-preview:large","max-video-preview":"max-video-preview:-1"},"canonical":"https:\/\/loslobospremium.com\/fr\/produit\/picual-1870\/","og_locale":"fr_FR","og_type":"article","og_title":"Picual 1870 - Los Lobos","og_description":"L'huile d'olive vierge extra Picual, soigneusement \u00e9labor\u00e9e \u00e0 partir de la premi\u00e8re r\u00e9colte de la saison, vous offre la meilleure qualit\u00e9 et la saveur la plus authentique.","og_url":"https:\/\/loslobospremium.com\/fr\/produit\/picual-1870\/","og_site_name":"Los Lobos","article_modified_time":"2025-12-25T04:34:33+00:00","og_image":[{"width":1920,"height":1920,"url":"https:\/\/loslobospremium.com\/wp-content\/uploads\/2020\/05\/PICUAL-1870-LOS-LOBOS.jpg","type":"image\/jpeg"}],"twitter_card":"summary_large_image","schema":{"@context":"https:\/\/schema.org","@graph":[{"@type":"WebPage","@id":"https:\/\/loslobospremium.com\/fr\/produit\/picual-1870\/","url":"https:\/\/loslobospremium.com\/fr\/produit\/picual-1870\/","name":"Picual 1870 - Los Lobos","isPartOf":{"@id":"https:\/\/loslobospremium.com\/fr\/#website"},"datePublished":"2020-05-12T11:21:00+00:00","dateModified":"2025-12-25T04:34:33+00:00","description":"L'huile d'olive vierge extra Picual, soigneusement \u00e9labor\u00e9e \u00e0 partir de la premi\u00e8re r\u00e9colte de la saison, vous offre la meilleure qualit\u00e9 et la saveur la plus authentique.","breadcrumb":{"@id":"https:\/\/loslobospremium.com\/fr\/produit\/picual-1870\/#breadcrumb"},"inLanguage":"fr-FR","potentialAction":[{"@type":"ReadAction","target":["https:\/\/loslobospremium.com\/fr\/produit\/picual-1870\/"]}]},{"@type":"BreadcrumbList","@id":"https:\/\/loslobospremium.com\/fr\/produit\/picual-1870\/#breadcrumb","itemListElement":[{"@type":"ListItem","position":1,"name":"Home","item":"https:\/\/loslobospremium.com\/fr\/"},{"@type":"ListItem","position":2,"name":"Boutique","item":"https:\/\/loslobospremium.com\/boutique\/"},{"@type":"ListItem","position":3,"name":"Picual 1870"}]},{"@type":"WebSite","@id":"https:\/\/loslobospremium.com\/fr\/#website","url":"https:\/\/loslobospremium.com\/fr\/","name":"Los Lobos","description":"Premium Quality Olive Oil","publisher":{"@id":"https:\/\/loslobospremium.com\/fr\/#organization"},"potentialAction":[{"@type":"SearchAction","target":{"@type":"EntryPoint","urlTemplate":"https:\/\/loslobospremium.com\/fr\/?s={search_term_string}"},"query-input":"required name=search_term_string"}],"inLanguage":"fr-FR"},{"@type":"Organization","@id":"https:\/\/loslobospremium.com\/fr\/#organization","name":"Los Lobos Premium Olive Oil","url":"https:\/\/loslobospremium.com\/fr\/","logo":{"@type":"ImageObject","inLanguage":"fr-FR","@id":"https:\/\/loslobospremium.com\/fr\/#\/schema\/logo\/image\/","url":"https:\/\/loslobospremium.com\/wp-content\/uploads\/2022\/11\/cropped-cropped-cropped-LOGO_LOS_LOBOS_V6-removebg-preview-1-e1667772859488.png","contentUrl":"https:\/\/loslobospremium.com\/wp-content\/uploads\/2022\/11\/cropped-cropped-cropped-LOGO_LOS_LOBOS_V6-removebg-preview-1-e1667772859488.png","width":200,"height":159,"caption":"Los Lobos Premium Olive Oil"},"image":{"@id":"https:\/\/loslobospremium.com\/fr\/#\/schema\/logo\/image\/"}}]}},"_links":{"self":[{"href":"https:\/\/loslobospremium.com\/fr\/wp-json\/wp\/v2\/product\/21572","targetHints":{"allow":["GET"]}}],"collection":[{"href":"https:\/\/loslobospremium.com\/fr\/wp-json\/wp\/v2\/product"}],"about":[{"href":"https:\/\/loslobospremium.com\/fr\/wp-json\/wp\/v2\/types\/product"}],"replies":[{"embeddable":true,"href":"https:\/\/loslobospremium.com\/fr\/wp-json\/wp\/v2\/comments?post=21572"}],"wp:featuredmedia":[{"embeddable":true,"href":"https:\/\/loslobospremium.com\/fr\/wp-json\/wp\/v2\/media\/21308"}],"wp:attachment":[{"href":"https:\/\/loslobospremium.com\/fr\/wp-json\/wp\/v2\/media?parent=21572"}],"wp:term":[{"taxonomy":"product_cat","embeddable":true,"href":"https:\/\/loslobospremium.com\/fr\/wp-json\/wp\/v2\/product_cat?post=21572"},{"taxonomy":"product_tag","embeddable":true,"href":"https:\/\/loslobospremium.com\/fr\/wp-json\/wp\/v2\/product_tag?post=21572"}],"curies":[{"name":"wp","href":"https:\/\/api.w.org\/{rel}","templated":true}]}}