{"id":21570,"date":"2023-03-02T16:54:35","date_gmt":"2023-03-02T15:54:35","guid":{"rendered":"https:\/\/loslobospremium.com\/product\/herbes-mediterraneennes\/"},"modified":"2025-09-23T10:23:59","modified_gmt":"2025-09-23T09:23:59","slug":"herbes-mediterraneennes","status":"publish","type":"product","link":"https:\/\/loslobospremium.com\/fr\/produit\/herbes-mediterraneennes\/","title":{"rendered":"HERBES M\u00c9DITERRAN\u00c9ENNES"},"content":{"rendered":"<p>Nous vous pr\u00e9sentons notre huile d&#8217;olive vierge extra <strong>aux herbes m\u00e9diterran\u00e9ennes<\/strong>, un m\u00e9lange parfait d&#8217;huile d&#8217;olive de premi\u00e8re qualit\u00e9 infus\u00e9e avec des herbes et des \u00e9pices parfum\u00e9es. Notre bouteille de 250 ml est remplie de la meilleure huile d&#8217;olive press\u00e9e \u00e0 froid, infus\u00e9e de mani\u00e8re experte avec un d\u00e9licieux m\u00e9lange de <strong>romarin, de thym, de basilic et d&#8217;autres herbes<\/strong> pour cr\u00e9er une exp\u00e9rience gustative <strong>riche <\/strong>et <strong>savoureuse<\/strong>.<\/p>\n<p>D\u00e9couvrez d\u00e8s aujourd&#8217;hui le go\u00fbt authentique de notre huile d&#8217;olive vierge extra aux herbes m\u00e9diterran\u00e9ennes et donnez une nouvelle dimension \u00e0 vos cr\u00e9ations culinaires.<\/p>\n","protected":false},"excerpt":{"rendered":"<p>Notre <strong>huile d&#8217;olive aux herbes m\u00e9diterran\u00e9ennes<\/strong>est parfaite pour rehausser la saveur des l\u00e9gumes r\u00f4tis, des viandes grill\u00e9es, des plats de p\u00e2tes et m\u00eame comme huile de trempage pour le pain cro\u00fbt\u00e9. Il apporte une <strong>touche m\u00e9diterran\u00e9enne <\/strong>\u00e0 votre cuisine, ajoutant une saveur unique et d\u00e9licieuse \u00e0 vos repas. De plus, il est riche en graisses monoinsatur\u00e9es et en <strong>antioxydants<\/strong>, ce qui en fait un choix nutritif et savoureux pour les <strong>consommateurs soucieux de leur sant\u00e9<\/strong>.<\/p>\n","protected":false},"featured_media":21456,"comment_status":"open","ping_status":"closed","template":"","meta":[],"product_cat":[242,241],"product_tag":[],"class_list":{"0":"post-21570","1":"product","2":"type-product","3":"status-publish","4":"has-post-thumbnail","6":"product_cat-arroser-dhuile-dolive","7":"product_cat-evoo-pour-vinaigrettes","9":"first","10":"outofstock","11":"shipping-taxable","12":"purchasable","13":"product-type-simple"},"yoast_head":"<!-- This site is optimized with the Yoast SEO plugin v21.7 - https:\/\/yoast.com\/wordpress\/plugins\/seo\/ -->\n<title>HERBES M\u00c9DITERRAN\u00c9ENNES - Los Lobos<\/title>\n<meta name=\"description\" content=\"Notre huile d&#039;olive vierge extra aux herbes m\u00e9diterran\u00e9ennes est infus\u00e9e avec des herbes aromatiques pour une saveur d\u00e9licieuse qui rehausse n&#039;importe quel plat.\" \/>\n<meta name=\"robots\" content=\"index, follow, max-snippet:-1, max-image-preview:large, max-video-preview:-1\" \/>\n<link rel=\"canonical\" href=\"https:\/\/loslobospremium.com\/fr\/produit\/herbes-mediterraneennes\/\" \/>\n<meta property=\"og:locale\" content=\"fr_FR\" \/>\n<meta property=\"og:type\" content=\"article\" \/>\n<meta property=\"og:title\" content=\"HERBES M\u00c9DITERRAN\u00c9ENNES - Los Lobos\" \/>\n<meta property=\"og:description\" content=\"Notre huile d&#039;olive vierge extra aux herbes m\u00e9diterran\u00e9ennes est infus\u00e9e avec des herbes aromatiques pour une saveur d\u00e9licieuse qui rehausse n&#039;importe quel plat.\" \/>\n<meta property=\"og:url\" content=\"https:\/\/loslobospremium.com\/fr\/produit\/herbes-mediterraneennes\/\" \/>\n<meta property=\"og:site_name\" content=\"Los Lobos\" \/>\n<meta property=\"article:modified_time\" content=\"2025-09-23T09:23:59+00:00\" \/>\n<meta property=\"og:image\" content=\"https:\/\/loslobospremium.com\/wp-content\/uploads\/2023\/03\/Mediterranean-herbs-extra-virgin-olive-oil.jpg\" \/>\n\t<meta property=\"og:image:width\" content=\"1920\" \/>\n\t<meta property=\"og:image:height\" content=\"1920\" \/>\n\t<meta property=\"og:image:type\" content=\"image\/jpeg\" \/>\n<meta name=\"twitter:card\" content=\"summary_large_image\" \/>\n<meta name=\"twitter:label1\" content=\"Dur\u00e9e de lecture estim\u00e9e\" \/>\n\t<meta name=\"twitter:data1\" content=\"1 minute\" \/>\n<script type=\"application\/ld+json\" class=\"yoast-schema-graph\">{\"@context\":\"https:\/\/schema.org\",\"@graph\":[{\"@type\":\"WebPage\",\"@id\":\"https:\/\/loslobospremium.com\/fr\/produit\/herbes-mediterraneennes\/\",\"url\":\"https:\/\/loslobospremium.com\/fr\/produit\/herbes-mediterraneennes\/\",\"name\":\"HERBES M\u00c9DITERRAN\u00c9ENNES - Los Lobos\",\"isPartOf\":{\"@id\":\"https:\/\/loslobospremium.com\/fr\/#website\"},\"datePublished\":\"2023-03-02T15:54:35+00:00\",\"dateModified\":\"2025-09-23T09:23:59+00:00\",\"description\":\"Notre huile d'olive vierge extra aux herbes m\u00e9diterran\u00e9ennes est infus\u00e9e avec des herbes aromatiques pour une saveur d\u00e9licieuse qui rehausse n'importe quel plat.\",\"breadcrumb\":{\"@id\":\"https:\/\/loslobospremium.com\/fr\/produit\/herbes-mediterraneennes\/#breadcrumb\"},\"inLanguage\":\"fr-FR\",\"potentialAction\":[{\"@type\":\"ReadAction\",\"target\":[\"https:\/\/loslobospremium.com\/fr\/produit\/herbes-mediterraneennes\/\"]}]},{\"@type\":\"BreadcrumbList\",\"@id\":\"https:\/\/loslobospremium.com\/fr\/produit\/herbes-mediterraneennes\/#breadcrumb\",\"itemListElement\":[{\"@type\":\"ListItem\",\"position\":1,\"name\":\"Home\",\"item\":\"https:\/\/loslobospremium.com\/fr\/\"},{\"@type\":\"ListItem\",\"position\":2,\"name\":\"Boutique\",\"item\":\"https:\/\/loslobospremium.com\/boutique\/\"},{\"@type\":\"ListItem\",\"position\":3,\"name\":\"HERBES M\u00c9DITERRAN\u00c9ENNES\"}]},{\"@type\":\"WebSite\",\"@id\":\"https:\/\/loslobospremium.com\/fr\/#website\",\"url\":\"https:\/\/loslobospremium.com\/fr\/\",\"name\":\"Los Lobos\",\"description\":\"Premium Quality Olive Oil\",\"publisher\":{\"@id\":\"https:\/\/loslobospremium.com\/fr\/#organization\"},\"potentialAction\":[{\"@type\":\"SearchAction\",\"target\":{\"@type\":\"EntryPoint\",\"urlTemplate\":\"https:\/\/loslobospremium.com\/fr\/?s={search_term_string}\"},\"query-input\":\"required name=search_term_string\"}],\"inLanguage\":\"fr-FR\"},{\"@type\":\"Organization\",\"@id\":\"https:\/\/loslobospremium.com\/fr\/#organization\",\"name\":\"Los Lobos Premium Olive Oil\",\"url\":\"https:\/\/loslobospremium.com\/fr\/\",\"logo\":{\"@type\":\"ImageObject\",\"inLanguage\":\"fr-FR\",\"@id\":\"https:\/\/loslobospremium.com\/fr\/#\/schema\/logo\/image\/\",\"url\":\"https:\/\/loslobospremium.com\/wp-content\/uploads\/2022\/11\/cropped-cropped-cropped-LOGO_LOS_LOBOS_V6-removebg-preview-1-e1667772859488.png\",\"contentUrl\":\"https:\/\/loslobospremium.com\/wp-content\/uploads\/2022\/11\/cropped-cropped-cropped-LOGO_LOS_LOBOS_V6-removebg-preview-1-e1667772859488.png\",\"width\":200,\"height\":159,\"caption\":\"Los Lobos Premium Olive Oil\"},\"image\":{\"@id\":\"https:\/\/loslobospremium.com\/fr\/#\/schema\/logo\/image\/\"}}]}<\/script>\n<!-- \/ Yoast SEO plugin. -->","yoast_head_json":{"title":"HERBES M\u00c9DITERRAN\u00c9ENNES - Los Lobos","description":"Notre huile d'olive vierge extra aux herbes m\u00e9diterran\u00e9ennes est infus\u00e9e avec des herbes aromatiques pour une saveur d\u00e9licieuse qui rehausse n'importe quel plat.","robots":{"index":"index","follow":"follow","max-snippet":"max-snippet:-1","max-image-preview":"max-image-preview:large","max-video-preview":"max-video-preview:-1"},"canonical":"https:\/\/loslobospremium.com\/fr\/produit\/herbes-mediterraneennes\/","og_locale":"fr_FR","og_type":"article","og_title":"HERBES M\u00c9DITERRAN\u00c9ENNES - Los Lobos","og_description":"Notre huile d'olive vierge extra aux herbes m\u00e9diterran\u00e9ennes est infus\u00e9e avec des herbes aromatiques pour une saveur d\u00e9licieuse qui rehausse n'importe quel plat.","og_url":"https:\/\/loslobospremium.com\/fr\/produit\/herbes-mediterraneennes\/","og_site_name":"Los Lobos","article_modified_time":"2025-09-23T09:23:59+00:00","og_image":[{"width":1920,"height":1920,"url":"https:\/\/loslobospremium.com\/wp-content\/uploads\/2023\/03\/Mediterranean-herbs-extra-virgin-olive-oil.jpg","type":"image\/jpeg"}],"twitter_card":"summary_large_image","twitter_misc":{"Dur\u00e9e de lecture estim\u00e9e":"1 minute"},"schema":{"@context":"https:\/\/schema.org","@graph":[{"@type":"WebPage","@id":"https:\/\/loslobospremium.com\/fr\/produit\/herbes-mediterraneennes\/","url":"https:\/\/loslobospremium.com\/fr\/produit\/herbes-mediterraneennes\/","name":"HERBES M\u00c9DITERRAN\u00c9ENNES - Los Lobos","isPartOf":{"@id":"https:\/\/loslobospremium.com\/fr\/#website"},"datePublished":"2023-03-02T15:54:35+00:00","dateModified":"2025-09-23T09:23:59+00:00","description":"Notre huile d'olive vierge extra aux herbes m\u00e9diterran\u00e9ennes est infus\u00e9e avec des herbes aromatiques pour une saveur d\u00e9licieuse qui rehausse n'importe quel plat.","breadcrumb":{"@id":"https:\/\/loslobospremium.com\/fr\/produit\/herbes-mediterraneennes\/#breadcrumb"},"inLanguage":"fr-FR","potentialAction":[{"@type":"ReadAction","target":["https:\/\/loslobospremium.com\/fr\/produit\/herbes-mediterraneennes\/"]}]},{"@type":"BreadcrumbList","@id":"https:\/\/loslobospremium.com\/fr\/produit\/herbes-mediterraneennes\/#breadcrumb","itemListElement":[{"@type":"ListItem","position":1,"name":"Home","item":"https:\/\/loslobospremium.com\/fr\/"},{"@type":"ListItem","position":2,"name":"Boutique","item":"https:\/\/loslobospremium.com\/boutique\/"},{"@type":"ListItem","position":3,"name":"HERBES M\u00c9DITERRAN\u00c9ENNES"}]},{"@type":"WebSite","@id":"https:\/\/loslobospremium.com\/fr\/#website","url":"https:\/\/loslobospremium.com\/fr\/","name":"Los Lobos","description":"Premium Quality Olive Oil","publisher":{"@id":"https:\/\/loslobospremium.com\/fr\/#organization"},"potentialAction":[{"@type":"SearchAction","target":{"@type":"EntryPoint","urlTemplate":"https:\/\/loslobospremium.com\/fr\/?s={search_term_string}"},"query-input":"required name=search_term_string"}],"inLanguage":"fr-FR"},{"@type":"Organization","@id":"https:\/\/loslobospremium.com\/fr\/#organization","name":"Los Lobos Premium Olive Oil","url":"https:\/\/loslobospremium.com\/fr\/","logo":{"@type":"ImageObject","inLanguage":"fr-FR","@id":"https:\/\/loslobospremium.com\/fr\/#\/schema\/logo\/image\/","url":"https:\/\/loslobospremium.com\/wp-content\/uploads\/2022\/11\/cropped-cropped-cropped-LOGO_LOS_LOBOS_V6-removebg-preview-1-e1667772859488.png","contentUrl":"https:\/\/loslobospremium.com\/wp-content\/uploads\/2022\/11\/cropped-cropped-cropped-LOGO_LOS_LOBOS_V6-removebg-preview-1-e1667772859488.png","width":200,"height":159,"caption":"Los Lobos Premium Olive Oil"},"image":{"@id":"https:\/\/loslobospremium.com\/fr\/#\/schema\/logo\/image\/"}}]}},"_links":{"self":[{"href":"https:\/\/loslobospremium.com\/fr\/wp-json\/wp\/v2\/product\/21570","targetHints":{"allow":["GET"]}}],"collection":[{"href":"https:\/\/loslobospremium.com\/fr\/wp-json\/wp\/v2\/product"}],"about":[{"href":"https:\/\/loslobospremium.com\/fr\/wp-json\/wp\/v2\/types\/product"}],"replies":[{"embeddable":true,"href":"https:\/\/loslobospremium.com\/fr\/wp-json\/wp\/v2\/comments?post=21570"}],"wp:featuredmedia":[{"embeddable":true,"href":"https:\/\/loslobospremium.com\/fr\/wp-json\/wp\/v2\/media\/21456"}],"wp:attachment":[{"href":"https:\/\/loslobospremium.com\/fr\/wp-json\/wp\/v2\/media?parent=21570"}],"wp:term":[{"taxonomy":"product_cat","embeddable":true,"href":"https:\/\/loslobospremium.com\/fr\/wp-json\/wp\/v2\/product_cat?post=21570"},{"taxonomy":"product_tag","embeddable":true,"href":"https:\/\/loslobospremium.com\/fr\/wp-json\/wp\/v2\/product_tag?post=21570"}],"curies":[{"name":"wp","href":"https:\/\/api.w.org\/{rel}","templated":true}]}}