{"id":21565,"date":"2020-05-12T12:19:47","date_gmt":"2020-05-12T11:19:47","guid":{"rendered":"https:\/\/loslobospremium.com\/product\/arbequina-1907\/"},"modified":"2025-11-07T04:37:25","modified_gmt":"2025-11-07T03:37:25","slug":"arbequina-1907","status":"publish","type":"product","link":"https:\/\/loslobospremium.com\/fr\/produit\/arbequina-1907\/","title":{"rendered":"Arbequina 1907"},"content":{"rendered":"<p>Notre Arbequina EVOO pr\u00e9sente un profil de<strong> saveur doux et d\u00e9licat<\/strong>, avec des notes de pomme m\u00fbre, d&#8217;amande et une finale l\u00e9g\u00e8rement sucr\u00e9e. C&#8217;est le compl\u00e9ment parfait des salades, des plats de p\u00e2tes, des l\u00e9gumes grill\u00e9s et des fruits de mer, apportant une <strong>touche de sophistication <\/strong>\u00e0 tous les repas. De plus, il est riche en graisses monoinsatur\u00e9es et en antioxydants, ce qui en fait un choix nutritif et savoureux pour les consommateurs soucieux de leur sant\u00e9.<\/p>\n","protected":false},"excerpt":{"rendered":"<p>Nous vous pr\u00e9sentons notre <strong>huile d&#8217;olive extra vierge Arbequina<\/strong>, fabriqu\u00e9e \u00e0 partir de la <strong>premi\u00e8re r\u00e9colte de la saison<\/strong> pour vous offrir la saveur la plus pure et la plus authentique. Notre bouteille de 500 ml est remplie des meilleures olives Arbequina, soigneusement cueillies \u00e0 <strong>la<\/strong> main et <strong>press\u00e9es \u00e0 froid<\/strong> pour pr\u00e9server leurs d\u00e9licates <strong>notes fruit\u00e9es<\/strong>.<\/p>\n<p>D\u00e9couvrez d\u00e8s aujourd&#8217;hui la <strong>qualit\u00e9<\/strong> et la saveur in\u00e9gal\u00e9es de notre huile d&#8217;olive extra vierge Arbequina et donnez une nouvelle dimension \u00e0 vos <strong>cr\u00e9ations culinaires<\/strong>.<\/p>\n","protected":false},"featured_media":21317,"comment_status":"open","ping_status":"closed","template":"","meta":[],"product_cat":[230,232],"product_tag":[],"class_list":{"0":"post-21565","1":"product","2":"type-product","3":"status-publish","4":"has-post-thumbnail","6":"product_cat-recolte-precoce","7":"product_cat-top-evoos-fr","9":"first","10":"outofstock","11":"shipping-taxable","12":"purchasable","13":"product-type-simple"},"yoast_head":"<!-- This site is optimized with the Yoast SEO plugin v21.7 - https:\/\/yoast.com\/wordpress\/plugins\/seo\/ -->\n<title>Arbequina 1907 - Los Lobos<\/title>\n<meta name=\"description\" content=\"D\u00e9couvrez la qualit\u00e9 exceptionnelle et la saveur d\u00e9licate de notre huile d&#039;olive Arbequina EVOO de premi\u00e8re r\u00e9colte. Fabriqu\u00e9e \u00e0 partir d&#039;olives cueillies \u00e0 la main, cette huile est parfaite pour rehausser n&#039;importe quel plat.\" \/>\n<meta name=\"robots\" content=\"index, follow, max-snippet:-1, max-image-preview:large, max-video-preview:-1\" \/>\n<link rel=\"canonical\" href=\"https:\/\/loslobospremium.com\/fr\/produit\/arbequina-1907\/\" \/>\n<meta property=\"og:locale\" content=\"fr_FR\" \/>\n<meta property=\"og:type\" content=\"article\" \/>\n<meta property=\"og:title\" content=\"Arbequina 1907 - Los Lobos\" \/>\n<meta property=\"og:description\" content=\"D\u00e9couvrez la qualit\u00e9 exceptionnelle et la saveur d\u00e9licate de notre huile d&#039;olive Arbequina EVOO de premi\u00e8re r\u00e9colte. Fabriqu\u00e9e \u00e0 partir d&#039;olives cueillies \u00e0 la main, cette huile est parfaite pour rehausser n&#039;importe quel plat.\" \/>\n<meta property=\"og:url\" content=\"https:\/\/loslobospremium.com\/fr\/produit\/arbequina-1907\/\" \/>\n<meta property=\"og:site_name\" content=\"Los Lobos\" \/>\n<meta property=\"article:modified_time\" content=\"2025-11-07T03:37:25+00:00\" \/>\n<meta property=\"og:image\" content=\"https:\/\/loslobospremium.com\/wp-content\/uploads\/2020\/05\/ARBEQUINA-1907.jpg\" \/>\n\t<meta property=\"og:image:width\" content=\"1920\" \/>\n\t<meta property=\"og:image:height\" content=\"1920\" \/>\n\t<meta property=\"og:image:type\" content=\"image\/jpeg\" \/>\n<meta name=\"twitter:card\" content=\"summary_large_image\" \/>\n<script type=\"application\/ld+json\" class=\"yoast-schema-graph\">{\"@context\":\"https:\/\/schema.org\",\"@graph\":[{\"@type\":\"WebPage\",\"@id\":\"https:\/\/loslobospremium.com\/fr\/produit\/arbequina-1907\/\",\"url\":\"https:\/\/loslobospremium.com\/fr\/produit\/arbequina-1907\/\",\"name\":\"Arbequina 1907 - Los Lobos\",\"isPartOf\":{\"@id\":\"https:\/\/loslobospremium.com\/fr\/#website\"},\"datePublished\":\"2020-05-12T11:19:47+00:00\",\"dateModified\":\"2025-11-07T03:37:25+00:00\",\"description\":\"D\u00e9couvrez la qualit\u00e9 exceptionnelle et la saveur d\u00e9licate de notre huile d'olive Arbequina EVOO de premi\u00e8re r\u00e9colte. Fabriqu\u00e9e \u00e0 partir d'olives cueillies \u00e0 la main, cette huile est parfaite pour rehausser n'importe quel plat.\",\"breadcrumb\":{\"@id\":\"https:\/\/loslobospremium.com\/fr\/produit\/arbequina-1907\/#breadcrumb\"},\"inLanguage\":\"fr-FR\",\"potentialAction\":[{\"@type\":\"ReadAction\",\"target\":[\"https:\/\/loslobospremium.com\/fr\/produit\/arbequina-1907\/\"]}]},{\"@type\":\"BreadcrumbList\",\"@id\":\"https:\/\/loslobospremium.com\/fr\/produit\/arbequina-1907\/#breadcrumb\",\"itemListElement\":[{\"@type\":\"ListItem\",\"position\":1,\"name\":\"Home\",\"item\":\"https:\/\/loslobospremium.com\/fr\/\"},{\"@type\":\"ListItem\",\"position\":2,\"name\":\"Boutique\",\"item\":\"https:\/\/loslobospremium.com\/boutique\/\"},{\"@type\":\"ListItem\",\"position\":3,\"name\":\"Arbequina 1907\"}]},{\"@type\":\"WebSite\",\"@id\":\"https:\/\/loslobospremium.com\/fr\/#website\",\"url\":\"https:\/\/loslobospremium.com\/fr\/\",\"name\":\"Los Lobos\",\"description\":\"Premium Quality Olive Oil\",\"publisher\":{\"@id\":\"https:\/\/loslobospremium.com\/fr\/#organization\"},\"potentialAction\":[{\"@type\":\"SearchAction\",\"target\":{\"@type\":\"EntryPoint\",\"urlTemplate\":\"https:\/\/loslobospremium.com\/fr\/?s={search_term_string}\"},\"query-input\":\"required name=search_term_string\"}],\"inLanguage\":\"fr-FR\"},{\"@type\":\"Organization\",\"@id\":\"https:\/\/loslobospremium.com\/fr\/#organization\",\"name\":\"Los Lobos Premium Olive Oil\",\"url\":\"https:\/\/loslobospremium.com\/fr\/\",\"logo\":{\"@type\":\"ImageObject\",\"inLanguage\":\"fr-FR\",\"@id\":\"https:\/\/loslobospremium.com\/fr\/#\/schema\/logo\/image\/\",\"url\":\"https:\/\/loslobospremium.com\/wp-content\/uploads\/2022\/11\/cropped-cropped-cropped-LOGO_LOS_LOBOS_V6-removebg-preview-1-e1667772859488.png\",\"contentUrl\":\"https:\/\/loslobospremium.com\/wp-content\/uploads\/2022\/11\/cropped-cropped-cropped-LOGO_LOS_LOBOS_V6-removebg-preview-1-e1667772859488.png\",\"width\":200,\"height\":159,\"caption\":\"Los Lobos Premium Olive Oil\"},\"image\":{\"@id\":\"https:\/\/loslobospremium.com\/fr\/#\/schema\/logo\/image\/\"}}]}<\/script>\n<!-- \/ Yoast SEO plugin. -->","yoast_head_json":{"title":"Arbequina 1907 - Los Lobos","description":"D\u00e9couvrez la qualit\u00e9 exceptionnelle et la saveur d\u00e9licate de notre huile d'olive Arbequina EVOO de premi\u00e8re r\u00e9colte. Fabriqu\u00e9e \u00e0 partir d'olives cueillies \u00e0 la main, cette huile est parfaite pour rehausser n'importe quel plat.","robots":{"index":"index","follow":"follow","max-snippet":"max-snippet:-1","max-image-preview":"max-image-preview:large","max-video-preview":"max-video-preview:-1"},"canonical":"https:\/\/loslobospremium.com\/fr\/produit\/arbequina-1907\/","og_locale":"fr_FR","og_type":"article","og_title":"Arbequina 1907 - Los Lobos","og_description":"D\u00e9couvrez la qualit\u00e9 exceptionnelle et la saveur d\u00e9licate de notre huile d'olive Arbequina EVOO de premi\u00e8re r\u00e9colte. Fabriqu\u00e9e \u00e0 partir d'olives cueillies \u00e0 la main, cette huile est parfaite pour rehausser n'importe quel plat.","og_url":"https:\/\/loslobospremium.com\/fr\/produit\/arbequina-1907\/","og_site_name":"Los Lobos","article_modified_time":"2025-11-07T03:37:25+00:00","og_image":[{"width":1920,"height":1920,"url":"https:\/\/loslobospremium.com\/wp-content\/uploads\/2020\/05\/ARBEQUINA-1907.jpg","type":"image\/jpeg"}],"twitter_card":"summary_large_image","schema":{"@context":"https:\/\/schema.org","@graph":[{"@type":"WebPage","@id":"https:\/\/loslobospremium.com\/fr\/produit\/arbequina-1907\/","url":"https:\/\/loslobospremium.com\/fr\/produit\/arbequina-1907\/","name":"Arbequina 1907 - Los Lobos","isPartOf":{"@id":"https:\/\/loslobospremium.com\/fr\/#website"},"datePublished":"2020-05-12T11:19:47+00:00","dateModified":"2025-11-07T03:37:25+00:00","description":"D\u00e9couvrez la qualit\u00e9 exceptionnelle et la saveur d\u00e9licate de notre huile d'olive Arbequina EVOO de premi\u00e8re r\u00e9colte. Fabriqu\u00e9e \u00e0 partir d'olives cueillies \u00e0 la main, cette huile est parfaite pour rehausser n'importe quel plat.","breadcrumb":{"@id":"https:\/\/loslobospremium.com\/fr\/produit\/arbequina-1907\/#breadcrumb"},"inLanguage":"fr-FR","potentialAction":[{"@type":"ReadAction","target":["https:\/\/loslobospremium.com\/fr\/produit\/arbequina-1907\/"]}]},{"@type":"BreadcrumbList","@id":"https:\/\/loslobospremium.com\/fr\/produit\/arbequina-1907\/#breadcrumb","itemListElement":[{"@type":"ListItem","position":1,"name":"Home","item":"https:\/\/loslobospremium.com\/fr\/"},{"@type":"ListItem","position":2,"name":"Boutique","item":"https:\/\/loslobospremium.com\/boutique\/"},{"@type":"ListItem","position":3,"name":"Arbequina 1907"}]},{"@type":"WebSite","@id":"https:\/\/loslobospremium.com\/fr\/#website","url":"https:\/\/loslobospremium.com\/fr\/","name":"Los Lobos","description":"Premium Quality Olive Oil","publisher":{"@id":"https:\/\/loslobospremium.com\/fr\/#organization"},"potentialAction":[{"@type":"SearchAction","target":{"@type":"EntryPoint","urlTemplate":"https:\/\/loslobospremium.com\/fr\/?s={search_term_string}"},"query-input":"required name=search_term_string"}],"inLanguage":"fr-FR"},{"@type":"Organization","@id":"https:\/\/loslobospremium.com\/fr\/#organization","name":"Los Lobos Premium Olive Oil","url":"https:\/\/loslobospremium.com\/fr\/","logo":{"@type":"ImageObject","inLanguage":"fr-FR","@id":"https:\/\/loslobospremium.com\/fr\/#\/schema\/logo\/image\/","url":"https:\/\/loslobospremium.com\/wp-content\/uploads\/2022\/11\/cropped-cropped-cropped-LOGO_LOS_LOBOS_V6-removebg-preview-1-e1667772859488.png","contentUrl":"https:\/\/loslobospremium.com\/wp-content\/uploads\/2022\/11\/cropped-cropped-cropped-LOGO_LOS_LOBOS_V6-removebg-preview-1-e1667772859488.png","width":200,"height":159,"caption":"Los Lobos Premium Olive Oil"},"image":{"@id":"https:\/\/loslobospremium.com\/fr\/#\/schema\/logo\/image\/"}}]}},"_links":{"self":[{"href":"https:\/\/loslobospremium.com\/fr\/wp-json\/wp\/v2\/product\/21565","targetHints":{"allow":["GET"]}}],"collection":[{"href":"https:\/\/loslobospremium.com\/fr\/wp-json\/wp\/v2\/product"}],"about":[{"href":"https:\/\/loslobospremium.com\/fr\/wp-json\/wp\/v2\/types\/product"}],"replies":[{"embeddable":true,"href":"https:\/\/loslobospremium.com\/fr\/wp-json\/wp\/v2\/comments?post=21565"}],"wp:featuredmedia":[{"embeddable":true,"href":"https:\/\/loslobospremium.com\/fr\/wp-json\/wp\/v2\/media\/21317"}],"wp:attachment":[{"href":"https:\/\/loslobospremium.com\/fr\/wp-json\/wp\/v2\/media?parent=21565"}],"wp:term":[{"taxonomy":"product_cat","embeddable":true,"href":"https:\/\/loslobospremium.com\/fr\/wp-json\/wp\/v2\/product_cat?post=21565"},{"taxonomy":"product_tag","embeddable":true,"href":"https:\/\/loslobospremium.com\/fr\/wp-json\/wp\/v2\/product_tag?post=21565"}],"curies":[{"name":"wp","href":"https:\/\/api.w.org\/{rel}","templated":true}]}}