{"id":21564,"date":"2023-03-02T13:21:22","date_gmt":"2023-03-02T12:21:22","guid":{"rendered":"https:\/\/loslobospremium.com\/product\/truffe-noire-evoo\/"},"modified":"2025-12-25T05:34:14","modified_gmt":"2025-12-25T04:34:14","slug":"noir-truffle-evoo","status":"publish","type":"product","link":"https:\/\/loslobospremium.com\/fr\/produit\/noir-truffle-evoo\/","title":{"rendered":"TRUFFE NOIRE EVOO"},"content":{"rendered":"<p>Laissez-vous tenter par la saveur exquise de notre<strong> huile d&#8217;olive vierge extra \u00e0 la truffe noire<\/strong>, un m\u00e9lange unique d&#8217;huile d&#8217;olive de premi\u00e8re qualit\u00e9 et de truffes noires aromatiques. Notre bouteille de 250 ml est remplie de la meilleure huile d&#8217;olive press\u00e9e \u00e0 froid, infus\u00e9e avec l&#8217;<strong>ar\u00f4me<\/strong> et la saveur <strong>intenses<\/strong> des truffes noires, cr\u00e9ant une exp\u00e9rience gustative riche et d\u00e9cadente.<\/p>\n<p>D\u00e9couvrez le <strong>go\u00fbt irr\u00e9sistible<\/strong> de notre huile d&#8217;olive vierge extra \u00e0 la truffe noire et donnez une nouvelle dimension \u00e0 vos cr\u00e9ations culinaires.<\/p>\n","protected":false},"excerpt":{"rendered":"<p>Notre huile d&#8217;olive \u00e0 la truffe noire est parfaite pour <strong>arroser<\/strong> les plats de p\u00e2tes, les viandes grill\u00e9es et les l\u00e9gumes r\u00f4tis, ou comme huile de trempage pour le pain cro\u00fbt\u00e9. Il ajoute une <strong>touche de luxe<\/strong> \u00e0 tout repas et \u00e9l\u00e8ve la saveur \u00e0 de nouveaux sommets. En outre, il regorge de graisses monoinsatur\u00e9es et d&#8217;antioxydants, ce qui en fait un choix nutritif et <strong>d\u00e9licieux<\/strong> pour les consommateurs soucieux de leur sant\u00e9.<\/p>\n","protected":false},"featured_media":21447,"comment_status":"open","ping_status":"closed","template":"","meta":[],"product_cat":[228],"product_tag":[],"class_list":{"0":"post-21564","1":"product","2":"type-product","3":"status-publish","4":"has-post-thumbnail","6":"product_cat-non-classe","8":"first","9":"outofstock","10":"shipping-taxable","11":"purchasable","12":"product-type-simple"},"yoast_head":"<!-- This site is optimized with the Yoast SEO plugin v21.7 - https:\/\/yoast.com\/wordpress\/plugins\/seo\/ -->\n<title>TRUFFE NOIRE EVOO - Los Lobos<\/title>\n<meta name=\"description\" content=\"D\u00e9couvrez la saveur indulgente de notre EVOO \u00e0 la truffe noire, infus\u00e9e avec de l&#039;huile d&#039;olive de premi\u00e8re qualit\u00e9 et des truffes noires aromatiques. Parfait pour ajouter du luxe \u00e0 n&#039;importe quel repas\" \/>\n<meta name=\"robots\" content=\"index, follow, max-snippet:-1, max-image-preview:large, max-video-preview:-1\" \/>\n<link rel=\"canonical\" href=\"https:\/\/loslobospremium.com\/fr\/produit\/noir-truffle-evoo\/\" \/>\n<meta property=\"og:locale\" content=\"fr_FR\" \/>\n<meta property=\"og:type\" content=\"article\" \/>\n<meta property=\"og:title\" content=\"TRUFFE NOIRE EVOO - Los Lobos\" \/>\n<meta property=\"og:description\" content=\"D\u00e9couvrez la saveur indulgente de notre EVOO \u00e0 la truffe noire, infus\u00e9e avec de l&#039;huile d&#039;olive de premi\u00e8re qualit\u00e9 et des truffes noires aromatiques. Parfait pour ajouter du luxe \u00e0 n&#039;importe quel repas\" \/>\n<meta property=\"og:url\" content=\"https:\/\/loslobospremium.com\/fr\/produit\/noir-truffle-evoo\/\" \/>\n<meta property=\"og:site_name\" content=\"Los Lobos\" \/>\n<meta property=\"article:modified_time\" content=\"2025-12-25T04:34:14+00:00\" \/>\n<meta property=\"og:image\" content=\"https:\/\/loslobospremium.com\/wp-content\/uploads\/2023\/03\/LOS-LOBOS-BLACK-TRUFFLE-EVOO-OLIVE-OIL.jpg\" \/>\n\t<meta property=\"og:image:width\" content=\"1920\" \/>\n\t<meta property=\"og:image:height\" content=\"1920\" \/>\n\t<meta property=\"og:image:type\" content=\"image\/jpeg\" \/>\n<meta name=\"twitter:card\" content=\"summary_large_image\" \/>\n<script type=\"application\/ld+json\" class=\"yoast-schema-graph\">{\"@context\":\"https:\/\/schema.org\",\"@graph\":[{\"@type\":\"WebPage\",\"@id\":\"https:\/\/loslobospremium.com\/fr\/produit\/noir-truffle-evoo\/\",\"url\":\"https:\/\/loslobospremium.com\/fr\/produit\/noir-truffle-evoo\/\",\"name\":\"TRUFFE NOIRE EVOO - Los Lobos\",\"isPartOf\":{\"@id\":\"https:\/\/loslobospremium.com\/fr\/#website\"},\"datePublished\":\"2023-03-02T12:21:22+00:00\",\"dateModified\":\"2025-12-25T04:34:14+00:00\",\"description\":\"D\u00e9couvrez la saveur indulgente de notre EVOO \u00e0 la truffe noire, infus\u00e9e avec de l'huile d'olive de premi\u00e8re qualit\u00e9 et des truffes noires aromatiques. Parfait pour ajouter du luxe \u00e0 n'importe quel repas\",\"breadcrumb\":{\"@id\":\"https:\/\/loslobospremium.com\/fr\/produit\/noir-truffle-evoo\/#breadcrumb\"},\"inLanguage\":\"fr-FR\",\"potentialAction\":[{\"@type\":\"ReadAction\",\"target\":[\"https:\/\/loslobospremium.com\/fr\/produit\/noir-truffle-evoo\/\"]}]},{\"@type\":\"BreadcrumbList\",\"@id\":\"https:\/\/loslobospremium.com\/fr\/produit\/noir-truffle-evoo\/#breadcrumb\",\"itemListElement\":[{\"@type\":\"ListItem\",\"position\":1,\"name\":\"Home\",\"item\":\"https:\/\/loslobospremium.com\/fr\/\"},{\"@type\":\"ListItem\",\"position\":2,\"name\":\"Boutique\",\"item\":\"https:\/\/loslobospremium.com\/boutique\/\"},{\"@type\":\"ListItem\",\"position\":3,\"name\":\"TRUFFE NOIRE EVOO\"}]},{\"@type\":\"WebSite\",\"@id\":\"https:\/\/loslobospremium.com\/fr\/#website\",\"url\":\"https:\/\/loslobospremium.com\/fr\/\",\"name\":\"Los Lobos\",\"description\":\"Premium Quality Olive Oil\",\"publisher\":{\"@id\":\"https:\/\/loslobospremium.com\/fr\/#organization\"},\"potentialAction\":[{\"@type\":\"SearchAction\",\"target\":{\"@type\":\"EntryPoint\",\"urlTemplate\":\"https:\/\/loslobospremium.com\/fr\/?s={search_term_string}\"},\"query-input\":\"required name=search_term_string\"}],\"inLanguage\":\"fr-FR\"},{\"@type\":\"Organization\",\"@id\":\"https:\/\/loslobospremium.com\/fr\/#organization\",\"name\":\"Los Lobos Premium Olive Oil\",\"url\":\"https:\/\/loslobospremium.com\/fr\/\",\"logo\":{\"@type\":\"ImageObject\",\"inLanguage\":\"fr-FR\",\"@id\":\"https:\/\/loslobospremium.com\/fr\/#\/schema\/logo\/image\/\",\"url\":\"https:\/\/loslobospremium.com\/wp-content\/uploads\/2022\/11\/cropped-cropped-cropped-LOGO_LOS_LOBOS_V6-removebg-preview-1-e1667772859488.png\",\"contentUrl\":\"https:\/\/loslobospremium.com\/wp-content\/uploads\/2022\/11\/cropped-cropped-cropped-LOGO_LOS_LOBOS_V6-removebg-preview-1-e1667772859488.png\",\"width\":200,\"height\":159,\"caption\":\"Los Lobos Premium Olive Oil\"},\"image\":{\"@id\":\"https:\/\/loslobospremium.com\/fr\/#\/schema\/logo\/image\/\"}}]}<\/script>\n<!-- \/ Yoast SEO plugin. -->","yoast_head_json":{"title":"TRUFFE NOIRE EVOO - Los Lobos","description":"D\u00e9couvrez la saveur indulgente de notre EVOO \u00e0 la truffe noire, infus\u00e9e avec de l'huile d'olive de premi\u00e8re qualit\u00e9 et des truffes noires aromatiques. Parfait pour ajouter du luxe \u00e0 n'importe quel repas","robots":{"index":"index","follow":"follow","max-snippet":"max-snippet:-1","max-image-preview":"max-image-preview:large","max-video-preview":"max-video-preview:-1"},"canonical":"https:\/\/loslobospremium.com\/fr\/produit\/noir-truffle-evoo\/","og_locale":"fr_FR","og_type":"article","og_title":"TRUFFE NOIRE EVOO - Los Lobos","og_description":"D\u00e9couvrez la saveur indulgente de notre EVOO \u00e0 la truffe noire, infus\u00e9e avec de l'huile d'olive de premi\u00e8re qualit\u00e9 et des truffes noires aromatiques. Parfait pour ajouter du luxe \u00e0 n'importe quel repas","og_url":"https:\/\/loslobospremium.com\/fr\/produit\/noir-truffle-evoo\/","og_site_name":"Los Lobos","article_modified_time":"2025-12-25T04:34:14+00:00","og_image":[{"width":1920,"height":1920,"url":"https:\/\/loslobospremium.com\/wp-content\/uploads\/2023\/03\/LOS-LOBOS-BLACK-TRUFFLE-EVOO-OLIVE-OIL.jpg","type":"image\/jpeg"}],"twitter_card":"summary_large_image","schema":{"@context":"https:\/\/schema.org","@graph":[{"@type":"WebPage","@id":"https:\/\/loslobospremium.com\/fr\/produit\/noir-truffle-evoo\/","url":"https:\/\/loslobospremium.com\/fr\/produit\/noir-truffle-evoo\/","name":"TRUFFE NOIRE EVOO - Los Lobos","isPartOf":{"@id":"https:\/\/loslobospremium.com\/fr\/#website"},"datePublished":"2023-03-02T12:21:22+00:00","dateModified":"2025-12-25T04:34:14+00:00","description":"D\u00e9couvrez la saveur indulgente de notre EVOO \u00e0 la truffe noire, infus\u00e9e avec de l'huile d'olive de premi\u00e8re qualit\u00e9 et des truffes noires aromatiques. Parfait pour ajouter du luxe \u00e0 n'importe quel repas","breadcrumb":{"@id":"https:\/\/loslobospremium.com\/fr\/produit\/noir-truffle-evoo\/#breadcrumb"},"inLanguage":"fr-FR","potentialAction":[{"@type":"ReadAction","target":["https:\/\/loslobospremium.com\/fr\/produit\/noir-truffle-evoo\/"]}]},{"@type":"BreadcrumbList","@id":"https:\/\/loslobospremium.com\/fr\/produit\/noir-truffle-evoo\/#breadcrumb","itemListElement":[{"@type":"ListItem","position":1,"name":"Home","item":"https:\/\/loslobospremium.com\/fr\/"},{"@type":"ListItem","position":2,"name":"Boutique","item":"https:\/\/loslobospremium.com\/boutique\/"},{"@type":"ListItem","position":3,"name":"TRUFFE NOIRE EVOO"}]},{"@type":"WebSite","@id":"https:\/\/loslobospremium.com\/fr\/#website","url":"https:\/\/loslobospremium.com\/fr\/","name":"Los Lobos","description":"Premium Quality Olive Oil","publisher":{"@id":"https:\/\/loslobospremium.com\/fr\/#organization"},"potentialAction":[{"@type":"SearchAction","target":{"@type":"EntryPoint","urlTemplate":"https:\/\/loslobospremium.com\/fr\/?s={search_term_string}"},"query-input":"required name=search_term_string"}],"inLanguage":"fr-FR"},{"@type":"Organization","@id":"https:\/\/loslobospremium.com\/fr\/#organization","name":"Los Lobos Premium Olive Oil","url":"https:\/\/loslobospremium.com\/fr\/","logo":{"@type":"ImageObject","inLanguage":"fr-FR","@id":"https:\/\/loslobospremium.com\/fr\/#\/schema\/logo\/image\/","url":"https:\/\/loslobospremium.com\/wp-content\/uploads\/2022\/11\/cropped-cropped-cropped-LOGO_LOS_LOBOS_V6-removebg-preview-1-e1667772859488.png","contentUrl":"https:\/\/loslobospremium.com\/wp-content\/uploads\/2022\/11\/cropped-cropped-cropped-LOGO_LOS_LOBOS_V6-removebg-preview-1-e1667772859488.png","width":200,"height":159,"caption":"Los Lobos Premium Olive Oil"},"image":{"@id":"https:\/\/loslobospremium.com\/fr\/#\/schema\/logo\/image\/"}}]}},"_links":{"self":[{"href":"https:\/\/loslobospremium.com\/fr\/wp-json\/wp\/v2\/product\/21564","targetHints":{"allow":["GET"]}}],"collection":[{"href":"https:\/\/loslobospremium.com\/fr\/wp-json\/wp\/v2\/product"}],"about":[{"href":"https:\/\/loslobospremium.com\/fr\/wp-json\/wp\/v2\/types\/product"}],"replies":[{"embeddable":true,"href":"https:\/\/loslobospremium.com\/fr\/wp-json\/wp\/v2\/comments?post=21564"}],"wp:featuredmedia":[{"embeddable":true,"href":"https:\/\/loslobospremium.com\/fr\/wp-json\/wp\/v2\/media\/21447"}],"wp:attachment":[{"href":"https:\/\/loslobospremium.com\/fr\/wp-json\/wp\/v2\/media?parent=21564"}],"wp:term":[{"taxonomy":"product_cat","embeddable":true,"href":"https:\/\/loslobospremium.com\/fr\/wp-json\/wp\/v2\/product_cat?post=21564"},{"taxonomy":"product_tag","embeddable":true,"href":"https:\/\/loslobospremium.com\/fr\/wp-json\/wp\/v2\/product_tag?post=21564"}],"curies":[{"name":"wp","href":"https:\/\/api.w.org\/{rel}","templated":true}]}}