{"id":21580,"date":"2020-05-12T10:33:03","date_gmt":"2020-05-12T09:33:03","guid":{"rendered":"https:\/\/loslobospremium.com\/product\/picual-2l\/"},"modified":"2023-03-27T16:33:49","modified_gmt":"2023-03-27T15:33:49","slug":"picual","status":"publish","type":"product","link":"https:\/\/loslobospremium.com\/es\/producto\/picual\/","title":{"rendered":"Picual 2L"},"content":{"rendered":"<p>Presentamos nuestro Aceite de Oliva Virgen Extra Picual, cuidadosamente elaborado a partir de la <strong>temporada actual<\/strong> para ofrecerle la m\u00e1s alta calidad y la experiencia de sabor m\u00e1s aut\u00e9ntica. Nuestra botella de 2 litros est\u00e1 llena de un aceite de oliva rico, <strong>afrutado y robusto<\/strong>, que refleja el terru\u00f1o \u00fanico y los m\u00e9todos tradicionales de producci\u00f3n que hacen del AOVE Picual uno de los <strong>aceites m\u00e1s codiciados del mundo<\/strong>.<\/p>\n<p>Experimente hoy mismo la excepcional calidad y sabor de nuestro Aceite de Oliva Virgen Extra Picual y eleve sus creaciones culinarias a nuevas cotas.<\/p>\n","protected":false},"excerpt":{"rendered":"<p>Nuestro AOVE Picual presenta intensas notas de <strong>hierba reci\u00e9n cortada<\/strong>, tomate y alcachofa, con un <strong>final ligeramente amargo y picante<\/strong> que deleitar\u00e1 su paladar. Perfecto para cocinar, rociar y dar el toque final a sus platos favoritos, nuestro AOVE Picual es un ingrediente esencial en su cocina. Adem\u00e1s, est\u00e1 repleto de grasas monoinsaturadas cardiosaludables y antioxidantes, lo que lo convierte en un complemento sano y sabroso de su dieta.<\/p>\n","protected":false},"featured_media":21377,"comment_status":"closed","ping_status":"closed","template":"","meta":[],"product_cat":[235,269],"product_tag":[275,261,273],"class_list":{"0":"post-21580","1":"product","2":"type-product","3":"status-publish","4":"has-post-thumbnail","6":"product_cat-aoves-de-aderezo","7":"product_cat-aoves-para-cocinar","8":"product_tag-aderezo","9":"product_tag-amargo","10":"product_tag-cocinar","12":"first","13":"outofstock","14":"shipping-taxable","15":"purchasable","16":"product-type-simple"},"yoast_head":"<!-- This site is optimized with the Yoast SEO plugin v21.7 - https:\/\/yoast.com\/wordpress\/plugins\/seo\/ -->\n<title>Picual 2L - Los Lobos<\/title>\n<meta name=\"description\" content=\"Experimente hoy mismo la excepcional calidad y sabor de nuestro Aceite de Oliva Virgen Extra Picual y eleve sus creaciones culinarias a nuevas cotas.\" \/>\n<meta name=\"robots\" content=\"index, follow, max-snippet:-1, max-image-preview:large, max-video-preview:-1\" \/>\n<link rel=\"canonical\" href=\"https:\/\/loslobospremium.com\/es\/producto\/picual\/\" \/>\n<meta property=\"og:locale\" content=\"es_ES\" \/>\n<meta property=\"og:type\" content=\"article\" \/>\n<meta property=\"og:title\" content=\"Picual 2L - Los Lobos\" \/>\n<meta property=\"og:description\" content=\"Experimente hoy mismo la excepcional calidad y sabor de nuestro Aceite de Oliva Virgen Extra Picual y eleve sus creaciones culinarias a nuevas cotas.\" \/>\n<meta property=\"og:url\" content=\"https:\/\/loslobospremium.com\/es\/producto\/picual\/\" \/>\n<meta property=\"og:site_name\" content=\"Los Lobos\" \/>\n<meta property=\"article:modified_time\" content=\"2023-03-27T15:33:49+00:00\" \/>\n<meta property=\"og:image\" content=\"https:\/\/loslobospremium.com\/wp-content\/uploads\/2020\/05\/los-losbos-extra-virgin-olive-oil-2L.jpg\" \/>\n\t<meta property=\"og:image:width\" content=\"1920\" \/>\n\t<meta property=\"og:image:height\" content=\"1920\" \/>\n\t<meta property=\"og:image:type\" content=\"image\/jpeg\" \/>\n<meta name=\"twitter:card\" content=\"summary_large_image\" \/>\n<script type=\"application\/ld+json\" class=\"yoast-schema-graph\">{\"@context\":\"https:\/\/schema.org\",\"@graph\":[{\"@type\":\"WebPage\",\"@id\":\"https:\/\/loslobospremium.com\/es\/producto\/picual\/\",\"url\":\"https:\/\/loslobospremium.com\/es\/producto\/picual\/\",\"name\":\"Picual 2L - Los Lobos\",\"isPartOf\":{\"@id\":\"https:\/\/loslobospremium.com\/es\/#website\"},\"datePublished\":\"2020-05-12T09:33:03+00:00\",\"dateModified\":\"2023-03-27T15:33:49+00:00\",\"description\":\"Experimente hoy mismo la excepcional calidad y sabor de nuestro Aceite de Oliva Virgen Extra Picual y eleve sus creaciones culinarias a nuevas cotas.\",\"breadcrumb\":{\"@id\":\"https:\/\/loslobospremium.com\/es\/producto\/picual\/#breadcrumb\"},\"inLanguage\":\"es\",\"potentialAction\":[{\"@type\":\"ReadAction\",\"target\":[\"https:\/\/loslobospremium.com\/es\/producto\/picual\/\"]}]},{\"@type\":\"BreadcrumbList\",\"@id\":\"https:\/\/loslobospremium.com\/es\/producto\/picual\/#breadcrumb\",\"itemListElement\":[{\"@type\":\"ListItem\",\"position\":1,\"name\":\"Home\",\"item\":\"https:\/\/loslobospremium.com\/es\/\"},{\"@type\":\"ListItem\",\"position\":2,\"name\":\"Tienda\",\"item\":\"https:\/\/loslobospremium.com\/tienda\/\"},{\"@type\":\"ListItem\",\"position\":3,\"name\":\"Picual 2L\"}]},{\"@type\":\"WebSite\",\"@id\":\"https:\/\/loslobospremium.com\/es\/#website\",\"url\":\"https:\/\/loslobospremium.com\/es\/\",\"name\":\"Los Lobos\",\"description\":\"Premium Quality Olive Oil\",\"publisher\":{\"@id\":\"https:\/\/loslobospremium.com\/es\/#organization\"},\"potentialAction\":[{\"@type\":\"SearchAction\",\"target\":{\"@type\":\"EntryPoint\",\"urlTemplate\":\"https:\/\/loslobospremium.com\/es\/?s={search_term_string}\"},\"query-input\":\"required name=search_term_string\"}],\"inLanguage\":\"es\"},{\"@type\":\"Organization\",\"@id\":\"https:\/\/loslobospremium.com\/es\/#organization\",\"name\":\"Los Lobos Premium Olive Oil\",\"url\":\"https:\/\/loslobospremium.com\/es\/\",\"logo\":{\"@type\":\"ImageObject\",\"inLanguage\":\"es\",\"@id\":\"https:\/\/loslobospremium.com\/es\/#\/schema\/logo\/image\/\",\"url\":\"https:\/\/loslobospremium.com\/wp-content\/uploads\/2022\/11\/cropped-cropped-cropped-LOGO_LOS_LOBOS_V6-removebg-preview-1-e1667772859488.png\",\"contentUrl\":\"https:\/\/loslobospremium.com\/wp-content\/uploads\/2022\/11\/cropped-cropped-cropped-LOGO_LOS_LOBOS_V6-removebg-preview-1-e1667772859488.png\",\"width\":200,\"height\":159,\"caption\":\"Los Lobos Premium Olive Oil\"},\"image\":{\"@id\":\"https:\/\/loslobospremium.com\/es\/#\/schema\/logo\/image\/\"}}]}<\/script>\n<!-- \/ Yoast SEO plugin. -->","yoast_head_json":{"title":"Picual 2L - Los Lobos","description":"Experimente hoy mismo la excepcional calidad y sabor de nuestro Aceite de Oliva Virgen Extra Picual y eleve sus creaciones culinarias a nuevas cotas.","robots":{"index":"index","follow":"follow","max-snippet":"max-snippet:-1","max-image-preview":"max-image-preview:large","max-video-preview":"max-video-preview:-1"},"canonical":"https:\/\/loslobospremium.com\/es\/producto\/picual\/","og_locale":"es_ES","og_type":"article","og_title":"Picual 2L - Los Lobos","og_description":"Experimente hoy mismo la excepcional calidad y sabor de nuestro Aceite de Oliva Virgen Extra Picual y eleve sus creaciones culinarias a nuevas cotas.","og_url":"https:\/\/loslobospremium.com\/es\/producto\/picual\/","og_site_name":"Los Lobos","article_modified_time":"2023-03-27T15:33:49+00:00","og_image":[{"width":1920,"height":1920,"url":"https:\/\/loslobospremium.com\/wp-content\/uploads\/2020\/05\/los-losbos-extra-virgin-olive-oil-2L.jpg","type":"image\/jpeg"}],"twitter_card":"summary_large_image","schema":{"@context":"https:\/\/schema.org","@graph":[{"@type":"WebPage","@id":"https:\/\/loslobospremium.com\/es\/producto\/picual\/","url":"https:\/\/loslobospremium.com\/es\/producto\/picual\/","name":"Picual 2L - Los Lobos","isPartOf":{"@id":"https:\/\/loslobospremium.com\/es\/#website"},"datePublished":"2020-05-12T09:33:03+00:00","dateModified":"2023-03-27T15:33:49+00:00","description":"Experimente hoy mismo la excepcional calidad y sabor de nuestro Aceite de Oliva Virgen Extra Picual y eleve sus creaciones culinarias a nuevas cotas.","breadcrumb":{"@id":"https:\/\/loslobospremium.com\/es\/producto\/picual\/#breadcrumb"},"inLanguage":"es","potentialAction":[{"@type":"ReadAction","target":["https:\/\/loslobospremium.com\/es\/producto\/picual\/"]}]},{"@type":"BreadcrumbList","@id":"https:\/\/loslobospremium.com\/es\/producto\/picual\/#breadcrumb","itemListElement":[{"@type":"ListItem","position":1,"name":"Home","item":"https:\/\/loslobospremium.com\/es\/"},{"@type":"ListItem","position":2,"name":"Tienda","item":"https:\/\/loslobospremium.com\/tienda\/"},{"@type":"ListItem","position":3,"name":"Picual 2L"}]},{"@type":"WebSite","@id":"https:\/\/loslobospremium.com\/es\/#website","url":"https:\/\/loslobospremium.com\/es\/","name":"Los Lobos","description":"Premium Quality Olive Oil","publisher":{"@id":"https:\/\/loslobospremium.com\/es\/#organization"},"potentialAction":[{"@type":"SearchAction","target":{"@type":"EntryPoint","urlTemplate":"https:\/\/loslobospremium.com\/es\/?s={search_term_string}"},"query-input":"required name=search_term_string"}],"inLanguage":"es"},{"@type":"Organization","@id":"https:\/\/loslobospremium.com\/es\/#organization","name":"Los Lobos Premium Olive Oil","url":"https:\/\/loslobospremium.com\/es\/","logo":{"@type":"ImageObject","inLanguage":"es","@id":"https:\/\/loslobospremium.com\/es\/#\/schema\/logo\/image\/","url":"https:\/\/loslobospremium.com\/wp-content\/uploads\/2022\/11\/cropped-cropped-cropped-LOGO_LOS_LOBOS_V6-removebg-preview-1-e1667772859488.png","contentUrl":"https:\/\/loslobospremium.com\/wp-content\/uploads\/2022\/11\/cropped-cropped-cropped-LOGO_LOS_LOBOS_V6-removebg-preview-1-e1667772859488.png","width":200,"height":159,"caption":"Los Lobos Premium Olive Oil"},"image":{"@id":"https:\/\/loslobospremium.com\/es\/#\/schema\/logo\/image\/"}}]}},"_links":{"self":[{"href":"https:\/\/loslobospremium.com\/es\/wp-json\/wp\/v2\/product\/21580","targetHints":{"allow":["GET"]}}],"collection":[{"href":"https:\/\/loslobospremium.com\/es\/wp-json\/wp\/v2\/product"}],"about":[{"href":"https:\/\/loslobospremium.com\/es\/wp-json\/wp\/v2\/types\/product"}],"replies":[{"embeddable":true,"href":"https:\/\/loslobospremium.com\/es\/wp-json\/wp\/v2\/comments?post=21580"}],"wp:featuredmedia":[{"embeddable":true,"href":"https:\/\/loslobospremium.com\/es\/wp-json\/wp\/v2\/media\/21377"}],"wp:attachment":[{"href":"https:\/\/loslobospremium.com\/es\/wp-json\/wp\/v2\/media?parent=21580"}],"wp:term":[{"taxonomy":"product_cat","embeddable":true,"href":"https:\/\/loslobospremium.com\/es\/wp-json\/wp\/v2\/product_cat?post=21580"},{"taxonomy":"product_tag","embeddable":true,"href":"https:\/\/loslobospremium.com\/es\/wp-json\/wp\/v2\/product_tag?post=21580"}],"curies":[{"name":"wp","href":"https:\/\/api.w.org\/{rel}","templated":true}]}}