{"id":21577,"date":"2020-05-12T12:18:04","date_gmt":"2020-05-12T11:18:04","guid":{"rendered":"https:\/\/loslobospremium.com\/product\/coupage-1905\/"},"modified":"2025-11-07T04:37:43","modified_gmt":"2025-11-07T03:37:43","slug":"pagina","status":"publish","type":"product","link":"https:\/\/loslobospremium.com\/es\/producto\/pagina\/","title":{"rendered":"Coupage 1905"},"content":{"rendered":"<p>Nuestro AOVE Coupage presenta una intensidad media con un <strong>amargor y un picor equilibrados<\/strong>, creando un sabor complejo y delicioso. Es perfecto para <strong>realzar el sabor<\/strong> de las carnes a la parrilla, las verduras asadas e incluso rociado sobre <strong>una baguette crujiente<\/strong>. Adem\u00e1s, est\u00e1 repleto de grasas monoinsaturadas saludables y antioxidantes, lo que lo convierte en una opci\u00f3n nutritiva y sabrosa para los consumidores preocupados por su salud.<\/p>\n","protected":false},"excerpt":{"rendered":"<p>Presentamos nuestro exquisito <strong>Aceite de Oliva Virgen Extra Coupage<\/strong>, elaborado a partir de la primera cosecha de la temporada para ofrecerle la mezcla perfecta de aceitunas Arbequina y Picual. Nuestra botella de 500ml \/ 16.9oz est\u00e1 llena de las <strong>mejores aceitunas recogidas a mano<\/strong>, prensadas en fr\u00edo para crear un perfil de sabor <strong>\u00fanico<\/strong> y <strong>armonioso<\/strong>; aceite bien equilibrado con un <strong>aroma afrutado<\/strong> y un final ligeramente <strong>picante<\/strong>. Ideal tanto para ali\u00f1ar como para rociar sus platos favoritos.<\/p>\n","protected":false},"featured_media":21314,"comment_status":"open","ping_status":"closed","template":"","meta":[],"product_cat":[235,243],"product_tag":[261,260,262],"class_list":{"0":"post-21577","1":"product","2":"type-product","3":"status-publish","4":"has-post-thumbnail","6":"product_cat-aoves-de-aderezo","7":"product_cat-cosecha-temprana","8":"product_tag-amargo","9":"product_tag-arbequina-es","10":"product_tag-suave","12":"first","13":"outofstock","14":"shipping-taxable","15":"purchasable","16":"product-type-simple"},"yoast_head":"<!-- This site is optimized with the Yoast SEO plugin v21.7 - https:\/\/yoast.com\/wordpress\/plugins\/seo\/ -->\n<title>Coupage 1905 - Los Lobos<\/title>\n<meta name=\"description\" content=\"Nuestro exquisito AOVE Coupage es una mezcla \u00fanica de aceitunas Arbequina y Picual, que crea un sabor armonioso y delicioso. Perfecto para realzar cualquier plato.\" \/>\n<meta name=\"robots\" content=\"index, follow, max-snippet:-1, max-image-preview:large, max-video-preview:-1\" \/>\n<link rel=\"canonical\" href=\"https:\/\/loslobospremium.com\/es\/producto\/pagina\/\" \/>\n<meta property=\"og:locale\" content=\"es_ES\" \/>\n<meta property=\"og:type\" content=\"article\" \/>\n<meta property=\"og:title\" content=\"Coupage 1905 - Los Lobos\" \/>\n<meta property=\"og:description\" content=\"Nuestro exquisito AOVE Coupage es una mezcla \u00fanica de aceitunas Arbequina y Picual, que crea un sabor armonioso y delicioso. Perfecto para realzar cualquier plato.\" \/>\n<meta property=\"og:url\" content=\"https:\/\/loslobospremium.com\/es\/producto\/pagina\/\" \/>\n<meta property=\"og:site_name\" content=\"Los Lobos\" \/>\n<meta property=\"article:modified_time\" content=\"2025-11-07T03:37:43+00:00\" \/>\n<meta property=\"og:image\" content=\"https:\/\/loslobospremium.com\/wp-content\/uploads\/2020\/05\/COUPAGE-1905-LOS-LOBOS.jpg\" \/>\n\t<meta property=\"og:image:width\" content=\"1920\" \/>\n\t<meta property=\"og:image:height\" content=\"1920\" \/>\n\t<meta property=\"og:image:type\" content=\"image\/jpeg\" \/>\n<meta name=\"twitter:card\" content=\"summary_large_image\" \/>\n<script type=\"application\/ld+json\" class=\"yoast-schema-graph\">{\"@context\":\"https:\/\/schema.org\",\"@graph\":[{\"@type\":\"WebPage\",\"@id\":\"https:\/\/loslobospremium.com\/es\/producto\/pagina\/\",\"url\":\"https:\/\/loslobospremium.com\/es\/producto\/pagina\/\",\"name\":\"Coupage 1905 - Los Lobos\",\"isPartOf\":{\"@id\":\"https:\/\/loslobospremium.com\/es\/#website\"},\"datePublished\":\"2020-05-12T11:18:04+00:00\",\"dateModified\":\"2025-11-07T03:37:43+00:00\",\"description\":\"Nuestro exquisito AOVE Coupage es una mezcla \u00fanica de aceitunas Arbequina y Picual, que crea un sabor armonioso y delicioso. Perfecto para realzar cualquier plato.\",\"breadcrumb\":{\"@id\":\"https:\/\/loslobospremium.com\/es\/producto\/pagina\/#breadcrumb\"},\"inLanguage\":\"es\",\"potentialAction\":[{\"@type\":\"ReadAction\",\"target\":[\"https:\/\/loslobospremium.com\/es\/producto\/pagina\/\"]}]},{\"@type\":\"BreadcrumbList\",\"@id\":\"https:\/\/loslobospremium.com\/es\/producto\/pagina\/#breadcrumb\",\"itemListElement\":[{\"@type\":\"ListItem\",\"position\":1,\"name\":\"Home\",\"item\":\"https:\/\/loslobospremium.com\/es\/\"},{\"@type\":\"ListItem\",\"position\":2,\"name\":\"Tienda\",\"item\":\"https:\/\/loslobospremium.com\/tienda\/\"},{\"@type\":\"ListItem\",\"position\":3,\"name\":\"Coupage 1905\"}]},{\"@type\":\"WebSite\",\"@id\":\"https:\/\/loslobospremium.com\/es\/#website\",\"url\":\"https:\/\/loslobospremium.com\/es\/\",\"name\":\"Los Lobos\",\"description\":\"Premium Quality Olive Oil\",\"publisher\":{\"@id\":\"https:\/\/loslobospremium.com\/es\/#organization\"},\"potentialAction\":[{\"@type\":\"SearchAction\",\"target\":{\"@type\":\"EntryPoint\",\"urlTemplate\":\"https:\/\/loslobospremium.com\/es\/?s={search_term_string}\"},\"query-input\":\"required name=search_term_string\"}],\"inLanguage\":\"es\"},{\"@type\":\"Organization\",\"@id\":\"https:\/\/loslobospremium.com\/es\/#organization\",\"name\":\"Los Lobos Premium Olive Oil\",\"url\":\"https:\/\/loslobospremium.com\/es\/\",\"logo\":{\"@type\":\"ImageObject\",\"inLanguage\":\"es\",\"@id\":\"https:\/\/loslobospremium.com\/es\/#\/schema\/logo\/image\/\",\"url\":\"https:\/\/loslobospremium.com\/wp-content\/uploads\/2022\/11\/cropped-cropped-cropped-LOGO_LOS_LOBOS_V6-removebg-preview-1-e1667772859488.png\",\"contentUrl\":\"https:\/\/loslobospremium.com\/wp-content\/uploads\/2022\/11\/cropped-cropped-cropped-LOGO_LOS_LOBOS_V6-removebg-preview-1-e1667772859488.png\",\"width\":200,\"height\":159,\"caption\":\"Los Lobos Premium Olive Oil\"},\"image\":{\"@id\":\"https:\/\/loslobospremium.com\/es\/#\/schema\/logo\/image\/\"}}]}<\/script>\n<!-- \/ Yoast SEO plugin. -->","yoast_head_json":{"title":"Coupage 1905 - Los Lobos","description":"Nuestro exquisito AOVE Coupage es una mezcla \u00fanica de aceitunas Arbequina y Picual, que crea un sabor armonioso y delicioso. Perfecto para realzar cualquier plato.","robots":{"index":"index","follow":"follow","max-snippet":"max-snippet:-1","max-image-preview":"max-image-preview:large","max-video-preview":"max-video-preview:-1"},"canonical":"https:\/\/loslobospremium.com\/es\/producto\/pagina\/","og_locale":"es_ES","og_type":"article","og_title":"Coupage 1905 - Los Lobos","og_description":"Nuestro exquisito AOVE Coupage es una mezcla \u00fanica de aceitunas Arbequina y Picual, que crea un sabor armonioso y delicioso. Perfecto para realzar cualquier plato.","og_url":"https:\/\/loslobospremium.com\/es\/producto\/pagina\/","og_site_name":"Los Lobos","article_modified_time":"2025-11-07T03:37:43+00:00","og_image":[{"width":1920,"height":1920,"url":"https:\/\/loslobospremium.com\/wp-content\/uploads\/2020\/05\/COUPAGE-1905-LOS-LOBOS.jpg","type":"image\/jpeg"}],"twitter_card":"summary_large_image","schema":{"@context":"https:\/\/schema.org","@graph":[{"@type":"WebPage","@id":"https:\/\/loslobospremium.com\/es\/producto\/pagina\/","url":"https:\/\/loslobospremium.com\/es\/producto\/pagina\/","name":"Coupage 1905 - Los Lobos","isPartOf":{"@id":"https:\/\/loslobospremium.com\/es\/#website"},"datePublished":"2020-05-12T11:18:04+00:00","dateModified":"2025-11-07T03:37:43+00:00","description":"Nuestro exquisito AOVE Coupage es una mezcla \u00fanica de aceitunas Arbequina y Picual, que crea un sabor armonioso y delicioso. Perfecto para realzar cualquier plato.","breadcrumb":{"@id":"https:\/\/loslobospremium.com\/es\/producto\/pagina\/#breadcrumb"},"inLanguage":"es","potentialAction":[{"@type":"ReadAction","target":["https:\/\/loslobospremium.com\/es\/producto\/pagina\/"]}]},{"@type":"BreadcrumbList","@id":"https:\/\/loslobospremium.com\/es\/producto\/pagina\/#breadcrumb","itemListElement":[{"@type":"ListItem","position":1,"name":"Home","item":"https:\/\/loslobospremium.com\/es\/"},{"@type":"ListItem","position":2,"name":"Tienda","item":"https:\/\/loslobospremium.com\/tienda\/"},{"@type":"ListItem","position":3,"name":"Coupage 1905"}]},{"@type":"WebSite","@id":"https:\/\/loslobospremium.com\/es\/#website","url":"https:\/\/loslobospremium.com\/es\/","name":"Los Lobos","description":"Premium Quality Olive Oil","publisher":{"@id":"https:\/\/loslobospremium.com\/es\/#organization"},"potentialAction":[{"@type":"SearchAction","target":{"@type":"EntryPoint","urlTemplate":"https:\/\/loslobospremium.com\/es\/?s={search_term_string}"},"query-input":"required name=search_term_string"}],"inLanguage":"es"},{"@type":"Organization","@id":"https:\/\/loslobospremium.com\/es\/#organization","name":"Los Lobos Premium Olive Oil","url":"https:\/\/loslobospremium.com\/es\/","logo":{"@type":"ImageObject","inLanguage":"es","@id":"https:\/\/loslobospremium.com\/es\/#\/schema\/logo\/image\/","url":"https:\/\/loslobospremium.com\/wp-content\/uploads\/2022\/11\/cropped-cropped-cropped-LOGO_LOS_LOBOS_V6-removebg-preview-1-e1667772859488.png","contentUrl":"https:\/\/loslobospremium.com\/wp-content\/uploads\/2022\/11\/cropped-cropped-cropped-LOGO_LOS_LOBOS_V6-removebg-preview-1-e1667772859488.png","width":200,"height":159,"caption":"Los Lobos Premium Olive Oil"},"image":{"@id":"https:\/\/loslobospremium.com\/es\/#\/schema\/logo\/image\/"}}]}},"_links":{"self":[{"href":"https:\/\/loslobospremium.com\/es\/wp-json\/wp\/v2\/product\/21577","targetHints":{"allow":["GET"]}}],"collection":[{"href":"https:\/\/loslobospremium.com\/es\/wp-json\/wp\/v2\/product"}],"about":[{"href":"https:\/\/loslobospremium.com\/es\/wp-json\/wp\/v2\/types\/product"}],"replies":[{"embeddable":true,"href":"https:\/\/loslobospremium.com\/es\/wp-json\/wp\/v2\/comments?post=21577"}],"wp:featuredmedia":[{"embeddable":true,"href":"https:\/\/loslobospremium.com\/es\/wp-json\/wp\/v2\/media\/21314"}],"wp:attachment":[{"href":"https:\/\/loslobospremium.com\/es\/wp-json\/wp\/v2\/media?parent=21577"}],"wp:term":[{"taxonomy":"product_cat","embeddable":true,"href":"https:\/\/loslobospremium.com\/es\/wp-json\/wp\/v2\/product_cat?post=21577"},{"taxonomy":"product_tag","embeddable":true,"href":"https:\/\/loslobospremium.com\/es\/wp-json\/wp\/v2\/product_tag?post=21577"}],"curies":[{"name":"wp","href":"https:\/\/api.w.org\/{rel}","templated":true}]}}