{"id":21574,"date":"2020-05-12T12:21:00","date_gmt":"2020-05-12T11:21:00","guid":{"rendered":"https:\/\/loslobospremium.com\/product\/picual-1870\/"},"modified":"2025-12-25T05:34:34","modified_gmt":"2025-12-25T04:34:34","slug":"picual-1870","status":"publish","type":"product","link":"https:\/\/loslobospremium.com\/es\/producto\/picual-1870\/","title":{"rendered":"Picual 1870"},"content":{"rendered":"<p>Nuestro AOVE Picual presenta intensas notas de <strong>hierba reci\u00e9n cortada<\/strong>, tomate y alcachofa, con un <strong>final ligeramente amargo y picante<\/strong> que deleitar\u00e1 su paladar. Perfecto para mojar, rociar y dar el toque final a sus platos favoritos, nuestro AOVE Picual es un ingrediente esencial para cualquier cocina <strong>gourmet<\/strong>. Adem\u00e1s, est\u00e1 repleto de grasas monoinsaturadas cardiosaludables y antioxidantes, lo que lo convierte en un complemento sano y sabroso de su dieta.<\/p>\n","protected":false},"excerpt":{"rendered":"<p>Presentamos nuestro exquisito <strong>Aceite de Oliva Virgen Extra Picual<\/strong>, cuidadosamente elaborado a partir de la <strong>primera cosecha de<\/strong> la temporada para ofrecerle la m\u00e1s alta calidad y la experiencia de <strong>sabor<\/strong> m\u00e1s aut\u00e9ntica. Nuestra botella de 500ml \/ 16.9oz est\u00e1 llena de un aceite de oliva rico, afrutado y robusto, que refleja el <em>terru\u00f1o<\/em> \u00fanico y los m\u00e9todos tradicionales de producci\u00f3n que hacen del AOVE Picual uno de los <strong>aceites m\u00e1s codiciados del mundo<\/strong>.<\/p>\n<p>Experimente hoy mismo la <strong>excepcional calidad y sabor<\/strong> de nuestro Aceite de Oliva Virgen Extra Picual y eleve sus creaciones culinarias a nuevas cotas.<\/p>\n","protected":false},"featured_media":21310,"comment_status":"open","ping_status":"closed","template":"","meta":[],"product_cat":[243,245],"product_tag":[253,252],"class_list":{"0":"post-21574","1":"product","2":"type-product","3":"status-publish","4":"has-post-thumbnail","6":"product_cat-cosecha-temprana","7":"product_cat-los-mejores-aoves","8":"product_tag-cosecha-temprana","9":"product_tag-picual-es","11":"first","12":"outofstock","13":"shipping-taxable","14":"purchasable","15":"product-type-simple"},"yoast_head":"<!-- This site is optimized with the Yoast SEO plugin v21.7 - https:\/\/yoast.com\/wordpress\/plugins\/seo\/ -->\n<title>Picual 1870 - Los Lobos<\/title>\n<meta name=\"description\" content=\"Aceite de Oliva Virgen Extra Picual, elaborado cuidadosamente a partir de la primera cosecha de la temporada para ofrecerle la m\u00e1s alta calidad y la experiencia de sabor m\u00e1s aut\u00e9ntica.\" \/>\n<meta name=\"robots\" content=\"index, follow, max-snippet:-1, max-image-preview:large, max-video-preview:-1\" \/>\n<link rel=\"canonical\" href=\"https:\/\/loslobospremium.com\/es\/producto\/picual-1870\/\" \/>\n<meta property=\"og:locale\" content=\"es_ES\" \/>\n<meta property=\"og:type\" content=\"article\" \/>\n<meta property=\"og:title\" content=\"Picual 1870 - Los Lobos\" \/>\n<meta property=\"og:description\" content=\"Aceite de Oliva Virgen Extra Picual, elaborado cuidadosamente a partir de la primera cosecha de la temporada para ofrecerle la m\u00e1s alta calidad y la experiencia de sabor m\u00e1s aut\u00e9ntica.\" \/>\n<meta property=\"og:url\" content=\"https:\/\/loslobospremium.com\/es\/producto\/picual-1870\/\" \/>\n<meta property=\"og:site_name\" content=\"Los Lobos\" \/>\n<meta property=\"article:modified_time\" content=\"2025-12-25T04:34:34+00:00\" \/>\n<meta property=\"og:image\" content=\"https:\/\/loslobospremium.com\/wp-content\/uploads\/2020\/05\/PICUAL-1870-LOS-LOBOS.jpg\" \/>\n\t<meta property=\"og:image:width\" content=\"1920\" \/>\n\t<meta property=\"og:image:height\" content=\"1920\" \/>\n\t<meta property=\"og:image:type\" content=\"image\/jpeg\" \/>\n<meta name=\"twitter:card\" content=\"summary_large_image\" \/>\n<script type=\"application\/ld+json\" class=\"yoast-schema-graph\">{\"@context\":\"https:\/\/schema.org\",\"@graph\":[{\"@type\":\"WebPage\",\"@id\":\"https:\/\/loslobospremium.com\/es\/producto\/picual-1870\/\",\"url\":\"https:\/\/loslobospremium.com\/es\/producto\/picual-1870\/\",\"name\":\"Picual 1870 - Los Lobos\",\"isPartOf\":{\"@id\":\"https:\/\/loslobospremium.com\/es\/#website\"},\"datePublished\":\"2020-05-12T11:21:00+00:00\",\"dateModified\":\"2025-12-25T04:34:34+00:00\",\"description\":\"Aceite de Oliva Virgen Extra Picual, elaborado cuidadosamente a partir de la primera cosecha de la temporada para ofrecerle la m\u00e1s alta calidad y la experiencia de sabor m\u00e1s aut\u00e9ntica.\",\"breadcrumb\":{\"@id\":\"https:\/\/loslobospremium.com\/es\/producto\/picual-1870\/#breadcrumb\"},\"inLanguage\":\"es\",\"potentialAction\":[{\"@type\":\"ReadAction\",\"target\":[\"https:\/\/loslobospremium.com\/es\/producto\/picual-1870\/\"]}]},{\"@type\":\"BreadcrumbList\",\"@id\":\"https:\/\/loslobospremium.com\/es\/producto\/picual-1870\/#breadcrumb\",\"itemListElement\":[{\"@type\":\"ListItem\",\"position\":1,\"name\":\"Home\",\"item\":\"https:\/\/loslobospremium.com\/es\/\"},{\"@type\":\"ListItem\",\"position\":2,\"name\":\"Tienda\",\"item\":\"https:\/\/loslobospremium.com\/tienda\/\"},{\"@type\":\"ListItem\",\"position\":3,\"name\":\"Picual 1870\"}]},{\"@type\":\"WebSite\",\"@id\":\"https:\/\/loslobospremium.com\/es\/#website\",\"url\":\"https:\/\/loslobospremium.com\/es\/\",\"name\":\"Los Lobos\",\"description\":\"Premium Quality Olive Oil\",\"publisher\":{\"@id\":\"https:\/\/loslobospremium.com\/es\/#organization\"},\"potentialAction\":[{\"@type\":\"SearchAction\",\"target\":{\"@type\":\"EntryPoint\",\"urlTemplate\":\"https:\/\/loslobospremium.com\/es\/?s={search_term_string}\"},\"query-input\":\"required name=search_term_string\"}],\"inLanguage\":\"es\"},{\"@type\":\"Organization\",\"@id\":\"https:\/\/loslobospremium.com\/es\/#organization\",\"name\":\"Los Lobos Premium Olive Oil\",\"url\":\"https:\/\/loslobospremium.com\/es\/\",\"logo\":{\"@type\":\"ImageObject\",\"inLanguage\":\"es\",\"@id\":\"https:\/\/loslobospremium.com\/es\/#\/schema\/logo\/image\/\",\"url\":\"https:\/\/loslobospremium.com\/wp-content\/uploads\/2022\/11\/cropped-cropped-cropped-LOGO_LOS_LOBOS_V6-removebg-preview-1-e1667772859488.png\",\"contentUrl\":\"https:\/\/loslobospremium.com\/wp-content\/uploads\/2022\/11\/cropped-cropped-cropped-LOGO_LOS_LOBOS_V6-removebg-preview-1-e1667772859488.png\",\"width\":200,\"height\":159,\"caption\":\"Los Lobos Premium Olive Oil\"},\"image\":{\"@id\":\"https:\/\/loslobospremium.com\/es\/#\/schema\/logo\/image\/\"}}]}<\/script>\n<!-- \/ Yoast SEO plugin. -->","yoast_head_json":{"title":"Picual 1870 - Los Lobos","description":"Aceite de Oliva Virgen Extra Picual, elaborado cuidadosamente a partir de la primera cosecha de la temporada para ofrecerle la m\u00e1s alta calidad y la experiencia de sabor m\u00e1s aut\u00e9ntica.","robots":{"index":"index","follow":"follow","max-snippet":"max-snippet:-1","max-image-preview":"max-image-preview:large","max-video-preview":"max-video-preview:-1"},"canonical":"https:\/\/loslobospremium.com\/es\/producto\/picual-1870\/","og_locale":"es_ES","og_type":"article","og_title":"Picual 1870 - Los Lobos","og_description":"Aceite de Oliva Virgen Extra Picual, elaborado cuidadosamente a partir de la primera cosecha de la temporada para ofrecerle la m\u00e1s alta calidad y la experiencia de sabor m\u00e1s aut\u00e9ntica.","og_url":"https:\/\/loslobospremium.com\/es\/producto\/picual-1870\/","og_site_name":"Los Lobos","article_modified_time":"2025-12-25T04:34:34+00:00","og_image":[{"width":1920,"height":1920,"url":"https:\/\/loslobospremium.com\/wp-content\/uploads\/2020\/05\/PICUAL-1870-LOS-LOBOS.jpg","type":"image\/jpeg"}],"twitter_card":"summary_large_image","schema":{"@context":"https:\/\/schema.org","@graph":[{"@type":"WebPage","@id":"https:\/\/loslobospremium.com\/es\/producto\/picual-1870\/","url":"https:\/\/loslobospremium.com\/es\/producto\/picual-1870\/","name":"Picual 1870 - Los Lobos","isPartOf":{"@id":"https:\/\/loslobospremium.com\/es\/#website"},"datePublished":"2020-05-12T11:21:00+00:00","dateModified":"2025-12-25T04:34:34+00:00","description":"Aceite de Oliva Virgen Extra Picual, elaborado cuidadosamente a partir de la primera cosecha de la temporada para ofrecerle la m\u00e1s alta calidad y la experiencia de sabor m\u00e1s aut\u00e9ntica.","breadcrumb":{"@id":"https:\/\/loslobospremium.com\/es\/producto\/picual-1870\/#breadcrumb"},"inLanguage":"es","potentialAction":[{"@type":"ReadAction","target":["https:\/\/loslobospremium.com\/es\/producto\/picual-1870\/"]}]},{"@type":"BreadcrumbList","@id":"https:\/\/loslobospremium.com\/es\/producto\/picual-1870\/#breadcrumb","itemListElement":[{"@type":"ListItem","position":1,"name":"Home","item":"https:\/\/loslobospremium.com\/es\/"},{"@type":"ListItem","position":2,"name":"Tienda","item":"https:\/\/loslobospremium.com\/tienda\/"},{"@type":"ListItem","position":3,"name":"Picual 1870"}]},{"@type":"WebSite","@id":"https:\/\/loslobospremium.com\/es\/#website","url":"https:\/\/loslobospremium.com\/es\/","name":"Los Lobos","description":"Premium Quality Olive Oil","publisher":{"@id":"https:\/\/loslobospremium.com\/es\/#organization"},"potentialAction":[{"@type":"SearchAction","target":{"@type":"EntryPoint","urlTemplate":"https:\/\/loslobospremium.com\/es\/?s={search_term_string}"},"query-input":"required name=search_term_string"}],"inLanguage":"es"},{"@type":"Organization","@id":"https:\/\/loslobospremium.com\/es\/#organization","name":"Los Lobos Premium Olive Oil","url":"https:\/\/loslobospremium.com\/es\/","logo":{"@type":"ImageObject","inLanguage":"es","@id":"https:\/\/loslobospremium.com\/es\/#\/schema\/logo\/image\/","url":"https:\/\/loslobospremium.com\/wp-content\/uploads\/2022\/11\/cropped-cropped-cropped-LOGO_LOS_LOBOS_V6-removebg-preview-1-e1667772859488.png","contentUrl":"https:\/\/loslobospremium.com\/wp-content\/uploads\/2022\/11\/cropped-cropped-cropped-LOGO_LOS_LOBOS_V6-removebg-preview-1-e1667772859488.png","width":200,"height":159,"caption":"Los Lobos Premium Olive Oil"},"image":{"@id":"https:\/\/loslobospremium.com\/es\/#\/schema\/logo\/image\/"}}]}},"_links":{"self":[{"href":"https:\/\/loslobospremium.com\/es\/wp-json\/wp\/v2\/product\/21574","targetHints":{"allow":["GET"]}}],"collection":[{"href":"https:\/\/loslobospremium.com\/es\/wp-json\/wp\/v2\/product"}],"about":[{"href":"https:\/\/loslobospremium.com\/es\/wp-json\/wp\/v2\/types\/product"}],"replies":[{"embeddable":true,"href":"https:\/\/loslobospremium.com\/es\/wp-json\/wp\/v2\/comments?post=21574"}],"wp:featuredmedia":[{"embeddable":true,"href":"https:\/\/loslobospremium.com\/es\/wp-json\/wp\/v2\/media\/21310"}],"wp:attachment":[{"href":"https:\/\/loslobospremium.com\/es\/wp-json\/wp\/v2\/media?parent=21574"}],"wp:term":[{"taxonomy":"product_cat","embeddable":true,"href":"https:\/\/loslobospremium.com\/es\/wp-json\/wp\/v2\/product_cat?post=21574"},{"taxonomy":"product_tag","embeddable":true,"href":"https:\/\/loslobospremium.com\/es\/wp-json\/wp\/v2\/product_tag?post=21574"}],"curies":[{"name":"wp","href":"https:\/\/api.w.org\/{rel}","templated":true}]}}