{"id":21571,"date":"2020-05-12T12:19:47","date_gmt":"2020-05-12T11:19:47","guid":{"rendered":"https:\/\/loslobospremium.com\/product\/arbequina-1907\/"},"modified":"2025-11-07T04:37:25","modified_gmt":"2025-11-07T03:37:25","slug":"arbequina-1907","status":"publish","type":"product","link":"https:\/\/loslobospremium.com\/es\/producto\/arbequina-1907\/","title":{"rendered":"Arbequina 1907"},"content":{"rendered":"<p>Nuestro AOVE Arbequina presenta un perfil de<strong> sabor suave y delicado<\/strong>, con notas de manzana madura, almendra y un final ligeramente dulce. Es el complemento perfecto para ensaladas, platos de pasta, verduras a la parrilla y marisco, aportando un <strong>toque de sofisticaci\u00f3n <\/strong>a cualquier comida. Adem\u00e1s, est\u00e1 repleto de grasas monoinsaturadas saludables y antioxidantes, lo que lo convierte en una opci\u00f3n nutritiva y sabrosa para los consumidores preocupados por su salud.<\/p>\n","protected":false},"excerpt":{"rendered":"<p>Te presentamos nuestro exquisito <strong>Aceite de Oliva Virgen Extra Arbequina<\/strong>, elaborado a partir de la <strong>primera cosecha<\/strong> de la temporada para ofrecerte el sabor m\u00e1s puro y aut\u00e9ntico. Nuestra botella de 500ml \/ 16.9oz est\u00e1 llena de las mejores aceitunas Arbequinas, cuidadosamente recogidas a mano y <strong>prensadas en fr\u00edo<\/strong> para preservar sus delicadas <strong>notas afrutadas<\/strong>.<\/p>\n<p>Experimente hoy mismo la <strong>calidad<\/strong> y el sabor incomparables de nuestro Aceite de Oliva Virgen Extra Arbequina y lleve sus <strong>creaciones culinarias<\/strong> a nuevas cotas.<\/p>\n","protected":false},"featured_media":21319,"comment_status":"open","ping_status":"closed","template":"","meta":[],"product_cat":[243,245],"product_tag":[],"class_list":{"0":"post-21571","1":"product","2":"type-product","3":"status-publish","4":"has-post-thumbnail","6":"product_cat-cosecha-temprana","7":"product_cat-los-mejores-aoves","9":"first","10":"outofstock","11":"shipping-taxable","12":"purchasable","13":"product-type-simple"},"yoast_head":"<!-- This site is optimized with the Yoast SEO plugin v21.7 - https:\/\/yoast.com\/wordpress\/plugins\/seo\/ -->\n<title>Arbequina 1907 - Los Lobos<\/title>\n<meta name=\"description\" content=\"Experimente la excepcional calidad y el delicado sabor de nuestro AOVE Arbequina de primera cosecha. Elaborado con aceitunas recogidas a mano, este aceite es perfecto para realzar cualquier plato.\" \/>\n<meta name=\"robots\" content=\"index, follow, max-snippet:-1, max-image-preview:large, max-video-preview:-1\" \/>\n<link rel=\"canonical\" href=\"https:\/\/loslobospremium.com\/es\/producto\/arbequina-1907\/\" \/>\n<meta property=\"og:locale\" content=\"es_ES\" \/>\n<meta property=\"og:type\" content=\"article\" \/>\n<meta property=\"og:title\" content=\"Arbequina 1907 - Los Lobos\" \/>\n<meta property=\"og:description\" content=\"Experimente la excepcional calidad y el delicado sabor de nuestro AOVE Arbequina de primera cosecha. Elaborado con aceitunas recogidas a mano, este aceite es perfecto para realzar cualquier plato.\" \/>\n<meta property=\"og:url\" content=\"https:\/\/loslobospremium.com\/es\/producto\/arbequina-1907\/\" \/>\n<meta property=\"og:site_name\" content=\"Los Lobos\" \/>\n<meta property=\"article:modified_time\" content=\"2025-11-07T03:37:25+00:00\" \/>\n<meta property=\"og:image\" content=\"https:\/\/loslobospremium.com\/wp-content\/uploads\/2020\/05\/ARBEQUINA-1907.jpg\" \/>\n\t<meta property=\"og:image:width\" content=\"1920\" \/>\n\t<meta property=\"og:image:height\" content=\"1920\" \/>\n\t<meta property=\"og:image:type\" content=\"image\/jpeg\" \/>\n<meta name=\"twitter:card\" content=\"summary_large_image\" \/>\n<script type=\"application\/ld+json\" class=\"yoast-schema-graph\">{\"@context\":\"https:\/\/schema.org\",\"@graph\":[{\"@type\":\"WebPage\",\"@id\":\"https:\/\/loslobospremium.com\/es\/producto\/arbequina-1907\/\",\"url\":\"https:\/\/loslobospremium.com\/es\/producto\/arbequina-1907\/\",\"name\":\"Arbequina 1907 - Los Lobos\",\"isPartOf\":{\"@id\":\"https:\/\/loslobospremium.com\/es\/#website\"},\"datePublished\":\"2020-05-12T11:19:47+00:00\",\"dateModified\":\"2025-11-07T03:37:25+00:00\",\"description\":\"Experimente la excepcional calidad y el delicado sabor de nuestro AOVE Arbequina de primera cosecha. Elaborado con aceitunas recogidas a mano, este aceite es perfecto para realzar cualquier plato.\",\"breadcrumb\":{\"@id\":\"https:\/\/loslobospremium.com\/es\/producto\/arbequina-1907\/#breadcrumb\"},\"inLanguage\":\"es\",\"potentialAction\":[{\"@type\":\"ReadAction\",\"target\":[\"https:\/\/loslobospremium.com\/es\/producto\/arbequina-1907\/\"]}]},{\"@type\":\"BreadcrumbList\",\"@id\":\"https:\/\/loslobospremium.com\/es\/producto\/arbequina-1907\/#breadcrumb\",\"itemListElement\":[{\"@type\":\"ListItem\",\"position\":1,\"name\":\"Home\",\"item\":\"https:\/\/loslobospremium.com\/es\/\"},{\"@type\":\"ListItem\",\"position\":2,\"name\":\"Tienda\",\"item\":\"https:\/\/loslobospremium.com\/tienda\/\"},{\"@type\":\"ListItem\",\"position\":3,\"name\":\"Arbequina 1907\"}]},{\"@type\":\"WebSite\",\"@id\":\"https:\/\/loslobospremium.com\/es\/#website\",\"url\":\"https:\/\/loslobospremium.com\/es\/\",\"name\":\"Los Lobos\",\"description\":\"Premium Quality Olive Oil\",\"publisher\":{\"@id\":\"https:\/\/loslobospremium.com\/es\/#organization\"},\"potentialAction\":[{\"@type\":\"SearchAction\",\"target\":{\"@type\":\"EntryPoint\",\"urlTemplate\":\"https:\/\/loslobospremium.com\/es\/?s={search_term_string}\"},\"query-input\":\"required name=search_term_string\"}],\"inLanguage\":\"es\"},{\"@type\":\"Organization\",\"@id\":\"https:\/\/loslobospremium.com\/es\/#organization\",\"name\":\"Los Lobos Premium Olive Oil\",\"url\":\"https:\/\/loslobospremium.com\/es\/\",\"logo\":{\"@type\":\"ImageObject\",\"inLanguage\":\"es\",\"@id\":\"https:\/\/loslobospremium.com\/es\/#\/schema\/logo\/image\/\",\"url\":\"https:\/\/loslobospremium.com\/wp-content\/uploads\/2022\/11\/cropped-cropped-cropped-LOGO_LOS_LOBOS_V6-removebg-preview-1-e1667772859488.png\",\"contentUrl\":\"https:\/\/loslobospremium.com\/wp-content\/uploads\/2022\/11\/cropped-cropped-cropped-LOGO_LOS_LOBOS_V6-removebg-preview-1-e1667772859488.png\",\"width\":200,\"height\":159,\"caption\":\"Los Lobos Premium Olive Oil\"},\"image\":{\"@id\":\"https:\/\/loslobospremium.com\/es\/#\/schema\/logo\/image\/\"}}]}<\/script>\n<!-- \/ Yoast SEO plugin. -->","yoast_head_json":{"title":"Arbequina 1907 - Los Lobos","description":"Experimente la excepcional calidad y el delicado sabor de nuestro AOVE Arbequina de primera cosecha. Elaborado con aceitunas recogidas a mano, este aceite es perfecto para realzar cualquier plato.","robots":{"index":"index","follow":"follow","max-snippet":"max-snippet:-1","max-image-preview":"max-image-preview:large","max-video-preview":"max-video-preview:-1"},"canonical":"https:\/\/loslobospremium.com\/es\/producto\/arbequina-1907\/","og_locale":"es_ES","og_type":"article","og_title":"Arbequina 1907 - Los Lobos","og_description":"Experimente la excepcional calidad y el delicado sabor de nuestro AOVE Arbequina de primera cosecha. Elaborado con aceitunas recogidas a mano, este aceite es perfecto para realzar cualquier plato.","og_url":"https:\/\/loslobospremium.com\/es\/producto\/arbequina-1907\/","og_site_name":"Los Lobos","article_modified_time":"2025-11-07T03:37:25+00:00","og_image":[{"width":1920,"height":1920,"url":"https:\/\/loslobospremium.com\/wp-content\/uploads\/2020\/05\/ARBEQUINA-1907.jpg","type":"image\/jpeg"}],"twitter_card":"summary_large_image","schema":{"@context":"https:\/\/schema.org","@graph":[{"@type":"WebPage","@id":"https:\/\/loslobospremium.com\/es\/producto\/arbequina-1907\/","url":"https:\/\/loslobospremium.com\/es\/producto\/arbequina-1907\/","name":"Arbequina 1907 - Los Lobos","isPartOf":{"@id":"https:\/\/loslobospremium.com\/es\/#website"},"datePublished":"2020-05-12T11:19:47+00:00","dateModified":"2025-11-07T03:37:25+00:00","description":"Experimente la excepcional calidad y el delicado sabor de nuestro AOVE Arbequina de primera cosecha. Elaborado con aceitunas recogidas a mano, este aceite es perfecto para realzar cualquier plato.","breadcrumb":{"@id":"https:\/\/loslobospremium.com\/es\/producto\/arbequina-1907\/#breadcrumb"},"inLanguage":"es","potentialAction":[{"@type":"ReadAction","target":["https:\/\/loslobospremium.com\/es\/producto\/arbequina-1907\/"]}]},{"@type":"BreadcrumbList","@id":"https:\/\/loslobospremium.com\/es\/producto\/arbequina-1907\/#breadcrumb","itemListElement":[{"@type":"ListItem","position":1,"name":"Home","item":"https:\/\/loslobospremium.com\/es\/"},{"@type":"ListItem","position":2,"name":"Tienda","item":"https:\/\/loslobospremium.com\/tienda\/"},{"@type":"ListItem","position":3,"name":"Arbequina 1907"}]},{"@type":"WebSite","@id":"https:\/\/loslobospremium.com\/es\/#website","url":"https:\/\/loslobospremium.com\/es\/","name":"Los Lobos","description":"Premium Quality Olive Oil","publisher":{"@id":"https:\/\/loslobospremium.com\/es\/#organization"},"potentialAction":[{"@type":"SearchAction","target":{"@type":"EntryPoint","urlTemplate":"https:\/\/loslobospremium.com\/es\/?s={search_term_string}"},"query-input":"required name=search_term_string"}],"inLanguage":"es"},{"@type":"Organization","@id":"https:\/\/loslobospremium.com\/es\/#organization","name":"Los Lobos Premium Olive Oil","url":"https:\/\/loslobospremium.com\/es\/","logo":{"@type":"ImageObject","inLanguage":"es","@id":"https:\/\/loslobospremium.com\/es\/#\/schema\/logo\/image\/","url":"https:\/\/loslobospremium.com\/wp-content\/uploads\/2022\/11\/cropped-cropped-cropped-LOGO_LOS_LOBOS_V6-removebg-preview-1-e1667772859488.png","contentUrl":"https:\/\/loslobospremium.com\/wp-content\/uploads\/2022\/11\/cropped-cropped-cropped-LOGO_LOS_LOBOS_V6-removebg-preview-1-e1667772859488.png","width":200,"height":159,"caption":"Los Lobos Premium Olive Oil"},"image":{"@id":"https:\/\/loslobospremium.com\/es\/#\/schema\/logo\/image\/"}}]}},"_links":{"self":[{"href":"https:\/\/loslobospremium.com\/es\/wp-json\/wp\/v2\/product\/21571","targetHints":{"allow":["GET"]}}],"collection":[{"href":"https:\/\/loslobospremium.com\/es\/wp-json\/wp\/v2\/product"}],"about":[{"href":"https:\/\/loslobospremium.com\/es\/wp-json\/wp\/v2\/types\/product"}],"replies":[{"embeddable":true,"href":"https:\/\/loslobospremium.com\/es\/wp-json\/wp\/v2\/comments?post=21571"}],"wp:featuredmedia":[{"embeddable":true,"href":"https:\/\/loslobospremium.com\/es\/wp-json\/wp\/v2\/media\/21319"}],"wp:attachment":[{"href":"https:\/\/loslobospremium.com\/es\/wp-json\/wp\/v2\/media?parent=21571"}],"wp:term":[{"taxonomy":"product_cat","embeddable":true,"href":"https:\/\/loslobospremium.com\/es\/wp-json\/wp\/v2\/product_cat?post=21571"},{"taxonomy":"product_tag","embeddable":true,"href":"https:\/\/loslobospremium.com\/es\/wp-json\/wp\/v2\/product_tag?post=21571"}],"curies":[{"name":"wp","href":"https:\/\/api.w.org\/{rel}","templated":true}]}}