{"id":21569,"date":"2023-03-02T13:21:22","date_gmt":"2023-03-02T12:21:22","guid":{"rendered":"https:\/\/loslobospremium.com\/product\/evoo-de-trufa-negra\/"},"modified":"2025-12-25T05:34:14","modified_gmt":"2025-12-25T04:34:14","slug":"black-truffle-evoo","status":"publish","type":"product","link":"https:\/\/loslobospremium.com\/es\/producto\/black-truffle-evoo\/","title":{"rendered":"EVOO DE TRUFA NEGRA"},"content":{"rendered":"<p>Del\u00e9itese con el exquisito sabor de nuestro<strong> Aceite de Oliva Virgen Extra con Trufa Negra<\/strong>, una mezcla \u00fanica de aceite de oliva de primera calidad y trufas negras arom\u00e1ticas. Nuestra botella de 250 ml est\u00e1 llena del mejor aceite de oliva prensado en fr\u00edo infusionado con el <strong>intenso aroma<\/strong> y sabor de las trufas negras, creando una experiencia de sabor rica y decadente.<\/p>\n<p>Experimente el <strong>irresistible sabor<\/strong> de nuestro Aceite de Oliva Virgen Extra con Trufa Negra y lleve sus creaciones culinarias a un nivel completamente nuevo.<\/p>\n","protected":false},"excerpt":{"rendered":"<p>Nuestro AOVE de trufa negra es perfecto para <strong>rociar<\/strong> platos de pasta, carnes a la parrilla y verduras asadas, o como aceite para mojar pan crujiente. A\u00f1ade un <strong>toque de lujo<\/strong> a cualquier comida y eleva el sabor a nuevas cotas. Adem\u00e1s, est\u00e1 repleto de grasas monoinsaturadas saludables y antioxidantes, lo que lo convierte en una opci\u00f3n nutritiva y <strong>deliciosa<\/strong> para los consumidores preocupados por su salud.<\/p>\n","protected":false},"featured_media":21449,"comment_status":"open","ping_status":"closed","template":"","meta":[],"product_cat":[240],"product_tag":[],"class_list":{"0":"post-21569","1":"product","2":"type-product","3":"status-publish","4":"has-post-thumbnail","6":"product_cat-sin-categoria","8":"first","9":"outofstock","10":"shipping-taxable","11":"purchasable","12":"product-type-simple"},"yoast_head":"<!-- This site is optimized with the Yoast SEO plugin v21.7 - https:\/\/yoast.com\/wordpress\/plugins\/seo\/ -->\n<title>EVOO DE TRUFA NEGRA - Los Lobos<\/title>\n<meta name=\"description\" content=\"Experimente el indulgente sabor de nuestro AOVE de Trufa Negra, infusionado con aceite de oliva de primera calidad y arom\u00e1ticas trufas negras. Perfecto para a\u00f1adir lujo a cualquier comida\" \/>\n<meta name=\"robots\" content=\"index, follow, max-snippet:-1, max-image-preview:large, max-video-preview:-1\" \/>\n<link rel=\"canonical\" href=\"https:\/\/loslobospremium.com\/es\/producto\/black-truffle-evoo\/\" \/>\n<meta property=\"og:locale\" content=\"es_ES\" \/>\n<meta property=\"og:type\" content=\"article\" \/>\n<meta property=\"og:title\" content=\"EVOO DE TRUFA NEGRA - Los Lobos\" \/>\n<meta property=\"og:description\" content=\"Experimente el indulgente sabor de nuestro AOVE de Trufa Negra, infusionado con aceite de oliva de primera calidad y arom\u00e1ticas trufas negras. Perfecto para a\u00f1adir lujo a cualquier comida\" \/>\n<meta property=\"og:url\" content=\"https:\/\/loslobospremium.com\/es\/producto\/black-truffle-evoo\/\" \/>\n<meta property=\"og:site_name\" content=\"Los Lobos\" \/>\n<meta property=\"article:modified_time\" content=\"2025-12-25T04:34:14+00:00\" \/>\n<meta property=\"og:image\" content=\"https:\/\/loslobospremium.com\/wp-content\/uploads\/2023\/03\/LOS-LOBOS-BLACK-TRUFFLE-EVOO-OLIVE-OIL.jpg\" \/>\n\t<meta property=\"og:image:width\" content=\"1920\" \/>\n\t<meta property=\"og:image:height\" content=\"1920\" \/>\n\t<meta property=\"og:image:type\" content=\"image\/jpeg\" \/>\n<meta name=\"twitter:card\" content=\"summary_large_image\" \/>\n<script type=\"application\/ld+json\" class=\"yoast-schema-graph\">{\"@context\":\"https:\/\/schema.org\",\"@graph\":[{\"@type\":\"WebPage\",\"@id\":\"https:\/\/loslobospremium.com\/es\/producto\/black-truffle-evoo\/\",\"url\":\"https:\/\/loslobospremium.com\/es\/producto\/black-truffle-evoo\/\",\"name\":\"EVOO DE TRUFA NEGRA - Los Lobos\",\"isPartOf\":{\"@id\":\"https:\/\/loslobospremium.com\/es\/#website\"},\"datePublished\":\"2023-03-02T12:21:22+00:00\",\"dateModified\":\"2025-12-25T04:34:14+00:00\",\"description\":\"Experimente el indulgente sabor de nuestro AOVE de Trufa Negra, infusionado con aceite de oliva de primera calidad y arom\u00e1ticas trufas negras. Perfecto para a\u00f1adir lujo a cualquier comida\",\"breadcrumb\":{\"@id\":\"https:\/\/loslobospremium.com\/es\/producto\/black-truffle-evoo\/#breadcrumb\"},\"inLanguage\":\"es\",\"potentialAction\":[{\"@type\":\"ReadAction\",\"target\":[\"https:\/\/loslobospremium.com\/es\/producto\/black-truffle-evoo\/\"]}]},{\"@type\":\"BreadcrumbList\",\"@id\":\"https:\/\/loslobospremium.com\/es\/producto\/black-truffle-evoo\/#breadcrumb\",\"itemListElement\":[{\"@type\":\"ListItem\",\"position\":1,\"name\":\"Home\",\"item\":\"https:\/\/loslobospremium.com\/es\/\"},{\"@type\":\"ListItem\",\"position\":2,\"name\":\"Tienda\",\"item\":\"https:\/\/loslobospremium.com\/tienda\/\"},{\"@type\":\"ListItem\",\"position\":3,\"name\":\"EVOO DE TRUFA NEGRA\"}]},{\"@type\":\"WebSite\",\"@id\":\"https:\/\/loslobospremium.com\/es\/#website\",\"url\":\"https:\/\/loslobospremium.com\/es\/\",\"name\":\"Los Lobos\",\"description\":\"Premium Quality Olive Oil\",\"publisher\":{\"@id\":\"https:\/\/loslobospremium.com\/es\/#organization\"},\"potentialAction\":[{\"@type\":\"SearchAction\",\"target\":{\"@type\":\"EntryPoint\",\"urlTemplate\":\"https:\/\/loslobospremium.com\/es\/?s={search_term_string}\"},\"query-input\":\"required name=search_term_string\"}],\"inLanguage\":\"es\"},{\"@type\":\"Organization\",\"@id\":\"https:\/\/loslobospremium.com\/es\/#organization\",\"name\":\"Los Lobos Premium Olive Oil\",\"url\":\"https:\/\/loslobospremium.com\/es\/\",\"logo\":{\"@type\":\"ImageObject\",\"inLanguage\":\"es\",\"@id\":\"https:\/\/loslobospremium.com\/es\/#\/schema\/logo\/image\/\",\"url\":\"https:\/\/loslobospremium.com\/wp-content\/uploads\/2022\/11\/cropped-cropped-cropped-LOGO_LOS_LOBOS_V6-removebg-preview-1-e1667772859488.png\",\"contentUrl\":\"https:\/\/loslobospremium.com\/wp-content\/uploads\/2022\/11\/cropped-cropped-cropped-LOGO_LOS_LOBOS_V6-removebg-preview-1-e1667772859488.png\",\"width\":200,\"height\":159,\"caption\":\"Los Lobos Premium Olive Oil\"},\"image\":{\"@id\":\"https:\/\/loslobospremium.com\/es\/#\/schema\/logo\/image\/\"}}]}<\/script>\n<!-- \/ Yoast SEO plugin. -->","yoast_head_json":{"title":"EVOO DE TRUFA NEGRA - Los Lobos","description":"Experimente el indulgente sabor de nuestro AOVE de Trufa Negra, infusionado con aceite de oliva de primera calidad y arom\u00e1ticas trufas negras. Perfecto para a\u00f1adir lujo a cualquier comida","robots":{"index":"index","follow":"follow","max-snippet":"max-snippet:-1","max-image-preview":"max-image-preview:large","max-video-preview":"max-video-preview:-1"},"canonical":"https:\/\/loslobospremium.com\/es\/producto\/black-truffle-evoo\/","og_locale":"es_ES","og_type":"article","og_title":"EVOO DE TRUFA NEGRA - Los Lobos","og_description":"Experimente el indulgente sabor de nuestro AOVE de Trufa Negra, infusionado con aceite de oliva de primera calidad y arom\u00e1ticas trufas negras. Perfecto para a\u00f1adir lujo a cualquier comida","og_url":"https:\/\/loslobospremium.com\/es\/producto\/black-truffle-evoo\/","og_site_name":"Los Lobos","article_modified_time":"2025-12-25T04:34:14+00:00","og_image":[{"width":1920,"height":1920,"url":"https:\/\/loslobospremium.com\/wp-content\/uploads\/2023\/03\/LOS-LOBOS-BLACK-TRUFFLE-EVOO-OLIVE-OIL.jpg","type":"image\/jpeg"}],"twitter_card":"summary_large_image","schema":{"@context":"https:\/\/schema.org","@graph":[{"@type":"WebPage","@id":"https:\/\/loslobospremium.com\/es\/producto\/black-truffle-evoo\/","url":"https:\/\/loslobospremium.com\/es\/producto\/black-truffle-evoo\/","name":"EVOO DE TRUFA NEGRA - Los Lobos","isPartOf":{"@id":"https:\/\/loslobospremium.com\/es\/#website"},"datePublished":"2023-03-02T12:21:22+00:00","dateModified":"2025-12-25T04:34:14+00:00","description":"Experimente el indulgente sabor de nuestro AOVE de Trufa Negra, infusionado con aceite de oliva de primera calidad y arom\u00e1ticas trufas negras. Perfecto para a\u00f1adir lujo a cualquier comida","breadcrumb":{"@id":"https:\/\/loslobospremium.com\/es\/producto\/black-truffle-evoo\/#breadcrumb"},"inLanguage":"es","potentialAction":[{"@type":"ReadAction","target":["https:\/\/loslobospremium.com\/es\/producto\/black-truffle-evoo\/"]}]},{"@type":"BreadcrumbList","@id":"https:\/\/loslobospremium.com\/es\/producto\/black-truffle-evoo\/#breadcrumb","itemListElement":[{"@type":"ListItem","position":1,"name":"Home","item":"https:\/\/loslobospremium.com\/es\/"},{"@type":"ListItem","position":2,"name":"Tienda","item":"https:\/\/loslobospremium.com\/tienda\/"},{"@type":"ListItem","position":3,"name":"EVOO DE TRUFA NEGRA"}]},{"@type":"WebSite","@id":"https:\/\/loslobospremium.com\/es\/#website","url":"https:\/\/loslobospremium.com\/es\/","name":"Los Lobos","description":"Premium Quality Olive Oil","publisher":{"@id":"https:\/\/loslobospremium.com\/es\/#organization"},"potentialAction":[{"@type":"SearchAction","target":{"@type":"EntryPoint","urlTemplate":"https:\/\/loslobospremium.com\/es\/?s={search_term_string}"},"query-input":"required name=search_term_string"}],"inLanguage":"es"},{"@type":"Organization","@id":"https:\/\/loslobospremium.com\/es\/#organization","name":"Los Lobos Premium Olive Oil","url":"https:\/\/loslobospremium.com\/es\/","logo":{"@type":"ImageObject","inLanguage":"es","@id":"https:\/\/loslobospremium.com\/es\/#\/schema\/logo\/image\/","url":"https:\/\/loslobospremium.com\/wp-content\/uploads\/2022\/11\/cropped-cropped-cropped-LOGO_LOS_LOBOS_V6-removebg-preview-1-e1667772859488.png","contentUrl":"https:\/\/loslobospremium.com\/wp-content\/uploads\/2022\/11\/cropped-cropped-cropped-LOGO_LOS_LOBOS_V6-removebg-preview-1-e1667772859488.png","width":200,"height":159,"caption":"Los Lobos Premium Olive Oil"},"image":{"@id":"https:\/\/loslobospremium.com\/es\/#\/schema\/logo\/image\/"}}]}},"_links":{"self":[{"href":"https:\/\/loslobospremium.com\/es\/wp-json\/wp\/v2\/product\/21569","targetHints":{"allow":["GET"]}}],"collection":[{"href":"https:\/\/loslobospremium.com\/es\/wp-json\/wp\/v2\/product"}],"about":[{"href":"https:\/\/loslobospremium.com\/es\/wp-json\/wp\/v2\/types\/product"}],"replies":[{"embeddable":true,"href":"https:\/\/loslobospremium.com\/es\/wp-json\/wp\/v2\/comments?post=21569"}],"wp:featuredmedia":[{"embeddable":true,"href":"https:\/\/loslobospremium.com\/es\/wp-json\/wp\/v2\/media\/21449"}],"wp:attachment":[{"href":"https:\/\/loslobospremium.com\/es\/wp-json\/wp\/v2\/media?parent=21569"}],"wp:term":[{"taxonomy":"product_cat","embeddable":true,"href":"https:\/\/loslobospremium.com\/es\/wp-json\/wp\/v2\/product_cat?post=21569"},{"taxonomy":"product_tag","embeddable":true,"href":"https:\/\/loslobospremium.com\/es\/wp-json\/wp\/v2\/product_tag?post=21569"}],"curies":[{"name":"wp","href":"https:\/\/api.w.org\/{rel}","templated":true}]}}