{"id":21582,"date":"2020-05-12T12:03:40","date_gmt":"2020-05-12T11:03:40","guid":{"rendered":"https:\/\/loslobospremium.com\/product\/premium-paket\/"},"modified":"2025-12-25T05:34:54","modified_gmt":"2025-12-25T04:34:54","slug":"premium-paket","status":"publish","type":"product","link":"https:\/\/loslobospremium.com\/de\/produkt\/premium-paket\/","title":{"rendered":"PREMIUM-PAKET"},"content":{"rendered":"<p>Die Sorte <strong>Arbequina<\/strong> bringt ein <strong>mildes<\/strong> und <strong>delikates<\/strong> Geschmacksprofil mit einem Hauch von Apfel und Mandel mit. Die Sorte <strong>Picual<\/strong> ist bekannt f\u00fcr ihren kr\u00e4ftigen und <strong>intensiven Geschmack<\/strong> mit Noten von Tomate, Artischocke und frisch geschnittenem Gras. Die <strong>Coupage-Sorte<\/strong> ist eine sorgf\u00e4ltig ausgewogene <strong>Mischung aus Arbequina und Picual<\/strong>, die ein harmonisches Geschmacksprofil mit mittlerer Intensit\u00e4t und einem angenehmen Gleichgewicht von Bitterkeit und Sch\u00e4rfe ergibt.<\/p>\n<p>Unsere Oliven\u00f6lpackung ist perfekt f\u00fcr den anspruchsvollen Gaumen, ideal f\u00fcr die Verwendung in <strong>Salaten<\/strong>, <strong>Pastagerichten<\/strong>, gegrilltem <strong>Gem\u00fcse<\/strong>, <strong>Marinaden<\/strong> oder einfach mit Salz in Ihrem <strong>frischen Brot<\/strong>. Erleben Sie noch heute den reichhaltigen Geschmack und die Aromen unserer Premium-Oliven\u00f6lpackung und bringen Sie Ihre kulinarischen Kreationen auf ein neues Niveau.<\/p>\n","protected":false},"excerpt":{"rendered":"<p>Wir stellen Ihnen unser <strong>exquisites Oliven\u00f6lpaket<\/strong> mit drei verschiedenen Sorten vor: <strong>Arbequina, Picual<\/strong> und <strong>Coupage<\/strong>.  <\/p>\n<p>Jede Flasche (8,45 oz) enth\u00e4lt kaltgepresstes natives Oliven\u00f6l extra von h\u00f6chster Qualit\u00e4t aus <strong>erster Ernte<\/strong>, das sorgf\u00e4ltig hergestellt wird, um den reichen, fruchtigen Geschmack und das Aroma der Oliven <strong>zu bewahren<\/strong>.<\/p>\n","protected":false},"featured_media":21356,"comment_status":"open","ping_status":"closed","template":"","meta":[],"product_cat":[234,233],"product_tag":[],"class_list":{"0":"post-21582","1":"product","2":"type-product","3":"status-publish","4":"has-post-thumbnail","6":"product_cat-beste-evoos","7":"product_cat-fruhe-ernte","9":"first","10":"outofstock","11":"sale","12":"shipping-taxable","13":"purchasable","14":"product-type-simple"},"yoast_head":"<!-- This site is optimized with the Yoast SEO plugin v21.7 - https:\/\/yoast.com\/wordpress\/plugins\/seo\/ -->\n<title>PREMIUM-PAKET - Los Lobos<\/title>\n<meta name=\"description\" content=\"Packung mit 3 hochwertigen EVOO-Sorten: Picual, Arbequina und Coupage. Ein Premium-Paket aus der ersten Ernte, perfekt zum Genie\u00dfen Ihrer Mahlzeiten!\" \/>\n<meta name=\"robots\" content=\"index, follow, max-snippet:-1, max-image-preview:large, max-video-preview:-1\" \/>\n<link rel=\"canonical\" href=\"https:\/\/loslobospremium.com\/de\/produkt\/premium-paket\/\" \/>\n<meta property=\"og:locale\" content=\"de_DE\" \/>\n<meta property=\"og:type\" content=\"article\" \/>\n<meta property=\"og:title\" content=\"PREMIUM-PAKET - Los Lobos\" \/>\n<meta property=\"og:description\" content=\"Packung mit 3 hochwertigen EVOO-Sorten: Picual, Arbequina und Coupage. Ein Premium-Paket aus der ersten Ernte, perfekt zum Genie\u00dfen Ihrer Mahlzeiten!\" \/>\n<meta property=\"og:url\" content=\"https:\/\/loslobospremium.com\/de\/produkt\/premium-paket\/\" \/>\n<meta property=\"og:site_name\" content=\"Los Lobos\" \/>\n<meta property=\"article:modified_time\" content=\"2025-12-25T04:34:54+00:00\" \/>\n<meta property=\"og:image\" content=\"https:\/\/loslobospremium.com\/wp-content\/uploads\/2020\/05\/PREMIUM-PACK-LOS-LOBOS.png\" \/>\n\t<meta property=\"og:image:width\" content=\"1920\" \/>\n\t<meta property=\"og:image:height\" content=\"1080\" \/>\n\t<meta property=\"og:image:type\" content=\"image\/png\" \/>\n<meta name=\"twitter:card\" content=\"summary_large_image\" \/>\n<meta name=\"twitter:label1\" content=\"Gesch\u00e4tzte Lesezeit\" \/>\n\t<meta name=\"twitter:data1\" content=\"1\u00a0Minute\" \/>\n<script type=\"application\/ld+json\" class=\"yoast-schema-graph\">{\"@context\":\"https:\/\/schema.org\",\"@graph\":[{\"@type\":\"WebPage\",\"@id\":\"https:\/\/loslobospremium.com\/de\/produkt\/premium-paket\/\",\"url\":\"https:\/\/loslobospremium.com\/de\/produkt\/premium-paket\/\",\"name\":\"PREMIUM-PAKET - Los Lobos\",\"isPartOf\":{\"@id\":\"https:\/\/loslobospremium.com\/de\/#website\"},\"datePublished\":\"2020-05-12T11:03:40+00:00\",\"dateModified\":\"2025-12-25T04:34:54+00:00\",\"description\":\"Packung mit 3 hochwertigen EVOO-Sorten: Picual, Arbequina und Coupage. Ein Premium-Paket aus der ersten Ernte, perfekt zum Genie\u00dfen Ihrer Mahlzeiten!\",\"breadcrumb\":{\"@id\":\"https:\/\/loslobospremium.com\/de\/produkt\/premium-paket\/#breadcrumb\"},\"inLanguage\":\"de\",\"potentialAction\":[{\"@type\":\"ReadAction\",\"target\":[\"https:\/\/loslobospremium.com\/de\/produkt\/premium-paket\/\"]}]},{\"@type\":\"BreadcrumbList\",\"@id\":\"https:\/\/loslobospremium.com\/de\/produkt\/premium-paket\/#breadcrumb\",\"itemListElement\":[{\"@type\":\"ListItem\",\"position\":1,\"name\":\"Home\",\"item\":\"https:\/\/loslobospremium.com\/de\/\"},{\"@type\":\"ListItem\",\"position\":2,\"name\":\"Shop\",\"item\":\"https:\/\/loslobospremium.com\/shop\/\"},{\"@type\":\"ListItem\",\"position\":3,\"name\":\"PREMIUM-PAKET\"}]},{\"@type\":\"WebSite\",\"@id\":\"https:\/\/loslobospremium.com\/de\/#website\",\"url\":\"https:\/\/loslobospremium.com\/de\/\",\"name\":\"Los Lobos\",\"description\":\"Premium Quality Olive Oil\",\"publisher\":{\"@id\":\"https:\/\/loslobospremium.com\/de\/#organization\"},\"potentialAction\":[{\"@type\":\"SearchAction\",\"target\":{\"@type\":\"EntryPoint\",\"urlTemplate\":\"https:\/\/loslobospremium.com\/de\/?s={search_term_string}\"},\"query-input\":\"required name=search_term_string\"}],\"inLanguage\":\"de\"},{\"@type\":\"Organization\",\"@id\":\"https:\/\/loslobospremium.com\/de\/#organization\",\"name\":\"Los Lobos Premium Olive Oil\",\"url\":\"https:\/\/loslobospremium.com\/de\/\",\"logo\":{\"@type\":\"ImageObject\",\"inLanguage\":\"de\",\"@id\":\"https:\/\/loslobospremium.com\/de\/#\/schema\/logo\/image\/\",\"url\":\"https:\/\/loslobospremium.com\/wp-content\/uploads\/2022\/11\/cropped-cropped-cropped-LOGO_LOS_LOBOS_V6-removebg-preview-1-e1667772859488.png\",\"contentUrl\":\"https:\/\/loslobospremium.com\/wp-content\/uploads\/2022\/11\/cropped-cropped-cropped-LOGO_LOS_LOBOS_V6-removebg-preview-1-e1667772859488.png\",\"width\":200,\"height\":159,\"caption\":\"Los Lobos Premium Olive Oil\"},\"image\":{\"@id\":\"https:\/\/loslobospremium.com\/de\/#\/schema\/logo\/image\/\"}}]}<\/script>\n<!-- \/ Yoast SEO plugin. -->","yoast_head_json":{"title":"PREMIUM-PAKET - Los Lobos","description":"Packung mit 3 hochwertigen EVOO-Sorten: Picual, Arbequina und Coupage. Ein Premium-Paket aus der ersten Ernte, perfekt zum Genie\u00dfen Ihrer Mahlzeiten!","robots":{"index":"index","follow":"follow","max-snippet":"max-snippet:-1","max-image-preview":"max-image-preview:large","max-video-preview":"max-video-preview:-1"},"canonical":"https:\/\/loslobospremium.com\/de\/produkt\/premium-paket\/","og_locale":"de_DE","og_type":"article","og_title":"PREMIUM-PAKET - Los Lobos","og_description":"Packung mit 3 hochwertigen EVOO-Sorten: Picual, Arbequina und Coupage. Ein Premium-Paket aus der ersten Ernte, perfekt zum Genie\u00dfen Ihrer Mahlzeiten!","og_url":"https:\/\/loslobospremium.com\/de\/produkt\/premium-paket\/","og_site_name":"Los Lobos","article_modified_time":"2025-12-25T04:34:54+00:00","og_image":[{"width":1920,"height":1080,"url":"https:\/\/loslobospremium.com\/wp-content\/uploads\/2020\/05\/PREMIUM-PACK-LOS-LOBOS.png","type":"image\/png"}],"twitter_card":"summary_large_image","twitter_misc":{"Gesch\u00e4tzte Lesezeit":"1\u00a0Minute"},"schema":{"@context":"https:\/\/schema.org","@graph":[{"@type":"WebPage","@id":"https:\/\/loslobospremium.com\/de\/produkt\/premium-paket\/","url":"https:\/\/loslobospremium.com\/de\/produkt\/premium-paket\/","name":"PREMIUM-PAKET - Los Lobos","isPartOf":{"@id":"https:\/\/loslobospremium.com\/de\/#website"},"datePublished":"2020-05-12T11:03:40+00:00","dateModified":"2025-12-25T04:34:54+00:00","description":"Packung mit 3 hochwertigen EVOO-Sorten: Picual, Arbequina und Coupage. Ein Premium-Paket aus der ersten Ernte, perfekt zum Genie\u00dfen Ihrer Mahlzeiten!","breadcrumb":{"@id":"https:\/\/loslobospremium.com\/de\/produkt\/premium-paket\/#breadcrumb"},"inLanguage":"de","potentialAction":[{"@type":"ReadAction","target":["https:\/\/loslobospremium.com\/de\/produkt\/premium-paket\/"]}]},{"@type":"BreadcrumbList","@id":"https:\/\/loslobospremium.com\/de\/produkt\/premium-paket\/#breadcrumb","itemListElement":[{"@type":"ListItem","position":1,"name":"Home","item":"https:\/\/loslobospremium.com\/de\/"},{"@type":"ListItem","position":2,"name":"Shop","item":"https:\/\/loslobospremium.com\/shop\/"},{"@type":"ListItem","position":3,"name":"PREMIUM-PAKET"}]},{"@type":"WebSite","@id":"https:\/\/loslobospremium.com\/de\/#website","url":"https:\/\/loslobospremium.com\/de\/","name":"Los Lobos","description":"Premium Quality Olive Oil","publisher":{"@id":"https:\/\/loslobospremium.com\/de\/#organization"},"potentialAction":[{"@type":"SearchAction","target":{"@type":"EntryPoint","urlTemplate":"https:\/\/loslobospremium.com\/de\/?s={search_term_string}"},"query-input":"required name=search_term_string"}],"inLanguage":"de"},{"@type":"Organization","@id":"https:\/\/loslobospremium.com\/de\/#organization","name":"Los Lobos Premium Olive Oil","url":"https:\/\/loslobospremium.com\/de\/","logo":{"@type":"ImageObject","inLanguage":"de","@id":"https:\/\/loslobospremium.com\/de\/#\/schema\/logo\/image\/","url":"https:\/\/loslobospremium.com\/wp-content\/uploads\/2022\/11\/cropped-cropped-cropped-LOGO_LOS_LOBOS_V6-removebg-preview-1-e1667772859488.png","contentUrl":"https:\/\/loslobospremium.com\/wp-content\/uploads\/2022\/11\/cropped-cropped-cropped-LOGO_LOS_LOBOS_V6-removebg-preview-1-e1667772859488.png","width":200,"height":159,"caption":"Los Lobos Premium Olive Oil"},"image":{"@id":"https:\/\/loslobospremium.com\/de\/#\/schema\/logo\/image\/"}}]}},"_links":{"self":[{"href":"https:\/\/loslobospremium.com\/de\/wp-json\/wp\/v2\/product\/21582","targetHints":{"allow":["GET"]}}],"collection":[{"href":"https:\/\/loslobospremium.com\/de\/wp-json\/wp\/v2\/product"}],"about":[{"href":"https:\/\/loslobospremium.com\/de\/wp-json\/wp\/v2\/types\/product"}],"replies":[{"embeddable":true,"href":"https:\/\/loslobospremium.com\/de\/wp-json\/wp\/v2\/comments?post=21582"}],"wp:featuredmedia":[{"embeddable":true,"href":"https:\/\/loslobospremium.com\/de\/wp-json\/wp\/v2\/media\/21356"}],"wp:attachment":[{"href":"https:\/\/loslobospremium.com\/de\/wp-json\/wp\/v2\/media?parent=21582"}],"wp:term":[{"taxonomy":"product_cat","embeddable":true,"href":"https:\/\/loslobospremium.com\/de\/wp-json\/wp\/v2\/product_cat?post=21582"},{"taxonomy":"product_tag","embeddable":true,"href":"https:\/\/loslobospremium.com\/de\/wp-json\/wp\/v2\/product_tag?post=21582"}],"curies":[{"name":"wp","href":"https:\/\/api.w.org\/{rel}","templated":true}]}}