{"id":21581,"date":"2020-05-12T12:18:04","date_gmt":"2020-05-12T11:18:04","guid":{"rendered":"https:\/\/loslobospremium.com\/product\/coupage-1905\/"},"modified":"2025-11-07T04:37:43","modified_gmt":"2025-11-07T03:37:43","slug":"kopplung","status":"publish","type":"product","link":"https:\/\/loslobospremium.com\/de\/produkt\/kopplung\/","title":{"rendered":"Coupage 1905"},"content":{"rendered":"<p>Unser Coupage EVOO zeichnet sich durch eine mittlere Intensit\u00e4t mit <strong>ausgewogener Bitterkeit und Sch\u00e4rfe<\/strong> aus, wodurch ein komplexer und k\u00f6stlicher Geschmack entsteht. Er eignet sich perfekt zur <strong>Verfeinerung des Geschmacks<\/strong> von gegrilltem Fleisch, gebratenem Gem\u00fcse und sogar zum Betr\u00e4ufeln von <strong>knusprigem Baguette<\/strong>. Au\u00dferdem enth\u00e4lt es viele gesunde einfach unges\u00e4ttigte Fetts\u00e4uren und Antioxidantien, was es zu einer nahrhaften und geschmackvollen Wahl f\u00fcr gesundheitsbewusste Verbraucher macht.<\/p>\n","protected":false},"excerpt":{"rendered":"<p>Wir stellen Ihnen unser exquisites <strong>Natives Oliven\u00f6l Extra Coupage<\/strong> vor, das aus der ersten Ernte der Saison gewonnen wird und die perfekte Mischung aus Arbequina- und Picual-Oliven darstellt. Unsere 500-ml-Flasche ist mit den <strong>feinsten handverlesenen Oliven<\/strong> gef\u00fcllt, die kaltgepresst werden, um ein <strong>einzigartiges<\/strong> und <strong>harmonisches<\/strong> Geschmacksprofil zu schaffen; ein ausgewogenes \u00d6l mit einem <strong>fruchtigen Aroma<\/strong> und einem leicht <strong>pfeffrigen<\/strong> Abgang. Ideal als Dressing oder zum Betr\u00e4ufeln Ihrer Lieblingsgerichte.<\/p>\n","protected":false},"featured_media":21313,"comment_status":"open","ping_status":"closed","template":"","meta":[],"product_cat":[229,233],"product_tag":[276,266,277],"class_list":{"0":"post-21581","1":"product","2":"type-product","3":"status-publish","4":"has-post-thumbnail","6":"product_cat-dressing-evoos-de","7":"product_cat-fruhe-ernte","8":"product_tag-arbequina-de","9":"product_tag-bitter","10":"product_tag-mild-de","12":"first","13":"outofstock","14":"shipping-taxable","15":"purchasable","16":"product-type-simple"},"yoast_head":"<!-- This site is optimized with the Yoast SEO plugin v21.7 - https:\/\/yoast.com\/wordpress\/plugins\/seo\/ -->\n<title>Coupage 1905 - Los Lobos<\/title>\n<meta name=\"description\" content=\"Unser exquisites Coupage EVOO ist eine einzigartige Mischung aus Arbequina- und Picual-Oliven, die einen harmonischen und k\u00f6stlichen Geschmack ergeben. Perfekt, um jedes Gericht zu verfeinern.\" \/>\n<meta name=\"robots\" content=\"index, follow, max-snippet:-1, max-image-preview:large, max-video-preview:-1\" \/>\n<link rel=\"canonical\" href=\"https:\/\/loslobospremium.com\/de\/produkt\/kopplung\/\" \/>\n<meta property=\"og:locale\" content=\"de_DE\" \/>\n<meta property=\"og:type\" content=\"article\" \/>\n<meta property=\"og:title\" content=\"Coupage 1905 - Los Lobos\" \/>\n<meta property=\"og:description\" content=\"Unser exquisites Coupage EVOO ist eine einzigartige Mischung aus Arbequina- und Picual-Oliven, die einen harmonischen und k\u00f6stlichen Geschmack ergeben. Perfekt, um jedes Gericht zu verfeinern.\" \/>\n<meta property=\"og:url\" content=\"https:\/\/loslobospremium.com\/de\/produkt\/kopplung\/\" \/>\n<meta property=\"og:site_name\" content=\"Los Lobos\" \/>\n<meta property=\"article:modified_time\" content=\"2025-11-07T03:37:43+00:00\" \/>\n<meta property=\"og:image\" content=\"https:\/\/loslobospremium.com\/wp-content\/uploads\/2020\/05\/COUPAGE-1905-LOS-LOBOS.jpg\" \/>\n\t<meta property=\"og:image:width\" content=\"1920\" \/>\n\t<meta property=\"og:image:height\" content=\"1920\" \/>\n\t<meta property=\"og:image:type\" content=\"image\/jpeg\" \/>\n<meta name=\"twitter:card\" content=\"summary_large_image\" \/>\n<script type=\"application\/ld+json\" class=\"yoast-schema-graph\">{\"@context\":\"https:\/\/schema.org\",\"@graph\":[{\"@type\":\"WebPage\",\"@id\":\"https:\/\/loslobospremium.com\/de\/produkt\/kopplung\/\",\"url\":\"https:\/\/loslobospremium.com\/de\/produkt\/kopplung\/\",\"name\":\"Coupage 1905 - Los Lobos\",\"isPartOf\":{\"@id\":\"https:\/\/loslobospremium.com\/de\/#website\"},\"datePublished\":\"2020-05-12T11:18:04+00:00\",\"dateModified\":\"2025-11-07T03:37:43+00:00\",\"description\":\"Unser exquisites Coupage EVOO ist eine einzigartige Mischung aus Arbequina- und Picual-Oliven, die einen harmonischen und k\u00f6stlichen Geschmack ergeben. Perfekt, um jedes Gericht zu verfeinern.\",\"breadcrumb\":{\"@id\":\"https:\/\/loslobospremium.com\/de\/produkt\/kopplung\/#breadcrumb\"},\"inLanguage\":\"de\",\"potentialAction\":[{\"@type\":\"ReadAction\",\"target\":[\"https:\/\/loslobospremium.com\/de\/produkt\/kopplung\/\"]}]},{\"@type\":\"BreadcrumbList\",\"@id\":\"https:\/\/loslobospremium.com\/de\/produkt\/kopplung\/#breadcrumb\",\"itemListElement\":[{\"@type\":\"ListItem\",\"position\":1,\"name\":\"Home\",\"item\":\"https:\/\/loslobospremium.com\/de\/\"},{\"@type\":\"ListItem\",\"position\":2,\"name\":\"Shop\",\"item\":\"https:\/\/loslobospremium.com\/shop\/\"},{\"@type\":\"ListItem\",\"position\":3,\"name\":\"Coupage 1905\"}]},{\"@type\":\"WebSite\",\"@id\":\"https:\/\/loslobospremium.com\/de\/#website\",\"url\":\"https:\/\/loslobospremium.com\/de\/\",\"name\":\"Los Lobos\",\"description\":\"Premium Quality Olive Oil\",\"publisher\":{\"@id\":\"https:\/\/loslobospremium.com\/de\/#organization\"},\"potentialAction\":[{\"@type\":\"SearchAction\",\"target\":{\"@type\":\"EntryPoint\",\"urlTemplate\":\"https:\/\/loslobospremium.com\/de\/?s={search_term_string}\"},\"query-input\":\"required name=search_term_string\"}],\"inLanguage\":\"de\"},{\"@type\":\"Organization\",\"@id\":\"https:\/\/loslobospremium.com\/de\/#organization\",\"name\":\"Los Lobos Premium Olive Oil\",\"url\":\"https:\/\/loslobospremium.com\/de\/\",\"logo\":{\"@type\":\"ImageObject\",\"inLanguage\":\"de\",\"@id\":\"https:\/\/loslobospremium.com\/de\/#\/schema\/logo\/image\/\",\"url\":\"https:\/\/loslobospremium.com\/wp-content\/uploads\/2022\/11\/cropped-cropped-cropped-LOGO_LOS_LOBOS_V6-removebg-preview-1-e1667772859488.png\",\"contentUrl\":\"https:\/\/loslobospremium.com\/wp-content\/uploads\/2022\/11\/cropped-cropped-cropped-LOGO_LOS_LOBOS_V6-removebg-preview-1-e1667772859488.png\",\"width\":200,\"height\":159,\"caption\":\"Los Lobos Premium Olive Oil\"},\"image\":{\"@id\":\"https:\/\/loslobospremium.com\/de\/#\/schema\/logo\/image\/\"}}]}<\/script>\n<!-- \/ Yoast SEO plugin. -->","yoast_head_json":{"title":"Coupage 1905 - Los Lobos","description":"Unser exquisites Coupage EVOO ist eine einzigartige Mischung aus Arbequina- und Picual-Oliven, die einen harmonischen und k\u00f6stlichen Geschmack ergeben. Perfekt, um jedes Gericht zu verfeinern.","robots":{"index":"index","follow":"follow","max-snippet":"max-snippet:-1","max-image-preview":"max-image-preview:large","max-video-preview":"max-video-preview:-1"},"canonical":"https:\/\/loslobospremium.com\/de\/produkt\/kopplung\/","og_locale":"de_DE","og_type":"article","og_title":"Coupage 1905 - Los Lobos","og_description":"Unser exquisites Coupage EVOO ist eine einzigartige Mischung aus Arbequina- und Picual-Oliven, die einen harmonischen und k\u00f6stlichen Geschmack ergeben. Perfekt, um jedes Gericht zu verfeinern.","og_url":"https:\/\/loslobospremium.com\/de\/produkt\/kopplung\/","og_site_name":"Los Lobos","article_modified_time":"2025-11-07T03:37:43+00:00","og_image":[{"width":1920,"height":1920,"url":"https:\/\/loslobospremium.com\/wp-content\/uploads\/2020\/05\/COUPAGE-1905-LOS-LOBOS.jpg","type":"image\/jpeg"}],"twitter_card":"summary_large_image","schema":{"@context":"https:\/\/schema.org","@graph":[{"@type":"WebPage","@id":"https:\/\/loslobospremium.com\/de\/produkt\/kopplung\/","url":"https:\/\/loslobospremium.com\/de\/produkt\/kopplung\/","name":"Coupage 1905 - Los Lobos","isPartOf":{"@id":"https:\/\/loslobospremium.com\/de\/#website"},"datePublished":"2020-05-12T11:18:04+00:00","dateModified":"2025-11-07T03:37:43+00:00","description":"Unser exquisites Coupage EVOO ist eine einzigartige Mischung aus Arbequina- und Picual-Oliven, die einen harmonischen und k\u00f6stlichen Geschmack ergeben. Perfekt, um jedes Gericht zu verfeinern.","breadcrumb":{"@id":"https:\/\/loslobospremium.com\/de\/produkt\/kopplung\/#breadcrumb"},"inLanguage":"de","potentialAction":[{"@type":"ReadAction","target":["https:\/\/loslobospremium.com\/de\/produkt\/kopplung\/"]}]},{"@type":"BreadcrumbList","@id":"https:\/\/loslobospremium.com\/de\/produkt\/kopplung\/#breadcrumb","itemListElement":[{"@type":"ListItem","position":1,"name":"Home","item":"https:\/\/loslobospremium.com\/de\/"},{"@type":"ListItem","position":2,"name":"Shop","item":"https:\/\/loslobospremium.com\/shop\/"},{"@type":"ListItem","position":3,"name":"Coupage 1905"}]},{"@type":"WebSite","@id":"https:\/\/loslobospremium.com\/de\/#website","url":"https:\/\/loslobospremium.com\/de\/","name":"Los Lobos","description":"Premium Quality Olive Oil","publisher":{"@id":"https:\/\/loslobospremium.com\/de\/#organization"},"potentialAction":[{"@type":"SearchAction","target":{"@type":"EntryPoint","urlTemplate":"https:\/\/loslobospremium.com\/de\/?s={search_term_string}"},"query-input":"required name=search_term_string"}],"inLanguage":"de"},{"@type":"Organization","@id":"https:\/\/loslobospremium.com\/de\/#organization","name":"Los Lobos Premium Olive Oil","url":"https:\/\/loslobospremium.com\/de\/","logo":{"@type":"ImageObject","inLanguage":"de","@id":"https:\/\/loslobospremium.com\/de\/#\/schema\/logo\/image\/","url":"https:\/\/loslobospremium.com\/wp-content\/uploads\/2022\/11\/cropped-cropped-cropped-LOGO_LOS_LOBOS_V6-removebg-preview-1-e1667772859488.png","contentUrl":"https:\/\/loslobospremium.com\/wp-content\/uploads\/2022\/11\/cropped-cropped-cropped-LOGO_LOS_LOBOS_V6-removebg-preview-1-e1667772859488.png","width":200,"height":159,"caption":"Los Lobos Premium Olive Oil"},"image":{"@id":"https:\/\/loslobospremium.com\/de\/#\/schema\/logo\/image\/"}}]}},"_links":{"self":[{"href":"https:\/\/loslobospremium.com\/de\/wp-json\/wp\/v2\/product\/21581","targetHints":{"allow":["GET"]}}],"collection":[{"href":"https:\/\/loslobospremium.com\/de\/wp-json\/wp\/v2\/product"}],"about":[{"href":"https:\/\/loslobospremium.com\/de\/wp-json\/wp\/v2\/types\/product"}],"replies":[{"embeddable":true,"href":"https:\/\/loslobospremium.com\/de\/wp-json\/wp\/v2\/comments?post=21581"}],"wp:featuredmedia":[{"embeddable":true,"href":"https:\/\/loslobospremium.com\/de\/wp-json\/wp\/v2\/media\/21313"}],"wp:attachment":[{"href":"https:\/\/loslobospremium.com\/de\/wp-json\/wp\/v2\/media?parent=21581"}],"wp:term":[{"taxonomy":"product_cat","embeddable":true,"href":"https:\/\/loslobospremium.com\/de\/wp-json\/wp\/v2\/product_cat?post=21581"},{"taxonomy":"product_tag","embeddable":true,"href":"https:\/\/loslobospremium.com\/de\/wp-json\/wp\/v2\/product_tag?post=21581"}],"curies":[{"name":"wp","href":"https:\/\/api.w.org\/{rel}","templated":true}]}}