{"id":21578,"date":"2020-05-12T10:33:03","date_gmt":"2020-05-12T09:33:03","guid":{"rendered":"https:\/\/loslobospremium.com\/product\/picual-2l\/"},"modified":"2023-03-27T16:33:49","modified_gmt":"2023-03-27T15:33:49","slug":"picual","status":"publish","type":"product","link":"https:\/\/loslobospremium.com\/de\/produkt\/picual\/","title":{"rendered":"Picual 2L"},"content":{"rendered":"<p>Wir stellen Ihnen unser natives Oliven\u00f6l extra Picual vor, das sorgf\u00e4ltig aus der <strong>aktuellen Saison<\/strong> hergestellt wird, um Ihnen die h\u00f6chste Qualit\u00e4t und das authentischste Geschmackserlebnis zu bieten. Unsere 2L \/ 0.53USgal \/ 0.44gal Flasche ist mit reichhaltigem, <strong>fruchtigem und robustem<\/strong> Oliven\u00f6l gef\u00fcllt, das das einzigartige Terroir und die traditionellen Produktionsmethoden widerspiegelt, die Picual EVOO zu <strong>einem der begehrtesten \u00d6le der Welt<\/strong> machen.<\/p>\n<p>Erleben Sie noch heute die au\u00dfergew\u00f6hnliche Qualit\u00e4t und den Geschmack unseres nativen Oliven\u00f6ls extra Picual und verleihen Sie Ihren kulinarischen Kreationen eine neue Dimension.<\/p>\n","protected":false},"excerpt":{"rendered":"<p>Unser Picual EVOO zeichnet sich durch intensive Noten von <strong>frisch geschnittenem Gras<\/strong>, Tomate und Artischocke aus, mit einem <strong>leicht bitteren und pfeffrigen Abgang<\/strong>, der Ihren Gaumen erfreuen wird. Unser Picual EVOO eignet sich hervorragend zum Kochen, Betr\u00e4ufeln und Verfeinern Ihrer Lieblingsgerichte und ist ein unverzichtbarer Bestandteil in Ihrer K\u00fcche. Au\u00dferdem enth\u00e4lt er viele herzgesunde einfach unges\u00e4ttigte Fetts\u00e4uren und Antioxidantien, was ihn zu einer gesunden und schmackhaften Erg\u00e4nzung Ihrer Ern\u00e4hrung macht.<\/p>\n","protected":false},"featured_media":21376,"comment_status":"closed","ping_status":"closed","template":"","meta":[],"product_cat":[229,264],"product_tag":[271,266,270],"class_list":{"0":"post-21578","1":"product","2":"type-product","3":"status-publish","4":"has-post-thumbnail","6":"product_cat-dressing-evoos-de","7":"product_cat-evoos-zum-kochen","8":"product_tag-abrichten","9":"product_tag-bitter","10":"product_tag-kochen","12":"first","13":"outofstock","14":"shipping-taxable","15":"purchasable","16":"product-type-simple"},"yoast_head":"<!-- This site is optimized with the Yoast SEO plugin v21.7 - https:\/\/yoast.com\/wordpress\/plugins\/seo\/ -->\n<title>Picual 2L - Los Lobos<\/title>\n<meta name=\"description\" content=\"Erleben Sie noch heute die au\u00dfergew\u00f6hnliche Qualit\u00e4t und den Geschmack unseres nativen Oliven\u00f6ls extra Picual und verleihen Sie Ihren kulinarischen Kreationen eine neue Dimension.\" \/>\n<meta name=\"robots\" content=\"index, follow, max-snippet:-1, max-image-preview:large, max-video-preview:-1\" \/>\n<link rel=\"canonical\" href=\"https:\/\/loslobospremium.com\/de\/produkt\/picual\/\" \/>\n<meta property=\"og:locale\" content=\"de_DE\" \/>\n<meta property=\"og:type\" content=\"article\" \/>\n<meta property=\"og:title\" content=\"Picual 2L - Los Lobos\" \/>\n<meta property=\"og:description\" content=\"Erleben Sie noch heute die au\u00dfergew\u00f6hnliche Qualit\u00e4t und den Geschmack unseres nativen Oliven\u00f6ls extra Picual und verleihen Sie Ihren kulinarischen Kreationen eine neue Dimension.\" \/>\n<meta property=\"og:url\" content=\"https:\/\/loslobospremium.com\/de\/produkt\/picual\/\" \/>\n<meta property=\"og:site_name\" content=\"Los Lobos\" \/>\n<meta property=\"article:modified_time\" content=\"2023-03-27T15:33:49+00:00\" \/>\n<meta property=\"og:image\" content=\"https:\/\/loslobospremium.com\/wp-content\/uploads\/2020\/05\/los-losbos-extra-virgin-olive-oil-2L.jpg\" \/>\n\t<meta property=\"og:image:width\" content=\"1920\" \/>\n\t<meta property=\"og:image:height\" content=\"1920\" \/>\n\t<meta property=\"og:image:type\" content=\"image\/jpeg\" \/>\n<meta name=\"twitter:card\" content=\"summary_large_image\" \/>\n<script type=\"application\/ld+json\" class=\"yoast-schema-graph\">{\"@context\":\"https:\/\/schema.org\",\"@graph\":[{\"@type\":\"WebPage\",\"@id\":\"https:\/\/loslobospremium.com\/de\/produkt\/picual\/\",\"url\":\"https:\/\/loslobospremium.com\/de\/produkt\/picual\/\",\"name\":\"Picual 2L - Los Lobos\",\"isPartOf\":{\"@id\":\"https:\/\/loslobospremium.com\/de\/#website\"},\"datePublished\":\"2020-05-12T09:33:03+00:00\",\"dateModified\":\"2023-03-27T15:33:49+00:00\",\"description\":\"Erleben Sie noch heute die au\u00dfergew\u00f6hnliche Qualit\u00e4t und den Geschmack unseres nativen Oliven\u00f6ls extra Picual und verleihen Sie Ihren kulinarischen Kreationen eine neue Dimension.\",\"breadcrumb\":{\"@id\":\"https:\/\/loslobospremium.com\/de\/produkt\/picual\/#breadcrumb\"},\"inLanguage\":\"de\",\"potentialAction\":[{\"@type\":\"ReadAction\",\"target\":[\"https:\/\/loslobospremium.com\/de\/produkt\/picual\/\"]}]},{\"@type\":\"BreadcrumbList\",\"@id\":\"https:\/\/loslobospremium.com\/de\/produkt\/picual\/#breadcrumb\",\"itemListElement\":[{\"@type\":\"ListItem\",\"position\":1,\"name\":\"Home\",\"item\":\"https:\/\/loslobospremium.com\/de\/\"},{\"@type\":\"ListItem\",\"position\":2,\"name\":\"Shop\",\"item\":\"https:\/\/loslobospremium.com\/shop\/\"},{\"@type\":\"ListItem\",\"position\":3,\"name\":\"Picual 2L\"}]},{\"@type\":\"WebSite\",\"@id\":\"https:\/\/loslobospremium.com\/de\/#website\",\"url\":\"https:\/\/loslobospremium.com\/de\/\",\"name\":\"Los Lobos\",\"description\":\"Premium Quality Olive Oil\",\"publisher\":{\"@id\":\"https:\/\/loslobospremium.com\/de\/#organization\"},\"potentialAction\":[{\"@type\":\"SearchAction\",\"target\":{\"@type\":\"EntryPoint\",\"urlTemplate\":\"https:\/\/loslobospremium.com\/de\/?s={search_term_string}\"},\"query-input\":\"required name=search_term_string\"}],\"inLanguage\":\"de\"},{\"@type\":\"Organization\",\"@id\":\"https:\/\/loslobospremium.com\/de\/#organization\",\"name\":\"Los Lobos Premium Olive Oil\",\"url\":\"https:\/\/loslobospremium.com\/de\/\",\"logo\":{\"@type\":\"ImageObject\",\"inLanguage\":\"de\",\"@id\":\"https:\/\/loslobospremium.com\/de\/#\/schema\/logo\/image\/\",\"url\":\"https:\/\/loslobospremium.com\/wp-content\/uploads\/2022\/11\/cropped-cropped-cropped-LOGO_LOS_LOBOS_V6-removebg-preview-1-e1667772859488.png\",\"contentUrl\":\"https:\/\/loslobospremium.com\/wp-content\/uploads\/2022\/11\/cropped-cropped-cropped-LOGO_LOS_LOBOS_V6-removebg-preview-1-e1667772859488.png\",\"width\":200,\"height\":159,\"caption\":\"Los Lobos Premium Olive Oil\"},\"image\":{\"@id\":\"https:\/\/loslobospremium.com\/de\/#\/schema\/logo\/image\/\"}}]}<\/script>\n<!-- \/ Yoast SEO plugin. -->","yoast_head_json":{"title":"Picual 2L - Los Lobos","description":"Erleben Sie noch heute die au\u00dfergew\u00f6hnliche Qualit\u00e4t und den Geschmack unseres nativen Oliven\u00f6ls extra Picual und verleihen Sie Ihren kulinarischen Kreationen eine neue Dimension.","robots":{"index":"index","follow":"follow","max-snippet":"max-snippet:-1","max-image-preview":"max-image-preview:large","max-video-preview":"max-video-preview:-1"},"canonical":"https:\/\/loslobospremium.com\/de\/produkt\/picual\/","og_locale":"de_DE","og_type":"article","og_title":"Picual 2L - Los Lobos","og_description":"Erleben Sie noch heute die au\u00dfergew\u00f6hnliche Qualit\u00e4t und den Geschmack unseres nativen Oliven\u00f6ls extra Picual und verleihen Sie Ihren kulinarischen Kreationen eine neue Dimension.","og_url":"https:\/\/loslobospremium.com\/de\/produkt\/picual\/","og_site_name":"Los Lobos","article_modified_time":"2023-03-27T15:33:49+00:00","og_image":[{"width":1920,"height":1920,"url":"https:\/\/loslobospremium.com\/wp-content\/uploads\/2020\/05\/los-losbos-extra-virgin-olive-oil-2L.jpg","type":"image\/jpeg"}],"twitter_card":"summary_large_image","schema":{"@context":"https:\/\/schema.org","@graph":[{"@type":"WebPage","@id":"https:\/\/loslobospremium.com\/de\/produkt\/picual\/","url":"https:\/\/loslobospremium.com\/de\/produkt\/picual\/","name":"Picual 2L - Los Lobos","isPartOf":{"@id":"https:\/\/loslobospremium.com\/de\/#website"},"datePublished":"2020-05-12T09:33:03+00:00","dateModified":"2023-03-27T15:33:49+00:00","description":"Erleben Sie noch heute die au\u00dfergew\u00f6hnliche Qualit\u00e4t und den Geschmack unseres nativen Oliven\u00f6ls extra Picual und verleihen Sie Ihren kulinarischen Kreationen eine neue Dimension.","breadcrumb":{"@id":"https:\/\/loslobospremium.com\/de\/produkt\/picual\/#breadcrumb"},"inLanguage":"de","potentialAction":[{"@type":"ReadAction","target":["https:\/\/loslobospremium.com\/de\/produkt\/picual\/"]}]},{"@type":"BreadcrumbList","@id":"https:\/\/loslobospremium.com\/de\/produkt\/picual\/#breadcrumb","itemListElement":[{"@type":"ListItem","position":1,"name":"Home","item":"https:\/\/loslobospremium.com\/de\/"},{"@type":"ListItem","position":2,"name":"Shop","item":"https:\/\/loslobospremium.com\/shop\/"},{"@type":"ListItem","position":3,"name":"Picual 2L"}]},{"@type":"WebSite","@id":"https:\/\/loslobospremium.com\/de\/#website","url":"https:\/\/loslobospremium.com\/de\/","name":"Los Lobos","description":"Premium Quality Olive Oil","publisher":{"@id":"https:\/\/loslobospremium.com\/de\/#organization"},"potentialAction":[{"@type":"SearchAction","target":{"@type":"EntryPoint","urlTemplate":"https:\/\/loslobospremium.com\/de\/?s={search_term_string}"},"query-input":"required name=search_term_string"}],"inLanguage":"de"},{"@type":"Organization","@id":"https:\/\/loslobospremium.com\/de\/#organization","name":"Los Lobos Premium Olive Oil","url":"https:\/\/loslobospremium.com\/de\/","logo":{"@type":"ImageObject","inLanguage":"de","@id":"https:\/\/loslobospremium.com\/de\/#\/schema\/logo\/image\/","url":"https:\/\/loslobospremium.com\/wp-content\/uploads\/2022\/11\/cropped-cropped-cropped-LOGO_LOS_LOBOS_V6-removebg-preview-1-e1667772859488.png","contentUrl":"https:\/\/loslobospremium.com\/wp-content\/uploads\/2022\/11\/cropped-cropped-cropped-LOGO_LOS_LOBOS_V6-removebg-preview-1-e1667772859488.png","width":200,"height":159,"caption":"Los Lobos Premium Olive Oil"},"image":{"@id":"https:\/\/loslobospremium.com\/de\/#\/schema\/logo\/image\/"}}]}},"_links":{"self":[{"href":"https:\/\/loslobospremium.com\/de\/wp-json\/wp\/v2\/product\/21578","targetHints":{"allow":["GET"]}}],"collection":[{"href":"https:\/\/loslobospremium.com\/de\/wp-json\/wp\/v2\/product"}],"about":[{"href":"https:\/\/loslobospremium.com\/de\/wp-json\/wp\/v2\/types\/product"}],"replies":[{"embeddable":true,"href":"https:\/\/loslobospremium.com\/de\/wp-json\/wp\/v2\/comments?post=21578"}],"wp:featuredmedia":[{"embeddable":true,"href":"https:\/\/loslobospremium.com\/de\/wp-json\/wp\/v2\/media\/21376"}],"wp:attachment":[{"href":"https:\/\/loslobospremium.com\/de\/wp-json\/wp\/v2\/media?parent=21578"}],"wp:term":[{"taxonomy":"product_cat","embeddable":true,"href":"https:\/\/loslobospremium.com\/de\/wp-json\/wp\/v2\/product_cat?post=21578"},{"taxonomy":"product_tag","embeddable":true,"href":"https:\/\/loslobospremium.com\/de\/wp-json\/wp\/v2\/product_tag?post=21578"}],"curies":[{"name":"wp","href":"https:\/\/api.w.org\/{rel}","templated":true}]}}