{"id":21568,"date":"2020-05-12T12:21:00","date_gmt":"2020-05-12T11:21:00","guid":{"rendered":"https:\/\/loslobospremium.com\/product\/picual-1870\/"},"modified":"2025-12-25T05:34:34","modified_gmt":"2025-12-25T04:34:34","slug":"picual-1870","status":"publish","type":"product","link":"https:\/\/loslobospremium.com\/de\/produkt\/picual-1870\/","title":{"rendered":"Picual 1870"},"content":{"rendered":"<p>Unser Picual EVOO zeichnet sich durch intensive Noten von <strong>frisch geschnittenem Gras<\/strong>, Tomate und Artischocke aus, mit einem <strong>leicht bitteren und pfeffrigen Abgang<\/strong>, der Ihren Gaumen erfreuen wird. Unser Picual EVOO eignet sich perfekt zum Dippen, Betr\u00e4ufeln und Verfeinern Ihrer Lieblingsgerichte und ist ein unverzichtbarer Bestandteil jeder <strong>Gourmetk\u00fcche<\/strong>. Au\u00dferdem enth\u00e4lt er viele herzgesunde einfach unges\u00e4ttigte Fetts\u00e4uren und Antioxidantien, was ihn zu einer gesunden und schmackhaften Erg\u00e4nzung Ihrer Ern\u00e4hrung macht.<\/p>\n","protected":false},"excerpt":{"rendered":"<p>Wir stellen Ihnen unser exquisites <strong>Natives Oliven\u00f6l Extra Picual<\/strong> vor, das sorgf\u00e4ltig aus der <strong>ersten Ernte der Saison<\/strong> hergestellt wird, um Ihnen die h\u00f6chste Qualit\u00e4t und das <strong>authentischste Geschmackserlebnis<\/strong> zu bieten. Unsere 500-ml-Flasche ist mit einem reichhaltigen, fruchtigen und robusten Oliven\u00f6l gef\u00fcllt, das das einzigartige <em>Terroir<\/em> und die traditionellen Produktionsmethoden widerspiegelt, die Picual EVOO zu <strong>einem der begehrtesten \u00d6le der Welt<\/strong> machen.<\/p>\n<p>Erleben Sie noch heute die <strong>au\u00dfergew\u00f6hnliche Qualit\u00e4t und den Geschmack<\/strong> unseres nativen Oliven\u00f6ls extra Picual und verleihen Sie Ihren kulinarischen Kreationen eine neue Dimension.<\/p>\n","protected":false},"featured_media":21309,"comment_status":"open","ping_status":"closed","template":"","meta":[],"product_cat":[234,233],"product_tag":[239,238],"class_list":{"0":"post-21568","1":"product","2":"type-product","3":"status-publish","4":"has-post-thumbnail","6":"product_cat-beste-evoos","7":"product_cat-fruhe-ernte","8":"product_tag-fruhe-ernte","9":"product_tag-picual-de","11":"first","12":"outofstock","13":"shipping-taxable","14":"purchasable","15":"product-type-simple"},"yoast_head":"<!-- This site is optimized with the Yoast SEO plugin v21.7 - https:\/\/yoast.com\/wordpress\/plugins\/seo\/ -->\n<title>Picual 1870 - Los Lobos<\/title>\n<meta name=\"description\" content=\"Natives Oliven\u00f6l Extra Picual, das sorgf\u00e4ltig aus der ersten Ernte der Saison hergestellt wird, um Ihnen die h\u00f6chste Qualit\u00e4t und das authentischste Geschmackserlebnis zu bieten.\" \/>\n<meta name=\"robots\" content=\"index, follow, max-snippet:-1, max-image-preview:large, max-video-preview:-1\" \/>\n<link rel=\"canonical\" href=\"https:\/\/loslobospremium.com\/de\/produkt\/picual-1870\/\" \/>\n<meta property=\"og:locale\" content=\"de_DE\" \/>\n<meta property=\"og:type\" content=\"article\" \/>\n<meta property=\"og:title\" content=\"Picual 1870 - Los Lobos\" \/>\n<meta property=\"og:description\" content=\"Natives Oliven\u00f6l Extra Picual, das sorgf\u00e4ltig aus der ersten Ernte der Saison hergestellt wird, um Ihnen die h\u00f6chste Qualit\u00e4t und das authentischste Geschmackserlebnis zu bieten.\" \/>\n<meta property=\"og:url\" content=\"https:\/\/loslobospremium.com\/de\/produkt\/picual-1870\/\" \/>\n<meta property=\"og:site_name\" content=\"Los Lobos\" \/>\n<meta property=\"article:modified_time\" content=\"2025-12-25T04:34:34+00:00\" \/>\n<meta property=\"og:image\" content=\"https:\/\/loslobospremium.com\/wp-content\/uploads\/2020\/05\/PICUAL-1870-LOS-LOBOS.jpg\" \/>\n\t<meta property=\"og:image:width\" content=\"1920\" \/>\n\t<meta property=\"og:image:height\" content=\"1920\" \/>\n\t<meta property=\"og:image:type\" content=\"image\/jpeg\" \/>\n<meta name=\"twitter:card\" content=\"summary_large_image\" \/>\n<script type=\"application\/ld+json\" class=\"yoast-schema-graph\">{\"@context\":\"https:\/\/schema.org\",\"@graph\":[{\"@type\":\"WebPage\",\"@id\":\"https:\/\/loslobospremium.com\/de\/produkt\/picual-1870\/\",\"url\":\"https:\/\/loslobospremium.com\/de\/produkt\/picual-1870\/\",\"name\":\"Picual 1870 - Los Lobos\",\"isPartOf\":{\"@id\":\"https:\/\/loslobospremium.com\/de\/#website\"},\"datePublished\":\"2020-05-12T11:21:00+00:00\",\"dateModified\":\"2025-12-25T04:34:34+00:00\",\"description\":\"Natives Oliven\u00f6l Extra Picual, das sorgf\u00e4ltig aus der ersten Ernte der Saison hergestellt wird, um Ihnen die h\u00f6chste Qualit\u00e4t und das authentischste Geschmackserlebnis zu bieten.\",\"breadcrumb\":{\"@id\":\"https:\/\/loslobospremium.com\/de\/produkt\/picual-1870\/#breadcrumb\"},\"inLanguage\":\"de\",\"potentialAction\":[{\"@type\":\"ReadAction\",\"target\":[\"https:\/\/loslobospremium.com\/de\/produkt\/picual-1870\/\"]}]},{\"@type\":\"BreadcrumbList\",\"@id\":\"https:\/\/loslobospremium.com\/de\/produkt\/picual-1870\/#breadcrumb\",\"itemListElement\":[{\"@type\":\"ListItem\",\"position\":1,\"name\":\"Home\",\"item\":\"https:\/\/loslobospremium.com\/de\/\"},{\"@type\":\"ListItem\",\"position\":2,\"name\":\"Shop\",\"item\":\"https:\/\/loslobospremium.com\/shop\/\"},{\"@type\":\"ListItem\",\"position\":3,\"name\":\"Picual 1870\"}]},{\"@type\":\"WebSite\",\"@id\":\"https:\/\/loslobospremium.com\/de\/#website\",\"url\":\"https:\/\/loslobospremium.com\/de\/\",\"name\":\"Los Lobos\",\"description\":\"Premium Quality Olive Oil\",\"publisher\":{\"@id\":\"https:\/\/loslobospremium.com\/de\/#organization\"},\"potentialAction\":[{\"@type\":\"SearchAction\",\"target\":{\"@type\":\"EntryPoint\",\"urlTemplate\":\"https:\/\/loslobospremium.com\/de\/?s={search_term_string}\"},\"query-input\":\"required name=search_term_string\"}],\"inLanguage\":\"de\"},{\"@type\":\"Organization\",\"@id\":\"https:\/\/loslobospremium.com\/de\/#organization\",\"name\":\"Los Lobos Premium Olive Oil\",\"url\":\"https:\/\/loslobospremium.com\/de\/\",\"logo\":{\"@type\":\"ImageObject\",\"inLanguage\":\"de\",\"@id\":\"https:\/\/loslobospremium.com\/de\/#\/schema\/logo\/image\/\",\"url\":\"https:\/\/loslobospremium.com\/wp-content\/uploads\/2022\/11\/cropped-cropped-cropped-LOGO_LOS_LOBOS_V6-removebg-preview-1-e1667772859488.png\",\"contentUrl\":\"https:\/\/loslobospremium.com\/wp-content\/uploads\/2022\/11\/cropped-cropped-cropped-LOGO_LOS_LOBOS_V6-removebg-preview-1-e1667772859488.png\",\"width\":200,\"height\":159,\"caption\":\"Los Lobos Premium Olive Oil\"},\"image\":{\"@id\":\"https:\/\/loslobospremium.com\/de\/#\/schema\/logo\/image\/\"}}]}<\/script>\n<!-- \/ Yoast SEO plugin. -->","yoast_head_json":{"title":"Picual 1870 - Los Lobos","description":"Natives Oliven\u00f6l Extra Picual, das sorgf\u00e4ltig aus der ersten Ernte der Saison hergestellt wird, um Ihnen die h\u00f6chste Qualit\u00e4t und das authentischste Geschmackserlebnis zu bieten.","robots":{"index":"index","follow":"follow","max-snippet":"max-snippet:-1","max-image-preview":"max-image-preview:large","max-video-preview":"max-video-preview:-1"},"canonical":"https:\/\/loslobospremium.com\/de\/produkt\/picual-1870\/","og_locale":"de_DE","og_type":"article","og_title":"Picual 1870 - Los Lobos","og_description":"Natives Oliven\u00f6l Extra Picual, das sorgf\u00e4ltig aus der ersten Ernte der Saison hergestellt wird, um Ihnen die h\u00f6chste Qualit\u00e4t und das authentischste Geschmackserlebnis zu bieten.","og_url":"https:\/\/loslobospremium.com\/de\/produkt\/picual-1870\/","og_site_name":"Los Lobos","article_modified_time":"2025-12-25T04:34:34+00:00","og_image":[{"width":1920,"height":1920,"url":"https:\/\/loslobospremium.com\/wp-content\/uploads\/2020\/05\/PICUAL-1870-LOS-LOBOS.jpg","type":"image\/jpeg"}],"twitter_card":"summary_large_image","schema":{"@context":"https:\/\/schema.org","@graph":[{"@type":"WebPage","@id":"https:\/\/loslobospremium.com\/de\/produkt\/picual-1870\/","url":"https:\/\/loslobospremium.com\/de\/produkt\/picual-1870\/","name":"Picual 1870 - Los Lobos","isPartOf":{"@id":"https:\/\/loslobospremium.com\/de\/#website"},"datePublished":"2020-05-12T11:21:00+00:00","dateModified":"2025-12-25T04:34:34+00:00","description":"Natives Oliven\u00f6l Extra Picual, das sorgf\u00e4ltig aus der ersten Ernte der Saison hergestellt wird, um Ihnen die h\u00f6chste Qualit\u00e4t und das authentischste Geschmackserlebnis zu bieten.","breadcrumb":{"@id":"https:\/\/loslobospremium.com\/de\/produkt\/picual-1870\/#breadcrumb"},"inLanguage":"de","potentialAction":[{"@type":"ReadAction","target":["https:\/\/loslobospremium.com\/de\/produkt\/picual-1870\/"]}]},{"@type":"BreadcrumbList","@id":"https:\/\/loslobospremium.com\/de\/produkt\/picual-1870\/#breadcrumb","itemListElement":[{"@type":"ListItem","position":1,"name":"Home","item":"https:\/\/loslobospremium.com\/de\/"},{"@type":"ListItem","position":2,"name":"Shop","item":"https:\/\/loslobospremium.com\/shop\/"},{"@type":"ListItem","position":3,"name":"Picual 1870"}]},{"@type":"WebSite","@id":"https:\/\/loslobospremium.com\/de\/#website","url":"https:\/\/loslobospremium.com\/de\/","name":"Los Lobos","description":"Premium Quality Olive Oil","publisher":{"@id":"https:\/\/loslobospremium.com\/de\/#organization"},"potentialAction":[{"@type":"SearchAction","target":{"@type":"EntryPoint","urlTemplate":"https:\/\/loslobospremium.com\/de\/?s={search_term_string}"},"query-input":"required name=search_term_string"}],"inLanguage":"de"},{"@type":"Organization","@id":"https:\/\/loslobospremium.com\/de\/#organization","name":"Los Lobos Premium Olive Oil","url":"https:\/\/loslobospremium.com\/de\/","logo":{"@type":"ImageObject","inLanguage":"de","@id":"https:\/\/loslobospremium.com\/de\/#\/schema\/logo\/image\/","url":"https:\/\/loslobospremium.com\/wp-content\/uploads\/2022\/11\/cropped-cropped-cropped-LOGO_LOS_LOBOS_V6-removebg-preview-1-e1667772859488.png","contentUrl":"https:\/\/loslobospremium.com\/wp-content\/uploads\/2022\/11\/cropped-cropped-cropped-LOGO_LOS_LOBOS_V6-removebg-preview-1-e1667772859488.png","width":200,"height":159,"caption":"Los Lobos Premium Olive Oil"},"image":{"@id":"https:\/\/loslobospremium.com\/de\/#\/schema\/logo\/image\/"}}]}},"_links":{"self":[{"href":"https:\/\/loslobospremium.com\/de\/wp-json\/wp\/v2\/product\/21568","targetHints":{"allow":["GET"]}}],"collection":[{"href":"https:\/\/loslobospremium.com\/de\/wp-json\/wp\/v2\/product"}],"about":[{"href":"https:\/\/loslobospremium.com\/de\/wp-json\/wp\/v2\/types\/product"}],"replies":[{"embeddable":true,"href":"https:\/\/loslobospremium.com\/de\/wp-json\/wp\/v2\/comments?post=21568"}],"wp:featuredmedia":[{"embeddable":true,"href":"https:\/\/loslobospremium.com\/de\/wp-json\/wp\/v2\/media\/21309"}],"wp:attachment":[{"href":"https:\/\/loslobospremium.com\/de\/wp-json\/wp\/v2\/media?parent=21568"}],"wp:term":[{"taxonomy":"product_cat","embeddable":true,"href":"https:\/\/loslobospremium.com\/de\/wp-json\/wp\/v2\/product_cat?post=21568"},{"taxonomy":"product_tag","embeddable":true,"href":"https:\/\/loslobospremium.com\/de\/wp-json\/wp\/v2\/product_tag?post=21568"}],"curies":[{"name":"wp","href":"https:\/\/api.w.org\/{rel}","templated":true}]}}