{"id":21566,"date":"2020-05-12T12:19:47","date_gmt":"2020-05-12T11:19:47","guid":{"rendered":"https:\/\/loslobospremium.com\/product\/arbequina-1907\/"},"modified":"2025-11-07T04:37:25","modified_gmt":"2025-11-07T03:37:25","slug":"arbequina-1907","status":"publish","type":"product","link":"https:\/\/loslobospremium.com\/de\/produkt\/arbequina-1907\/","title":{"rendered":"Arbequina 1907"},"content":{"rendered":"<p>Unser Arbequina EVOO zeichnet sich durch ein<strong> mildes und delikates Geschmacksprofil<\/strong> aus, mit Noten von reifem Apfel, Mandel und einem leicht s\u00fc\u00dfen Abgang. Er ist die perfekte Erg\u00e4nzung zu Salaten, Nudelgerichten, gegrilltem Gem\u00fcse und Meeresfr\u00fcchten und bringt <strong>einen Hauch von Raffinesse <\/strong>in jede Mahlzeit. Au\u00dferdem enth\u00e4lt es viele gesunde einfach unges\u00e4ttigte Fetts\u00e4uren und Antioxidantien, was es zu einer nahrhaften und geschmackvollen Wahl f\u00fcr gesundheitsbewusste Verbraucher macht.<\/p>\n","protected":false},"excerpt":{"rendered":"<p>Wir stellen Ihnen unser exquisites <strong>Natives Oliven\u00f6l Extra Arbequina<\/strong> vor, das aus der <strong>ersten Ernte der Saison<\/strong> hergestellt wird, um Ihnen den reinsten und authentischsten Geschmack zu bieten. Unsere 500-ml-Flasche ist mit den feinsten Arbequina-Oliven gef\u00fcllt, die sorgf\u00e4ltig von Hand gepfl\u00fcckt und <strong>kalt gepresst werden<\/strong>, um ihre delikaten <strong>fruchtigen Noten<\/strong> zu erhalten.<\/p>\n<p>Erleben Sie noch heute die unvergleichliche <strong>Qualit\u00e4t<\/strong> und den Geschmack unseres nativen Oliven\u00f6ls extra von Arbequina, und bringen Sie Ihre <strong>kulinarischen Kreationen<\/strong> auf ein neues Niveau.<\/p>\n","protected":false},"featured_media":21318,"comment_status":"open","ping_status":"closed","template":"","meta":[],"product_cat":[234,233],"product_tag":[],"class_list":{"0":"post-21566","1":"product","2":"type-product","3":"status-publish","4":"has-post-thumbnail","6":"product_cat-beste-evoos","7":"product_cat-fruhe-ernte","9":"first","10":"outofstock","11":"shipping-taxable","12":"purchasable","13":"product-type-simple"},"yoast_head":"<!-- This site is optimized with the Yoast SEO plugin v21.7 - https:\/\/yoast.com\/wordpress\/plugins\/seo\/ -->\n<title>Arbequina 1907 - Los Lobos<\/title>\n<meta name=\"description\" content=\"Erleben Sie die au\u00dfergew\u00f6hnliche Qualit\u00e4t und den delikaten Geschmack unseres Arbequina EVOO aus erster Ernte. Dieses \u00d6l wird aus handverlesenen Oliven hergestellt und eignet sich hervorragend zum Verfeinern von Gerichten aller Art.\" \/>\n<meta name=\"robots\" content=\"index, follow, max-snippet:-1, max-image-preview:large, max-video-preview:-1\" \/>\n<link rel=\"canonical\" href=\"https:\/\/loslobospremium.com\/de\/produkt\/arbequina-1907\/\" \/>\n<meta property=\"og:locale\" content=\"de_DE\" \/>\n<meta property=\"og:type\" content=\"article\" \/>\n<meta property=\"og:title\" content=\"Arbequina 1907 - Los Lobos\" \/>\n<meta property=\"og:description\" content=\"Erleben Sie die au\u00dfergew\u00f6hnliche Qualit\u00e4t und den delikaten Geschmack unseres Arbequina EVOO aus erster Ernte. Dieses \u00d6l wird aus handverlesenen Oliven hergestellt und eignet sich hervorragend zum Verfeinern von Gerichten aller Art.\" \/>\n<meta property=\"og:url\" content=\"https:\/\/loslobospremium.com\/de\/produkt\/arbequina-1907\/\" \/>\n<meta property=\"og:site_name\" content=\"Los Lobos\" \/>\n<meta property=\"article:modified_time\" content=\"2025-11-07T03:37:25+00:00\" \/>\n<meta property=\"og:image\" content=\"https:\/\/loslobospremium.com\/wp-content\/uploads\/2020\/05\/ARBEQUINA-1907.jpg\" \/>\n\t<meta property=\"og:image:width\" content=\"1920\" \/>\n\t<meta property=\"og:image:height\" content=\"1920\" \/>\n\t<meta property=\"og:image:type\" content=\"image\/jpeg\" \/>\n<meta name=\"twitter:card\" content=\"summary_large_image\" \/>\n<script type=\"application\/ld+json\" class=\"yoast-schema-graph\">{\"@context\":\"https:\/\/schema.org\",\"@graph\":[{\"@type\":\"WebPage\",\"@id\":\"https:\/\/loslobospremium.com\/de\/produkt\/arbequina-1907\/\",\"url\":\"https:\/\/loslobospremium.com\/de\/produkt\/arbequina-1907\/\",\"name\":\"Arbequina 1907 - Los Lobos\",\"isPartOf\":{\"@id\":\"https:\/\/loslobospremium.com\/de\/#website\"},\"datePublished\":\"2020-05-12T11:19:47+00:00\",\"dateModified\":\"2025-11-07T03:37:25+00:00\",\"description\":\"Erleben Sie die au\u00dfergew\u00f6hnliche Qualit\u00e4t und den delikaten Geschmack unseres Arbequina EVOO aus erster Ernte. Dieses \u00d6l wird aus handverlesenen Oliven hergestellt und eignet sich hervorragend zum Verfeinern von Gerichten aller Art.\",\"breadcrumb\":{\"@id\":\"https:\/\/loslobospremium.com\/de\/produkt\/arbequina-1907\/#breadcrumb\"},\"inLanguage\":\"de\",\"potentialAction\":[{\"@type\":\"ReadAction\",\"target\":[\"https:\/\/loslobospremium.com\/de\/produkt\/arbequina-1907\/\"]}]},{\"@type\":\"BreadcrumbList\",\"@id\":\"https:\/\/loslobospremium.com\/de\/produkt\/arbequina-1907\/#breadcrumb\",\"itemListElement\":[{\"@type\":\"ListItem\",\"position\":1,\"name\":\"Home\",\"item\":\"https:\/\/loslobospremium.com\/de\/\"},{\"@type\":\"ListItem\",\"position\":2,\"name\":\"Shop\",\"item\":\"https:\/\/loslobospremium.com\/shop\/\"},{\"@type\":\"ListItem\",\"position\":3,\"name\":\"Arbequina 1907\"}]},{\"@type\":\"WebSite\",\"@id\":\"https:\/\/loslobospremium.com\/de\/#website\",\"url\":\"https:\/\/loslobospremium.com\/de\/\",\"name\":\"Los Lobos\",\"description\":\"Premium Quality Olive Oil\",\"publisher\":{\"@id\":\"https:\/\/loslobospremium.com\/de\/#organization\"},\"potentialAction\":[{\"@type\":\"SearchAction\",\"target\":{\"@type\":\"EntryPoint\",\"urlTemplate\":\"https:\/\/loslobospremium.com\/de\/?s={search_term_string}\"},\"query-input\":\"required name=search_term_string\"}],\"inLanguage\":\"de\"},{\"@type\":\"Organization\",\"@id\":\"https:\/\/loslobospremium.com\/de\/#organization\",\"name\":\"Los Lobos Premium Olive Oil\",\"url\":\"https:\/\/loslobospremium.com\/de\/\",\"logo\":{\"@type\":\"ImageObject\",\"inLanguage\":\"de\",\"@id\":\"https:\/\/loslobospremium.com\/de\/#\/schema\/logo\/image\/\",\"url\":\"https:\/\/loslobospremium.com\/wp-content\/uploads\/2022\/11\/cropped-cropped-cropped-LOGO_LOS_LOBOS_V6-removebg-preview-1-e1667772859488.png\",\"contentUrl\":\"https:\/\/loslobospremium.com\/wp-content\/uploads\/2022\/11\/cropped-cropped-cropped-LOGO_LOS_LOBOS_V6-removebg-preview-1-e1667772859488.png\",\"width\":200,\"height\":159,\"caption\":\"Los Lobos Premium Olive Oil\"},\"image\":{\"@id\":\"https:\/\/loslobospremium.com\/de\/#\/schema\/logo\/image\/\"}}]}<\/script>\n<!-- \/ Yoast SEO plugin. -->","yoast_head_json":{"title":"Arbequina 1907 - Los Lobos","description":"Erleben Sie die au\u00dfergew\u00f6hnliche Qualit\u00e4t und den delikaten Geschmack unseres Arbequina EVOO aus erster Ernte. Dieses \u00d6l wird aus handverlesenen Oliven hergestellt und eignet sich hervorragend zum Verfeinern von Gerichten aller Art.","robots":{"index":"index","follow":"follow","max-snippet":"max-snippet:-1","max-image-preview":"max-image-preview:large","max-video-preview":"max-video-preview:-1"},"canonical":"https:\/\/loslobospremium.com\/de\/produkt\/arbequina-1907\/","og_locale":"de_DE","og_type":"article","og_title":"Arbequina 1907 - Los Lobos","og_description":"Erleben Sie die au\u00dfergew\u00f6hnliche Qualit\u00e4t und den delikaten Geschmack unseres Arbequina EVOO aus erster Ernte. Dieses \u00d6l wird aus handverlesenen Oliven hergestellt und eignet sich hervorragend zum Verfeinern von Gerichten aller Art.","og_url":"https:\/\/loslobospremium.com\/de\/produkt\/arbequina-1907\/","og_site_name":"Los Lobos","article_modified_time":"2025-11-07T03:37:25+00:00","og_image":[{"width":1920,"height":1920,"url":"https:\/\/loslobospremium.com\/wp-content\/uploads\/2020\/05\/ARBEQUINA-1907.jpg","type":"image\/jpeg"}],"twitter_card":"summary_large_image","schema":{"@context":"https:\/\/schema.org","@graph":[{"@type":"WebPage","@id":"https:\/\/loslobospremium.com\/de\/produkt\/arbequina-1907\/","url":"https:\/\/loslobospremium.com\/de\/produkt\/arbequina-1907\/","name":"Arbequina 1907 - Los Lobos","isPartOf":{"@id":"https:\/\/loslobospremium.com\/de\/#website"},"datePublished":"2020-05-12T11:19:47+00:00","dateModified":"2025-11-07T03:37:25+00:00","description":"Erleben Sie die au\u00dfergew\u00f6hnliche Qualit\u00e4t und den delikaten Geschmack unseres Arbequina EVOO aus erster Ernte. Dieses \u00d6l wird aus handverlesenen Oliven hergestellt und eignet sich hervorragend zum Verfeinern von Gerichten aller Art.","breadcrumb":{"@id":"https:\/\/loslobospremium.com\/de\/produkt\/arbequina-1907\/#breadcrumb"},"inLanguage":"de","potentialAction":[{"@type":"ReadAction","target":["https:\/\/loslobospremium.com\/de\/produkt\/arbequina-1907\/"]}]},{"@type":"BreadcrumbList","@id":"https:\/\/loslobospremium.com\/de\/produkt\/arbequina-1907\/#breadcrumb","itemListElement":[{"@type":"ListItem","position":1,"name":"Home","item":"https:\/\/loslobospremium.com\/de\/"},{"@type":"ListItem","position":2,"name":"Shop","item":"https:\/\/loslobospremium.com\/shop\/"},{"@type":"ListItem","position":3,"name":"Arbequina 1907"}]},{"@type":"WebSite","@id":"https:\/\/loslobospremium.com\/de\/#website","url":"https:\/\/loslobospremium.com\/de\/","name":"Los Lobos","description":"Premium Quality Olive Oil","publisher":{"@id":"https:\/\/loslobospremium.com\/de\/#organization"},"potentialAction":[{"@type":"SearchAction","target":{"@type":"EntryPoint","urlTemplate":"https:\/\/loslobospremium.com\/de\/?s={search_term_string}"},"query-input":"required name=search_term_string"}],"inLanguage":"de"},{"@type":"Organization","@id":"https:\/\/loslobospremium.com\/de\/#organization","name":"Los Lobos Premium Olive Oil","url":"https:\/\/loslobospremium.com\/de\/","logo":{"@type":"ImageObject","inLanguage":"de","@id":"https:\/\/loslobospremium.com\/de\/#\/schema\/logo\/image\/","url":"https:\/\/loslobospremium.com\/wp-content\/uploads\/2022\/11\/cropped-cropped-cropped-LOGO_LOS_LOBOS_V6-removebg-preview-1-e1667772859488.png","contentUrl":"https:\/\/loslobospremium.com\/wp-content\/uploads\/2022\/11\/cropped-cropped-cropped-LOGO_LOS_LOBOS_V6-removebg-preview-1-e1667772859488.png","width":200,"height":159,"caption":"Los Lobos Premium Olive Oil"},"image":{"@id":"https:\/\/loslobospremium.com\/de\/#\/schema\/logo\/image\/"}}]}},"_links":{"self":[{"href":"https:\/\/loslobospremium.com\/de\/wp-json\/wp\/v2\/product\/21566","targetHints":{"allow":["GET"]}}],"collection":[{"href":"https:\/\/loslobospremium.com\/de\/wp-json\/wp\/v2\/product"}],"about":[{"href":"https:\/\/loslobospremium.com\/de\/wp-json\/wp\/v2\/types\/product"}],"replies":[{"embeddable":true,"href":"https:\/\/loslobospremium.com\/de\/wp-json\/wp\/v2\/comments?post=21566"}],"wp:featuredmedia":[{"embeddable":true,"href":"https:\/\/loslobospremium.com\/de\/wp-json\/wp\/v2\/media\/21318"}],"wp:attachment":[{"href":"https:\/\/loslobospremium.com\/de\/wp-json\/wp\/v2\/media?parent=21566"}],"wp:term":[{"taxonomy":"product_cat","embeddable":true,"href":"https:\/\/loslobospremium.com\/de\/wp-json\/wp\/v2\/product_cat?post=21566"},{"taxonomy":"product_tag","embeddable":true,"href":"https:\/\/loslobospremium.com\/de\/wp-json\/wp\/v2\/product_tag?post=21566"}],"curies":[{"name":"wp","href":"https:\/\/api.w.org\/{rel}","templated":true}]}}