{"id":21563,"date":"2023-03-02T13:21:22","date_gmt":"2023-03-02T12:21:22","guid":{"rendered":"https:\/\/loslobospremium.com\/product\/schwarzer-trueffel-evoo\/"},"modified":"2025-12-25T05:34:14","modified_gmt":"2025-12-25T04:34:14","slug":"schwarz-truffel-evoo","status":"publish","type":"product","link":"https:\/\/loslobospremium.com\/de\/produkt\/schwarz-truffel-evoo\/","title":{"rendered":"SCHWARZER TR\u00dcFFEL-EVOO"},"content":{"rendered":"<p>Genie\u00dfen Sie den exquisiten Geschmack unseres<strong> Nativen Oliven\u00f6ls Extra Schwarztr\u00fcffel<\/strong>, einer einzigartigen Mischung aus hochwertigem Oliven\u00f6l und aromatischen schwarzen Tr\u00fcffeln. Unsere 250-ml-Flasche ist mit feinstem, kaltgepresstem Oliven\u00f6l gef\u00fcllt, das mit dem <strong>intensiven Aroma<\/strong> und Geschmack schwarzer Tr\u00fcffel versetzt ist und ein reichhaltiges und dekadentes Geschmackserlebnis bietet.<\/p>\n<p>Erleben Sie den <strong>unwiderstehlichen Geschmack<\/strong> unseres nativen Oliven\u00f6ls extra mit schwarzem Tr\u00fcffel und bringen Sie Ihre kulinarischen Kreationen auf ein ganz neues Niveau.<\/p>\n","protected":false},"excerpt":{"rendered":"<p>Unser Black Truffle EVOO eignet sich hervorragend zum <strong>Betr\u00e4ufeln von<\/strong> Nudelgerichten, gegrilltem Fleisch und gebratenem Gem\u00fcse oder als Dip f\u00fcr knuspriges Brot. Er verleiht jeder Mahlzeit <strong>einen Hauch von Luxus<\/strong> und hebt den Geschmack auf ein neues Niveau. Au\u00dferdem ist er reich an gesunden einfach unges\u00e4ttigten Fetten und Antioxidantien, was ihn zu einer nahrhaften und <strong>k\u00f6stlichen<\/strong> Wahl f\u00fcr gesundheitsbewusste Verbraucher macht.<\/p>\n","protected":false},"featured_media":21448,"comment_status":"open","ping_status":"closed","template":"","meta":[],"product_cat":[227],"product_tag":[],"class_list":{"0":"post-21563","1":"product","2":"type-product","3":"status-publish","4":"has-post-thumbnail","6":"product_cat-uncategorized-de","8":"first","9":"outofstock","10":"shipping-taxable","11":"purchasable","12":"product-type-simple"},"yoast_head":"<!-- This site is optimized with the Yoast SEO plugin v21.7 - https:\/\/yoast.com\/wordpress\/plugins\/seo\/ -->\n<title>SCHWARZER TR\u00dcFFEL-EVOO - Los Lobos<\/title>\n<meta name=\"description\" content=\"Erleben Sie den genussvollen Geschmack unseres Black Truffle EVOO, das mit hochwertigem Oliven\u00f6l und aromatischen schwarzen Tr\u00fcffeln versetzt ist. Perfekt, um jede Mahlzeit mit Luxus zu bereichern\" \/>\n<meta name=\"robots\" content=\"index, follow, max-snippet:-1, max-image-preview:large, max-video-preview:-1\" \/>\n<link rel=\"canonical\" href=\"https:\/\/loslobospremium.com\/de\/produkt\/schwarz-truffel-evoo\/\" \/>\n<meta property=\"og:locale\" content=\"de_DE\" \/>\n<meta property=\"og:type\" content=\"article\" \/>\n<meta property=\"og:title\" content=\"SCHWARZER TR\u00dcFFEL-EVOO - Los Lobos\" \/>\n<meta property=\"og:description\" content=\"Erleben Sie den genussvollen Geschmack unseres Black Truffle EVOO, das mit hochwertigem Oliven\u00f6l und aromatischen schwarzen Tr\u00fcffeln versetzt ist. Perfekt, um jede Mahlzeit mit Luxus zu bereichern\" \/>\n<meta property=\"og:url\" content=\"https:\/\/loslobospremium.com\/de\/produkt\/schwarz-truffel-evoo\/\" \/>\n<meta property=\"og:site_name\" content=\"Los Lobos\" \/>\n<meta property=\"article:modified_time\" content=\"2025-12-25T04:34:14+00:00\" \/>\n<meta property=\"og:image\" content=\"https:\/\/loslobospremium.com\/wp-content\/uploads\/2023\/03\/LOS-LOBOS-BLACK-TRUFFLE-EVOO-OLIVE-OIL.jpg\" \/>\n\t<meta property=\"og:image:width\" content=\"1920\" \/>\n\t<meta property=\"og:image:height\" content=\"1920\" \/>\n\t<meta property=\"og:image:type\" content=\"image\/jpeg\" \/>\n<meta name=\"twitter:card\" content=\"summary_large_image\" \/>\n<script type=\"application\/ld+json\" class=\"yoast-schema-graph\">{\"@context\":\"https:\/\/schema.org\",\"@graph\":[{\"@type\":\"WebPage\",\"@id\":\"https:\/\/loslobospremium.com\/de\/produkt\/schwarz-truffel-evoo\/\",\"url\":\"https:\/\/loslobospremium.com\/de\/produkt\/schwarz-truffel-evoo\/\",\"name\":\"SCHWARZER TR\u00dcFFEL-EVOO - Los Lobos\",\"isPartOf\":{\"@id\":\"https:\/\/loslobospremium.com\/de\/#website\"},\"datePublished\":\"2023-03-02T12:21:22+00:00\",\"dateModified\":\"2025-12-25T04:34:14+00:00\",\"description\":\"Erleben Sie den genussvollen Geschmack unseres Black Truffle EVOO, das mit hochwertigem Oliven\u00f6l und aromatischen schwarzen Tr\u00fcffeln versetzt ist. Perfekt, um jede Mahlzeit mit Luxus zu bereichern\",\"breadcrumb\":{\"@id\":\"https:\/\/loslobospremium.com\/de\/produkt\/schwarz-truffel-evoo\/#breadcrumb\"},\"inLanguage\":\"de\",\"potentialAction\":[{\"@type\":\"ReadAction\",\"target\":[\"https:\/\/loslobospremium.com\/de\/produkt\/schwarz-truffel-evoo\/\"]}]},{\"@type\":\"BreadcrumbList\",\"@id\":\"https:\/\/loslobospremium.com\/de\/produkt\/schwarz-truffel-evoo\/#breadcrumb\",\"itemListElement\":[{\"@type\":\"ListItem\",\"position\":1,\"name\":\"Home\",\"item\":\"https:\/\/loslobospremium.com\/de\/\"},{\"@type\":\"ListItem\",\"position\":2,\"name\":\"Shop\",\"item\":\"https:\/\/loslobospremium.com\/shop\/\"},{\"@type\":\"ListItem\",\"position\":3,\"name\":\"SCHWARZER TR\u00dcFFEL-EVOO\"}]},{\"@type\":\"WebSite\",\"@id\":\"https:\/\/loslobospremium.com\/de\/#website\",\"url\":\"https:\/\/loslobospremium.com\/de\/\",\"name\":\"Los Lobos\",\"description\":\"Premium Quality Olive Oil\",\"publisher\":{\"@id\":\"https:\/\/loslobospremium.com\/de\/#organization\"},\"potentialAction\":[{\"@type\":\"SearchAction\",\"target\":{\"@type\":\"EntryPoint\",\"urlTemplate\":\"https:\/\/loslobospremium.com\/de\/?s={search_term_string}\"},\"query-input\":\"required name=search_term_string\"}],\"inLanguage\":\"de\"},{\"@type\":\"Organization\",\"@id\":\"https:\/\/loslobospremium.com\/de\/#organization\",\"name\":\"Los Lobos Premium Olive Oil\",\"url\":\"https:\/\/loslobospremium.com\/de\/\",\"logo\":{\"@type\":\"ImageObject\",\"inLanguage\":\"de\",\"@id\":\"https:\/\/loslobospremium.com\/de\/#\/schema\/logo\/image\/\",\"url\":\"https:\/\/loslobospremium.com\/wp-content\/uploads\/2022\/11\/cropped-cropped-cropped-LOGO_LOS_LOBOS_V6-removebg-preview-1-e1667772859488.png\",\"contentUrl\":\"https:\/\/loslobospremium.com\/wp-content\/uploads\/2022\/11\/cropped-cropped-cropped-LOGO_LOS_LOBOS_V6-removebg-preview-1-e1667772859488.png\",\"width\":200,\"height\":159,\"caption\":\"Los Lobos Premium Olive Oil\"},\"image\":{\"@id\":\"https:\/\/loslobospremium.com\/de\/#\/schema\/logo\/image\/\"}}]}<\/script>\n<!-- \/ Yoast SEO plugin. -->","yoast_head_json":{"title":"SCHWARZER TR\u00dcFFEL-EVOO - Los Lobos","description":"Erleben Sie den genussvollen Geschmack unseres Black Truffle EVOO, das mit hochwertigem Oliven\u00f6l und aromatischen schwarzen Tr\u00fcffeln versetzt ist. Perfekt, um jede Mahlzeit mit Luxus zu bereichern","robots":{"index":"index","follow":"follow","max-snippet":"max-snippet:-1","max-image-preview":"max-image-preview:large","max-video-preview":"max-video-preview:-1"},"canonical":"https:\/\/loslobospremium.com\/de\/produkt\/schwarz-truffel-evoo\/","og_locale":"de_DE","og_type":"article","og_title":"SCHWARZER TR\u00dcFFEL-EVOO - Los Lobos","og_description":"Erleben Sie den genussvollen Geschmack unseres Black Truffle EVOO, das mit hochwertigem Oliven\u00f6l und aromatischen schwarzen Tr\u00fcffeln versetzt ist. Perfekt, um jede Mahlzeit mit Luxus zu bereichern","og_url":"https:\/\/loslobospremium.com\/de\/produkt\/schwarz-truffel-evoo\/","og_site_name":"Los Lobos","article_modified_time":"2025-12-25T04:34:14+00:00","og_image":[{"width":1920,"height":1920,"url":"https:\/\/loslobospremium.com\/wp-content\/uploads\/2023\/03\/LOS-LOBOS-BLACK-TRUFFLE-EVOO-OLIVE-OIL.jpg","type":"image\/jpeg"}],"twitter_card":"summary_large_image","schema":{"@context":"https:\/\/schema.org","@graph":[{"@type":"WebPage","@id":"https:\/\/loslobospremium.com\/de\/produkt\/schwarz-truffel-evoo\/","url":"https:\/\/loslobospremium.com\/de\/produkt\/schwarz-truffel-evoo\/","name":"SCHWARZER TR\u00dcFFEL-EVOO - Los Lobos","isPartOf":{"@id":"https:\/\/loslobospremium.com\/de\/#website"},"datePublished":"2023-03-02T12:21:22+00:00","dateModified":"2025-12-25T04:34:14+00:00","description":"Erleben Sie den genussvollen Geschmack unseres Black Truffle EVOO, das mit hochwertigem Oliven\u00f6l und aromatischen schwarzen Tr\u00fcffeln versetzt ist. Perfekt, um jede Mahlzeit mit Luxus zu bereichern","breadcrumb":{"@id":"https:\/\/loslobospremium.com\/de\/produkt\/schwarz-truffel-evoo\/#breadcrumb"},"inLanguage":"de","potentialAction":[{"@type":"ReadAction","target":["https:\/\/loslobospremium.com\/de\/produkt\/schwarz-truffel-evoo\/"]}]},{"@type":"BreadcrumbList","@id":"https:\/\/loslobospremium.com\/de\/produkt\/schwarz-truffel-evoo\/#breadcrumb","itemListElement":[{"@type":"ListItem","position":1,"name":"Home","item":"https:\/\/loslobospremium.com\/de\/"},{"@type":"ListItem","position":2,"name":"Shop","item":"https:\/\/loslobospremium.com\/shop\/"},{"@type":"ListItem","position":3,"name":"SCHWARZER TR\u00dcFFEL-EVOO"}]},{"@type":"WebSite","@id":"https:\/\/loslobospremium.com\/de\/#website","url":"https:\/\/loslobospremium.com\/de\/","name":"Los Lobos","description":"Premium Quality Olive Oil","publisher":{"@id":"https:\/\/loslobospremium.com\/de\/#organization"},"potentialAction":[{"@type":"SearchAction","target":{"@type":"EntryPoint","urlTemplate":"https:\/\/loslobospremium.com\/de\/?s={search_term_string}"},"query-input":"required name=search_term_string"}],"inLanguage":"de"},{"@type":"Organization","@id":"https:\/\/loslobospremium.com\/de\/#organization","name":"Los Lobos Premium Olive Oil","url":"https:\/\/loslobospremium.com\/de\/","logo":{"@type":"ImageObject","inLanguage":"de","@id":"https:\/\/loslobospremium.com\/de\/#\/schema\/logo\/image\/","url":"https:\/\/loslobospremium.com\/wp-content\/uploads\/2022\/11\/cropped-cropped-cropped-LOGO_LOS_LOBOS_V6-removebg-preview-1-e1667772859488.png","contentUrl":"https:\/\/loslobospremium.com\/wp-content\/uploads\/2022\/11\/cropped-cropped-cropped-LOGO_LOS_LOBOS_V6-removebg-preview-1-e1667772859488.png","width":200,"height":159,"caption":"Los Lobos Premium Olive Oil"},"image":{"@id":"https:\/\/loslobospremium.com\/de\/#\/schema\/logo\/image\/"}}]}},"_links":{"self":[{"href":"https:\/\/loslobospremium.com\/de\/wp-json\/wp\/v2\/product\/21563","targetHints":{"allow":["GET"]}}],"collection":[{"href":"https:\/\/loslobospremium.com\/de\/wp-json\/wp\/v2\/product"}],"about":[{"href":"https:\/\/loslobospremium.com\/de\/wp-json\/wp\/v2\/types\/product"}],"replies":[{"embeddable":true,"href":"https:\/\/loslobospremium.com\/de\/wp-json\/wp\/v2\/comments?post=21563"}],"wp:featuredmedia":[{"embeddable":true,"href":"https:\/\/loslobospremium.com\/de\/wp-json\/wp\/v2\/media\/21448"}],"wp:attachment":[{"href":"https:\/\/loslobospremium.com\/de\/wp-json\/wp\/v2\/media?parent=21563"}],"wp:term":[{"taxonomy":"product_cat","embeddable":true,"href":"https:\/\/loslobospremium.com\/de\/wp-json\/wp\/v2\/product_cat?post=21563"},{"taxonomy":"product_tag","embeddable":true,"href":"https:\/\/loslobospremium.com\/de\/wp-json\/wp\/v2\/product_tag?post=21563"}],"curies":[{"name":"wp","href":"https:\/\/api.w.org\/{rel}","templated":true}]}}